{"id":7744,"date":"2022-07-20T17:03:49","date_gmt":"2022-07-20T16:03:49","guid":{"rendered":"https:\/\/www.institutocefer.com\/il-lato-umano\/"},"modified":"2023-02-09T12:26:02","modified_gmt":"2023-02-09T11:26:02","slug":"il-lato-umano","status":"publish","type":"page","link":"https:\/\/www.institutocefer.com\/it\/il-lato-umano\/","title":{"rendered":"Il lato umano"},"content":{"rendered":"\t\t<div data-elementor-type=\"wp-page\" data-elementor-id=\"7744\" class=\"elementor elementor-7744 elementor-4801\" data-elementor-post-type=\"page\">\n\t\t\t\t\t\t\t\t\t<section class=\"elementor-section elementor-top-section elementor-element elementor-element-27598f10 cols-70-30 elementor-section-boxed elementor-section-height-default elementor-section-height-default\" data-id=\"27598f10\" data-element_type=\"section\">\n\t\t\t\t\t\t<div class=\"elementor-container elementor-column-gap-default\">\n\t\t\t\t\t<div class=\"elementor-column elementor-col-66 elementor-top-column elementor-element elementor-element-f222288\" data-id=\"f222288\" data-element_type=\"column\">\n\t\t\t<div class=\"elementor-widget-wrap elementor-element-populated\">\n\t\t\t\t\t\t\t\t<div class=\"elementor-element elementor-element-625d8f9 elementor-widget elementor-widget-heading\" data-id=\"625d8f9\" data-element_type=\"widget\" data-widget_type=\"heading.default\">\n\t\t\t\t<div class=\"elementor-widget-container\">\n\t\t\t<style>\/*! elementor - v3.14.0 - 26-06-2023 *\/\n.elementor-heading-title{padding:0;margin:0;line-height:1}.elementor-widget-heading .elementor-heading-title[class*=elementor-size-]>a{color:inherit;font-size:inherit;line-height:inherit}.elementor-widget-heading .elementor-heading-title.elementor-size-small{font-size:15px}.elementor-widget-heading .elementor-heading-title.elementor-size-medium{font-size:19px}.elementor-widget-heading .elementor-heading-title.elementor-size-large{font-size:29px}.elementor-widget-heading .elementor-heading-title.elementor-size-xl{font-size:39px}.elementor-widget-heading .elementor-heading-title.elementor-size-xxl{font-size:59px}<\/style><h1 class=\"elementor-heading-title elementor-size-default\"> Il lato umano della procreazione medicalmente assistita<\/h1>\t\t<\/div>\n\t\t\t\t<\/div>\n\t\t\t\t<div class=\"elementor-element elementor-element-cfc3138 elementor-widget elementor-widget-heading\" data-id=\"cfc3138\" data-element_type=\"widget\" data-widget_type=\"heading.default\">\n\t\t\t\t<div class=\"elementor-widget-container\">\n\t\t\t<h2 class=\"elementor-heading-title elementor-size-default\">In Cefer conosciamo il modo migliore per eseguire un trattamento di procreazione assistita.<\/h2>\t\t<\/div>\n\t\t\t\t<\/div>\n\t\t\t\t<div class=\"elementor-element elementor-element-b32bdac elementor-widget elementor-widget-text-editor\" data-id=\"b32bdac\" data-element_type=\"widget\" data-widget_type=\"text-editor.default\">\n\t\t\t\t<div class=\"elementor-widget-container\">\n\t\t\t<style>\/*! elementor - v3.14.0 - 26-06-2023 *\/\n.elementor-widget-text-editor.elementor-drop-cap-view-stacked .elementor-drop-cap{background-color:#69727d;color:#fff}.elementor-widget-text-editor.elementor-drop-cap-view-framed .elementor-drop-cap{color:#69727d;border:3px solid;background-color:transparent}.elementor-widget-text-editor:not(.elementor-drop-cap-view-default) .elementor-drop-cap{margin-top:8px}.elementor-widget-text-editor:not(.elementor-drop-cap-view-default) .elementor-drop-cap-letter{width:1em;height:1em}.elementor-widget-text-editor .elementor-drop-cap{float:left;text-align:center;line-height:1;font-size:50px}.elementor-widget-text-editor .elementor-drop-cap-letter{display:inline-block}<\/style>\t\t\t\t<p>Poich\u00e9 siamo stati pionieri nel mondo della procreazione assistita sin dalla nostra fondazione nel 1977, sappiamo come valorizzare il lato umano delle cose.<\/p>\n\t\t\t\t\t\t<\/div>\n\t\t\t\t<\/div>\n\t\t\t\t<div class=\"elementor-element elementor-element-6c82d2b elementor-widget elementor-widget-text-editor\" data-id=\"6c82d2b\" data-element_type=\"widget\" data-widget_type=\"text-editor.default\">\n\t\t\t\t<div class=\"elementor-widget-container\">\n\t\t\t\t\t\t\t<p>In Cefer ci sforziamo di prenderci cura di tutti i dettagli, oltre a offrire un trattamento squisito e informando ognuna delle opzioni di riproduzione assistita che mettiamo a tua disposizione. Affinch\u00e9 tu possa scegliere quello pi\u00f9 adatto a te. Perch\u00e9 ti pensiamo.<\/p>\n<p>Grazie alla nostra vasta esperienza e alla lunga storia, in cui abbiamo aiutato pi\u00f9 di 100.000 coppie a realizzare i loro sogni, sappiamo che la cosa pi\u00f9 importante del trattamento di riproduzione assistita \u00e8 il calore umano e l&#8217;attenzione vicina e affidabile.<\/p>\n<p><strong>Perch\u00e9 al Cefer Reproduction Institute, siamo al tuo fianco.<\/strong><\/p>\n\t\t\t\t\t\t<\/div>\n\t\t\t\t<\/div>\n\t\t\t\t<div class=\"elementor-element elementor-element-f8557b0 elementor-align-left lista-bullets elementor-icon-list--layout-traditional elementor-list-item-link-full_width elementor-widget elementor-widget-icon-list\" data-id=\"f8557b0\" data-element_type=\"widget\" data-widget_type=\"icon-list.default\">\n\t\t\t\t<div class=\"elementor-widget-container\">\n\t\t\t<link rel=\"stylesheet\" href=\"https:\/\/www.institutocefer.com\/wp-content\/plugins\/elementor\/assets\/css\/widget-icon-list.min.css\">\t\t<ul class=\"elementor-icon-list-items\">\n\t\t\t\t\t\t\t<li class=\"elementor-icon-list-item\">\n\t\t\t\t\t\t\t\t\t\t\t<a href=\"https:\/\/www.institutocefer.com\/it\/attenzione-personalizzata\/\">\n\n\t\t\t\t\t\t\t\t\t\t\t\t<span class=\"elementor-icon-list-icon\">\n\t\t\t\t\t\t\t<i aria-hidden=\"true\" class=\"fas fa-dot-circle\"><\/i>\t\t\t\t\t\t<\/span>\n\t\t\t\t\t\t\t\t\t\t<span class=\"elementor-icon-list-text\">Attenzione personalizzata<\/span>\n\t\t\t\t\t\t\t\t\t\t\t<\/a>\n\t\t\t\t\t\t\t\t\t<\/li>\n\t\t\t\t\t\t\t\t<li class=\"elementor-icon-list-item\">\n\t\t\t\t\t\t\t\t\t\t\t<a href=\"https:\/\/www.institutocefer.com\/preguntas-frecuentes\/\">\n\n\t\t\t\t\t\t\t\t\t\t\t\t<span class=\"elementor-icon-list-icon\">\n\t\t\t\t\t\t\t<i aria-hidden=\"true\" class=\"fas fa-dot-circle\"><\/i>\t\t\t\t\t\t<\/span>\n\t\t\t\t\t\t\t\t\t\t<span class=\"elementor-icon-list-text\">Domande frequenti<\/span>\n\t\t\t\t\t\t\t\t\t\t\t<\/a>\n\t\t\t\t\t\t\t\t\t<\/li>\n\t\t\t\t\t\t<\/ul>\n\t\t\t\t<\/div>\n\t\t\t\t<\/div>\n\t\t\t\t\t<\/div>\n\t\t<\/div>\n\t\t\t\t<div class=\"elementor-column elementor-col-33 elementor-top-column elementor-element elementor-element-7efd6b3f\" data-id=\"7efd6b3f\" data-element_type=\"column\">\n\t\t\t<div class=\"elementor-widget-wrap elementor-element-populated\">\n\t\t\t\t\t\t\t\t<div class=\"elementor-element elementor-element-3eaaee1 elementor-widget elementor-widget-image\" data-id=\"3eaaee1\" data-element_type=\"widget\" data-widget_type=\"image.default\">\n\t\t\t\t<div class=\"elementor-widget-container\">\n\t\t\t<style>\/*! elementor - v3.14.0 - 26-06-2023 *\/\n.elementor-widget-image{text-align:center}.elementor-widget-image a{display:inline-block}.elementor-widget-image a img[src$=\".svg\"]{width:48px}.elementor-widget-image img{vertical-align:middle;display:inline-block}<\/style>\t\t\t\t\t\t\t\t\t\t\t\t<img decoding=\"async\" width=\"373\" height=\"373\" src=\"https:\/\/www.institutocefer.com\/wp-content\/uploads\/2022\/06\/cefer-preguntas-frecuentes.jpg\" class=\"attachment-large size-large wp-image-1699\" alt=\"\" loading=\"lazy\" srcset=\"https:\/\/www.institutocefer.com\/wp-content\/uploads\/2022\/06\/cefer-preguntas-frecuentes.jpg 373w, https:\/\/www.institutocefer.com\/wp-content\/uploads\/2022\/06\/cefer-preguntas-frecuentes-300x300.jpg 300w, https:\/\/www.institutocefer.com\/wp-content\/uploads\/2022\/06\/cefer-preguntas-frecuentes-150x150.jpg 150w\" sizes=\"(max-width: 373px) 100vw, 373px\" \/>\t\t\t\t\t\t\t\t\t\t\t\t\t\t\t<\/div>\n\t\t\t\t<\/div>\n\t\t\t\t<div class=\"elementor-element elementor-element-998271e elementor-widget elementor-widget-template\" data-id=\"998271e\" data-element_type=\"widget\" data-widget_type=\"template.default\">\n\t\t\t\t<div class=\"elementor-widget-container\">\n\t\t\t\t\t<div class=\"elementor-template\">\n\t\t\t\t\t<div data-elementor-type=\"section\" data-elementor-id=\"8114\" class=\"elementor elementor-8114 elementor-4275\" data-elementor-post-type=\"elementor_library\">\n\t\t\t\t\t\t\t\t<section class=\"elementor-section elementor-inner-section elementor-element elementor-element-f79bf11 elementor-section-boxed elementor-section-height-default elementor-section-height-default\" data-id=\"f79bf11\" data-element_type=\"section\">\n\t\t\t\t\t\t<div class=\"elementor-container elementor-column-gap-no\">\n\t\t\t\t\t<div class=\"elementor-column elementor-col-100 elementor-inner-column elementor-element elementor-element-38f24e3\" data-id=\"38f24e3\" data-element_type=\"column\" data-settings=\"{&quot;background_background&quot;:&quot;classic&quot;}\">\n\t\t\t<div class=\"elementor-widget-wrap elementor-element-populated\">\n\t\t\t\t\t\t\t\t<div class=\"elementor-element elementor-element-69961491 elementor-widget elementor-widget-image\" data-id=\"69961491\" data-element_type=\"widget\" data-widget_type=\"image.default\">\n\t\t\t\t<div class=\"elementor-widget-container\">\n\t\t\t\t\t\t\t\t\t\t\t\t\t\t\t<img decoding=\"async\" width=\"368\" height=\"300\" src=\"https:\/\/www.institutocefer.com\/wp-content\/uploads\/2022\/07\/cefer-pre-diagnostico-banner-vertical.png\" class=\"attachment-large size-large wp-image-4274\" alt=\"\" loading=\"lazy\" srcset=\"https:\/\/www.institutocefer.com\/wp-content\/uploads\/2022\/07\/cefer-pre-diagnostico-banner-vertical.png 368w, https:\/\/www.institutocefer.com\/wp-content\/uploads\/2022\/07\/cefer-pre-diagnostico-banner-vertical-300x245.png 300w\" sizes=\"(max-width: 368px) 100vw, 368px\" \/>\t\t\t\t\t\t\t\t\t\t\t\t\t\t\t<\/div>\n\t\t\t\t<\/div>\n\t\t\t\t<div class=\"elementor-element elementor-element-424330bb elementor-widget elementor-widget-heading\" data-id=\"424330bb\" data-element_type=\"widget\" data-widget_type=\"heading.default\">\n\t\t\t\t<div class=\"elementor-widget-container\">\n\t\t\t<span class=\"elementor-heading-title elementor-size-default\">Procreazione Medicalmente Assistita<\/span>\t\t<\/div>\n\t\t\t\t<\/div>\n\t\t\t\t<div class=\"elementor-element elementor-element-2902f398 elementor-widget elementor-widget-heading\" data-id=\"2902f398\" data-element_type=\"widget\" data-widget_type=\"heading.default\">\n\t\t\t\t<div class=\"elementor-widget-container\">\n\t\t\t<h4 class=\"elementor-heading-title elementor-size-default\"> La tua <strong>pre-diagnosi e preventivo<\/strong> online gratuiti in 2 minuti<\/h4>\t\t<\/div>\n\t\t\t\t<\/div>\n\t\t\t\t<div class=\"elementor-element elementor-element-23bca62 elementor-align-right elementor-absolute elementor-widget__width-initial elementor-widget elementor-widget-button\" data-id=\"23bca62\" data-element_type=\"widget\" data-settings=\"{&quot;_position&quot;:&quot;absolute&quot;}\" data-widget_type=\"button.default\">\n\t\t\t\t<div class=\"elementor-widget-container\">\n\t\t\t\t\t<div class=\"elementor-button-wrapper\">\n\t\t\t<a class=\"elementor-button elementor-button-link elementor-size-sm\" href=\"https:\/\/www.institutocefer.com\/it\/pre-diagnostico\/\">\n\t\t\t\t\t\t<span class=\"elementor-button-content-wrapper\">\n\t\t\t\t\t\t<span class=\"elementor-button-text\">Pre-diagnosi online<\/span>\n\t\t<\/span>\n\t\t\t\t\t<\/a>\n\t\t<\/div>\n\t\t\t\t<\/div>\n\t\t\t\t<\/div>\n\t\t\t\t\t<\/div>\n\t\t<\/div>\n\t\t\t\t\t\t\t<\/div>\n\t\t<\/section>\n\t\t\t\t\t\t<\/div>\n\t\t\t\t<\/div>\n\t\t\t\t<\/div>\n\t\t\t\t<\/div>\n\t\t\t\t\t<\/div>\n\t\t<\/div>\n\t\t\t\t\t\t\t<\/div>\n\t\t<\/section>\n\t\t\t\t\t\t\t<\/div>\n\t\t","protected":false},"excerpt":{"rendered":"<p>Il lato umano della procreazione medicalmente assistita In Cefer conosciamo il modo migliore per eseguire un trattamento di procreazione assistita. Poich\u00e9 siamo stati pionieri nel mondo della procreazione assistita sin dalla nostra fondazione nel 1977, sappiamo come valorizzare il lato umano delle cose. In Cefer ci sforziamo di prenderci cura di tutti i dettagli, oltre [&hellip;]<\/p>\n","protected":false},"author":1,"featured_media":0,"parent":0,"menu_order":0,"comment_status":"closed","ping_status":"closed","template":"","meta":{"content-type":"","inline_featured_image":false},"yoast_head":"<!-- This site is optimized with the Yoast SEO plugin v20.11 - https:\/\/yoast.com\/wordpress\/plugins\/seo\/ -->\n<title>Il lato umano - Centro de reproducci\u00f3n asistida - Instituto CEFER<\/title>\n<meta name=\"robots\" content=\"index, follow, max-snippet:-1, max-image-preview:large, max-video-preview:-1\" \/>\n<link rel=\"canonical\" href=\"https:\/\/www.institutocefer.com\/it\/il-lato-umano\/\" \/>\n<meta property=\"og:locale\" content=\"it_IT\" \/>\n<meta property=\"og:type\" content=\"article\" \/>\n<meta property=\"og:title\" content=\"Il lato umano - Centro de reproducci\u00f3n asistida - Instituto CEFER\" \/>\n<meta property=\"og:description\" content=\"Il lato umano della procreazione medicalmente assistita In Cefer conosciamo il modo migliore per eseguire un trattamento di procreazione assistita. Poich\u00e9 siamo stati pionieri nel mondo della procreazione assistita sin dalla nostra fondazione nel 1977, sappiamo come valorizzare il lato umano delle cose. In Cefer ci sforziamo di prenderci cura di tutti i dettagli, oltre [&hellip;]\" \/>\n<meta property=\"og:url\" content=\"https:\/\/www.institutocefer.com\/it\/il-lato-umano\/\" \/>\n<meta property=\"og:site_name\" content=\"Instituto Reproducci\u00f3n Cefer\" \/>\n<meta property=\"article:publisher\" content=\"https:\/\/www.facebook.com\/institutocefer\/\" \/>\n<meta property=\"article:modified_time\" content=\"2023-02-09T11:26:02+00:00\" \/>\n<meta property=\"og:image\" content=\"https:\/\/www.institutocefer.com\/wp-content\/uploads\/2022\/06\/cefer-preguntas-frecuentes.jpg\" \/>\n<meta name=\"twitter:card\" content=\"summary_large_image\" \/>\n<meta name=\"twitter:site\" content=\"@institutocefer\" \/>\n<meta name=\"twitter:label1\" content=\"Tempo di lettura stimato\" \/>\n\t<meta name=\"twitter:data1\" content=\"3 minuti\" \/>\n<script type=\"application\/ld+json\" class=\"yoast-schema-graph\">{\"@context\":\"https:\/\/schema.org\",\"@graph\":[{\"@type\":[\"WebPage\",\"MedicalWebPage\"],\"@id\":\"https:\/\/www.institutocefer.com\/it\/il-lato-umano\/\",\"url\":\"https:\/\/www.institutocefer.com\/it\/il-lato-umano\/\",\"name\":\"Il lato umano - Centro de reproducci\u00f3n asistida - Instituto CEFER\",\"isPartOf\":{\"@id\":\"https:\/\/www.institutocefer.com\/it\/#website\"},\"datePublished\":\"2022-07-20T16:03:49+00:00\",\"dateModified\":\"2023-02-09T11:26:02+00:00\",\"breadcrumb\":{\"@id\":\"https:\/\/www.institutocefer.com\/it\/il-lato-umano\/#breadcrumb\"},\"inLanguage\":\"it-IT\",\"potentialAction\":[{\"@type\":\"ReadAction\",\"target\":[\"https:\/\/www.institutocefer.com\/it\/il-lato-umano\/\"]}]},{\"@type\":\"BreadcrumbList\",\"@id\":\"https:\/\/www.institutocefer.com\/it\/il-lato-umano\/#breadcrumb\",\"itemListElement\":[{\"@type\":\"ListItem\",\"position\":1,\"name\":\"Home\",\"item\":\"https:\/\/www.institutocefer.com\/it\/\"},{\"@type\":\"ListItem\",\"position\":2,\"name\":\"Il lato umano\"}]},{\"@type\":\"WebSite\",\"@id\":\"https:\/\/www.institutocefer.com\/it\/#website\",\"url\":\"https:\/\/www.institutocefer.com\/it\/\",\"name\":\"Instituto Reproducci\u00f3n Cefer\",\"description\":\"M\u00e1s de 40 a\u00f1os de innovaci\u00f3n reproductiva\",\"publisher\":{\"@id\":\"https:\/\/www.institutocefer.com\/it\/#organization\"},\"potentialAction\":[{\"@type\":\"SearchAction\",\"target\":{\"@type\":\"EntryPoint\",\"urlTemplate\":\"https:\/\/www.institutocefer.com\/it\/?s={search_term_string}\"},\"query-input\":\"required name=search_term_string\"}],\"inLanguage\":\"it-IT\"},{\"@type\":\"Organization\",\"@id\":\"https:\/\/www.institutocefer.com\/it\/#organization\",\"name\":\"Instituto Reproducci\u00f3n Cefer\",\"url\":\"https:\/\/www.institutocefer.com\/it\/\",\"logo\":{\"@type\":\"ImageObject\",\"inLanguage\":\"it-IT\",\"@id\":\"https:\/\/www.institutocefer.com\/it\/#\/schema\/logo\/image\/\",\"url\":\"https:\/\/www.institutocefer.com\/wp-content\/uploads\/2022\/05\/logo_CEFER.png\",\"contentUrl\":\"https:\/\/www.institutocefer.com\/wp-content\/uploads\/2022\/05\/logo_CEFER.png\",\"width\":207,\"height\":243,\"caption\":\"Instituto Reproducci\u00f3n Cefer\"},\"image\":{\"@id\":\"https:\/\/www.institutocefer.com\/it\/#\/schema\/logo\/image\/\"},\"sameAs\":[\"https:\/\/www.facebook.com\/institutocefer\/\",\"https:\/\/twitter.com\/institutocefer\"]}]}<\/script>\n<!-- \/ Yoast SEO plugin. -->","yoast_head_json":{"title":"Il lato umano - Centro de reproducci\u00f3n asistida - Instituto CEFER","robots":{"index":"index","follow":"follow","max-snippet":"max-snippet:-1","max-image-preview":"max-image-preview:large","max-video-preview":"max-video-preview:-1"},"canonical":"https:\/\/www.institutocefer.com\/it\/il-lato-umano\/","og_locale":"it_IT","og_type":"article","og_title":"Il lato umano - Centro de reproducci\u00f3n asistida - Instituto CEFER","og_description":"Il lato umano della procreazione medicalmente assistita In Cefer conosciamo il modo migliore per eseguire un trattamento di procreazione assistita. Poich\u00e9 siamo stati pionieri nel mondo della procreazione assistita sin dalla nostra fondazione nel 1977, sappiamo come valorizzare il lato umano delle cose. In Cefer ci sforziamo di prenderci cura di tutti i dettagli, oltre [&hellip;]","og_url":"https:\/\/www.institutocefer.com\/it\/il-lato-umano\/","og_site_name":"Instituto Reproducci\u00f3n Cefer","article_publisher":"https:\/\/www.facebook.com\/institutocefer\/","article_modified_time":"2023-02-09T11:26:02+00:00","og_image":[{"url":"https:\/\/www.institutocefer.com\/wp-content\/uploads\/2022\/06\/cefer-preguntas-frecuentes.jpg"}],"twitter_card":"summary_large_image","twitter_site":"@institutocefer","twitter_misc":{"Tempo di lettura stimato":"3 minuti"},"schema":{"@context":"https:\/\/schema.org","@graph":[{"@type":["WebPage","MedicalWebPage"],"@id":"https:\/\/www.institutocefer.com\/it\/il-lato-umano\/","url":"https:\/\/www.institutocefer.com\/it\/il-lato-umano\/","name":"Il lato umano - Centro de reproducci\u00f3n asistida - Instituto CEFER","isPartOf":{"@id":"https:\/\/www.institutocefer.com\/it\/#website"},"datePublished":"2022-07-20T16:03:49+00:00","dateModified":"2023-02-09T11:26:02+00:00","breadcrumb":{"@id":"https:\/\/www.institutocefer.com\/it\/il-lato-umano\/#breadcrumb"},"inLanguage":"it-IT","potentialAction":[{"@type":"ReadAction","target":["https:\/\/www.institutocefer.com\/it\/il-lato-umano\/"]}]},{"@type":"BreadcrumbList","@id":"https:\/\/www.institutocefer.com\/it\/il-lato-umano\/#breadcrumb","itemListElement":[{"@type":"ListItem","position":1,"name":"Home","item":"https:\/\/www.institutocefer.com\/it\/"},{"@type":"ListItem","position":2,"name":"Il lato umano"}]},{"@type":"WebSite","@id":"https:\/\/www.institutocefer.com\/it\/#website","url":"https:\/\/www.institutocefer.com\/it\/","name":"Instituto Reproducci\u00f3n Cefer","description":"M\u00e1s de 40 a\u00f1os de innovaci\u00f3n reproductiva","publisher":{"@id":"https:\/\/www.institutocefer.com\/it\/#organization"},"potentialAction":[{"@type":"SearchAction","target":{"@type":"EntryPoint","urlTemplate":"https:\/\/www.institutocefer.com\/it\/?s={search_term_string}"},"query-input":"required name=search_term_string"}],"inLanguage":"it-IT"},{"@type":"Organization","@id":"https:\/\/www.institutocefer.com\/it\/#organization","name":"Instituto Reproducci\u00f3n Cefer","url":"https:\/\/www.institutocefer.com\/it\/","logo":{"@type":"ImageObject","inLanguage":"it-IT","@id":"https:\/\/www.institutocefer.com\/it\/#\/schema\/logo\/image\/","url":"https:\/\/www.institutocefer.com\/wp-content\/uploads\/2022\/05\/logo_CEFER.png","contentUrl":"https:\/\/www.institutocefer.com\/wp-content\/uploads\/2022\/05\/logo_CEFER.png","width":207,"height":243,"caption":"Instituto Reproducci\u00f3n Cefer"},"image":{"@id":"https:\/\/www.institutocefer.com\/it\/#\/schema\/logo\/image\/"},"sameAs":["https:\/\/www.facebook.com\/institutocefer\/","https:\/\/twitter.com\/institutocefer"]}]}},"_links":{"self":[{"href":"https:\/\/www.institutocefer.com\/it\/wp-json\/wp\/v2\/pages\/7744"}],"collection":[{"href":"https:\/\/www.institutocefer.com\/it\/wp-json\/wp\/v2\/pages"}],"about":[{"href":"https:\/\/www.institutocefer.com\/it\/wp-json\/wp\/v2\/types\/page"}],"author":[{"embeddable":true,"href":"https:\/\/www.institutocefer.com\/it\/wp-json\/wp\/v2\/users\/1"}],"replies":[{"embeddable":true,"href":"https:\/\/www.institutocefer.com\/it\/wp-json\/wp\/v2\/comments?post=7744"}],"version-history":[{"count":11,"href":"https:\/\/www.institutocefer.com\/it\/wp-json\/wp\/v2\/pages\/7744\/revisions"}],"predecessor-version":[{"id":7762,"href":"https:\/\/www.institutocefer.com\/it\/wp-json\/wp\/v2\/pages\/7744\/revisions\/7762"}],"wp:attachment":[{"href":"https:\/\/www.institutocefer.com\/it\/wp-json\/wp\/v2\/media?parent=7744"}],"curies":[{"name":"wp","href":"https:\/\/api.w.org\/{rel}","templated":true}]}}