{"id":7406,"date":"2022-07-14T10:03:09","date_gmt":"2022-07-14T09:03:09","guid":{"rendered":"https:\/\/www.institutocefer.com\/presentazione\/"},"modified":"2023-02-06T13:02:50","modified_gmt":"2023-02-06T12:02:50","slug":"presentazione","status":"publish","type":"page","link":"https:\/\/www.institutocefer.com\/it\/presentazione\/","title":{"rendered":"Presentazione"},"content":{"rendered":"\t\t<div data-elementor-type=\"wp-page\" data-elementor-id=\"7406\" class=\"elementor elementor-7406 elementor-3977\" data-elementor-post-type=\"page\">\n\t\t\t\t\t\t\t\t\t<section class=\"elementor-section elementor-top-section elementor-element elementor-element-1e450280 cols-70-30 elementor-section-boxed elementor-section-height-default elementor-section-height-default\" data-id=\"1e450280\" data-element_type=\"section\">\n\t\t\t\t\t\t<div class=\"elementor-container elementor-column-gap-default\">\n\t\t\t\t\t<div class=\"elementor-column elementor-col-66 elementor-top-column elementor-element elementor-element-945ec1c\" data-id=\"945ec1c\" data-element_type=\"column\">\n\t\t\t<div class=\"elementor-widget-wrap elementor-element-populated\">\n\t\t\t\t\t\t\t\t<div class=\"elementor-element elementor-element-82ee89e elementor-widget elementor-widget-heading\" data-id=\"82ee89e\" data-element_type=\"widget\" data-widget_type=\"heading.default\">\n\t\t\t\t<div class=\"elementor-widget-container\">\n\t\t\t<style>\/*! elementor - v3.14.0 - 26-06-2023 *\/\n.elementor-heading-title{padding:0;margin:0;line-height:1}.elementor-widget-heading .elementor-heading-title[class*=elementor-size-]>a{color:inherit;font-size:inherit;line-height:inherit}.elementor-widget-heading .elementor-heading-title.elementor-size-small{font-size:15px}.elementor-widget-heading .elementor-heading-title.elementor-size-medium{font-size:19px}.elementor-widget-heading .elementor-heading-title.elementor-size-large{font-size:29px}.elementor-widget-heading .elementor-heading-title.elementor-size-xl{font-size:39px}.elementor-widget-heading .elementor-heading-title.elementor-size-xxl{font-size:59px}<\/style><h1 class=\"elementor-heading-title elementor-size-default\"> Esperti in procreazione medica assistita<\/h1>\t\t<\/div>\n\t\t\t\t<\/div>\n\t\t\t\t<div class=\"elementor-element elementor-element-06b4769 elementor-widget elementor-widget-heading\" data-id=\"06b4769\" data-element_type=\"widget\" data-widget_type=\"heading.default\">\n\t\t\t\t<div class=\"elementor-widget-container\">\n\t\t\t<h2 class=\"elementor-heading-title elementor-size-default\">A Cefer avrai l'attenzione di specialisti nei trattamenti per la fertilit\u00e0<\/h2>\t\t<\/div>\n\t\t\t\t<\/div>\n\t\t\t\t<div class=\"elementor-element elementor-element-8300543 elementor-widget elementor-widget-text-editor\" data-id=\"8300543\" data-element_type=\"widget\" data-widget_type=\"text-editor.default\">\n\t\t\t\t<div class=\"elementor-widget-container\">\n\t\t\t<style>\/*! elementor - v3.14.0 - 26-06-2023 *\/\n.elementor-widget-text-editor.elementor-drop-cap-view-stacked .elementor-drop-cap{background-color:#69727d;color:#fff}.elementor-widget-text-editor.elementor-drop-cap-view-framed .elementor-drop-cap{color:#69727d;border:3px solid;background-color:transparent}.elementor-widget-text-editor:not(.elementor-drop-cap-view-default) .elementor-drop-cap{margin-top:8px}.elementor-widget-text-editor:not(.elementor-drop-cap-view-default) .elementor-drop-cap-letter{width:1em;height:1em}.elementor-widget-text-editor .elementor-drop-cap{float:left;text-align:center;line-height:1;font-size:50px}.elementor-widget-text-editor .elementor-drop-cap-letter{display:inline-block}<\/style>\t\t\t\t<p>In qualit\u00e0 di esperti in riproduzione assistita e pionieri nell&#8217;implementazione di nuove tecniche e trattamenti, al Cefer Reproduction Institute sappiamo che la migliore risorsa sono i nostri professionisti di alto livello. Oltre a un&#8217;attenzione esclusiva e dedicata<\/p>\n\t\t\t\t\t\t<\/div>\n\t\t\t\t<\/div>\n\t\t\t\t<div class=\"elementor-element elementor-element-245f0ce elementor-widget elementor-widget-text-editor\" data-id=\"245f0ce\" data-element_type=\"widget\" data-widget_type=\"text-editor.default\">\n\t\t\t\t<div class=\"elementor-widget-container\">\n\t\t\t\t\t\t\t<p>Un team medico specializzato di fiducia che ti accompagni durante tutto il processo \u00e8 essenziale per offrire il miglior trattamento e la terapia di cui hai bisogno.<\/p>\n<p>Ecco perch\u00e9 abbiamo pi\u00f9 di 60 professionisti leader nel loro campo di studio, tra i nostri centri di <a href=\"https:\/\/www.institutocefer.com\/it\/clinica-barcellona\/\">Barcellona<\/a> e <a href=\"https:\/\/www.institutocefer.com\/clinica-lleida\/\">Lleida<\/a>.<\/p>\n<p>Tutti loro, pronti a offrire soluzioni globali alle coppie con problemi di sterilit\u00e0, che colpiscono il 30% degli uomini, il 30% delle donne e il resto entrambi.<\/p>\n<p><strong>Perch\u00e9 vogliamo che tu stia bene, mettiti nelle migliori mani.<\/strong><\/p>\n\t\t\t\t\t\t<\/div>\n\t\t\t\t<\/div>\n\t\t\t\t\t<\/div>\n\t\t<\/div>\n\t\t\t\t<div class=\"elementor-column elementor-col-33 elementor-top-column elementor-element elementor-element-71bad610\" data-id=\"71bad610\" data-element_type=\"column\">\n\t\t\t<div class=\"elementor-widget-wrap elementor-element-populated\">\n\t\t\t\t\t\t\t\t<div class=\"elementor-element elementor-element-3944d40 elementor-widget elementor-widget-image\" data-id=\"3944d40\" data-element_type=\"widget\" data-widget_type=\"image.default\">\n\t\t\t\t<div class=\"elementor-widget-container\">\n\t\t\t<style>\/*! elementor - v3.14.0 - 26-06-2023 *\/\n.elementor-widget-image{text-align:center}.elementor-widget-image a{display:inline-block}.elementor-widget-image a img[src$=\".svg\"]{width:48px}.elementor-widget-image img{vertical-align:middle;display:inline-block}<\/style>\t\t\t\t\t\t\t\t\t\t\t\t<img decoding=\"async\" width=\"373\" height=\"372\" src=\"https:\/\/www.institutocefer.com\/wp-content\/uploads\/2022\/07\/presentacion.jpg\" class=\"attachment-large size-large wp-image-3984\" alt=\"\" loading=\"lazy\" srcset=\"https:\/\/www.institutocefer.com\/wp-content\/uploads\/2022\/07\/presentacion.jpg 373w, https:\/\/www.institutocefer.com\/wp-content\/uploads\/2022\/07\/presentacion-300x300.jpg 300w, https:\/\/www.institutocefer.com\/wp-content\/uploads\/2022\/07\/presentacion-150x150.jpg 150w\" sizes=\"(max-width: 373px) 100vw, 373px\" \/>\t\t\t\t\t\t\t\t\t\t\t\t\t\t\t<\/div>\n\t\t\t\t<\/div>\n\t\t\t\t<div class=\"elementor-element elementor-element-c3becea elementor-widget elementor-widget-template\" data-id=\"c3becea\" data-element_type=\"widget\" data-widget_type=\"template.default\">\n\t\t\t\t<div class=\"elementor-widget-container\">\n\t\t\t\t\t<div class=\"elementor-template\">\n\t\t\t\t\t<div data-elementor-type=\"section\" data-elementor-id=\"8114\" class=\"elementor elementor-8114 elementor-4275\" data-elementor-post-type=\"elementor_library\">\n\t\t\t\t\t\t\t\t<section class=\"elementor-section elementor-inner-section elementor-element elementor-element-f79bf11 elementor-section-boxed elementor-section-height-default elementor-section-height-default\" data-id=\"f79bf11\" data-element_type=\"section\">\n\t\t\t\t\t\t<div class=\"elementor-container elementor-column-gap-no\">\n\t\t\t\t\t<div class=\"elementor-column elementor-col-100 elementor-inner-column elementor-element elementor-element-38f24e3\" data-id=\"38f24e3\" data-element_type=\"column\" data-settings=\"{&quot;background_background&quot;:&quot;classic&quot;}\">\n\t\t\t<div class=\"elementor-widget-wrap elementor-element-populated\">\n\t\t\t\t\t\t\t\t<div class=\"elementor-element elementor-element-69961491 elementor-widget elementor-widget-image\" data-id=\"69961491\" data-element_type=\"widget\" data-widget_type=\"image.default\">\n\t\t\t\t<div class=\"elementor-widget-container\">\n\t\t\t\t\t\t\t\t\t\t\t\t\t\t\t<img decoding=\"async\" width=\"368\" height=\"300\" src=\"https:\/\/www.institutocefer.com\/wp-content\/uploads\/2022\/07\/cefer-pre-diagnostico-banner-vertical.png\" class=\"attachment-large size-large wp-image-4274\" alt=\"\" loading=\"lazy\" srcset=\"https:\/\/www.institutocefer.com\/wp-content\/uploads\/2022\/07\/cefer-pre-diagnostico-banner-vertical.png 368w, https:\/\/www.institutocefer.com\/wp-content\/uploads\/2022\/07\/cefer-pre-diagnostico-banner-vertical-300x245.png 300w\" sizes=\"(max-width: 368px) 100vw, 368px\" \/>\t\t\t\t\t\t\t\t\t\t\t\t\t\t\t<\/div>\n\t\t\t\t<\/div>\n\t\t\t\t<div class=\"elementor-element elementor-element-424330bb elementor-widget elementor-widget-heading\" data-id=\"424330bb\" data-element_type=\"widget\" data-widget_type=\"heading.default\">\n\t\t\t\t<div class=\"elementor-widget-container\">\n\t\t\t<span class=\"elementor-heading-title elementor-size-default\">Procreazione Medicalmente Assistita<\/span>\t\t<\/div>\n\t\t\t\t<\/div>\n\t\t\t\t<div class=\"elementor-element elementor-element-2902f398 elementor-widget elementor-widget-heading\" data-id=\"2902f398\" data-element_type=\"widget\" data-widget_type=\"heading.default\">\n\t\t\t\t<div class=\"elementor-widget-container\">\n\t\t\t<h4 class=\"elementor-heading-title elementor-size-default\"> La tua <strong>pre-diagnosi e preventivo<\/strong> online gratuiti in 2 minuti<\/h4>\t\t<\/div>\n\t\t\t\t<\/div>\n\t\t\t\t<div class=\"elementor-element elementor-element-23bca62 elementor-align-right elementor-absolute elementor-widget__width-initial elementor-widget elementor-widget-button\" data-id=\"23bca62\" data-element_type=\"widget\" data-settings=\"{&quot;_position&quot;:&quot;absolute&quot;}\" data-widget_type=\"button.default\">\n\t\t\t\t<div class=\"elementor-widget-container\">\n\t\t\t\t\t<div class=\"elementor-button-wrapper\">\n\t\t\t<a class=\"elementor-button elementor-button-link elementor-size-sm\" href=\"https:\/\/www.institutocefer.com\/it\/pre-diagnostico\/\">\n\t\t\t\t\t\t<span class=\"elementor-button-content-wrapper\">\n\t\t\t\t\t\t<span class=\"elementor-button-text\">Pre-diagnosi online<\/span>\n\t\t<\/span>\n\t\t\t\t\t<\/a>\n\t\t<\/div>\n\t\t\t\t<\/div>\n\t\t\t\t<\/div>\n\t\t\t\t\t<\/div>\n\t\t<\/div>\n\t\t\t\t\t\t\t<\/div>\n\t\t<\/section>\n\t\t\t\t\t\t<\/div>\n\t\t\t\t<\/div>\n\t\t\t\t<\/div>\n\t\t\t\t<\/div>\n\t\t\t\t\t<\/div>\n\t\t<\/div>\n\t\t\t\t\t\t\t<\/div>\n\t\t<\/section>\n\t\t\t\t<section class=\"elementor-section elementor-top-section elementor-element elementor-element-6b17a6d6 elementor-section-full_width info-pesonalizada elementor-section-height-default elementor-section-height-default\" data-id=\"6b17a6d6\" data-element_type=\"section\" data-settings=\"{&quot;background_background&quot;:&quot;classic&quot;}\">\n\t\t\t\t\t\t<div class=\"elementor-container elementor-column-gap-default\">\n\t\t\t\t\t<div class=\"elementor-column elementor-col-100 elementor-top-column elementor-element elementor-element-5e59f8b8\" data-id=\"5e59f8b8\" data-element_type=\"column\">\n\t\t\t<div class=\"elementor-widget-wrap elementor-element-populated\">\n\t\t\t\t\t\t\t\t<section class=\"elementor-section elementor-inner-section elementor-element elementor-element-f7219eb elementor-section-boxed elementor-section-height-default elementor-section-height-default\" data-id=\"f7219eb\" data-element_type=\"section\">\n\t\t\t\t\t\t<div class=\"elementor-container elementor-column-gap-default\">\n\t\t\t\t\t<div class=\"elementor-column elementor-col-25 elementor-inner-column elementor-element elementor-element-33d309ad\" data-id=\"33d309ad\" data-element_type=\"column\">\n\t\t\t<div class=\"elementor-widget-wrap elementor-element-populated\">\n\t\t\t\t\t\t\t\t<div class=\"elementor-element elementor-element-1adaf2d6 elementor-widget elementor-widget-text-editor\" data-id=\"1adaf2d6\" data-element_type=\"widget\" data-widget_type=\"text-editor.default\">\n\t\t\t\t<div class=\"elementor-widget-container\">\n\t\t\t\t\t\t\t<p>Ottieni <strong>informazioni personalizzate<\/strong> contattandoci <strong>senza alcun impegno<\/strong>.<\/p>\n\t\t\t\t\t\t<\/div>\n\t\t\t\t<\/div>\n\t\t\t\t\t<\/div>\n\t\t<\/div>\n\t\t\t\t<div class=\"elementor-column elementor-col-25 elementor-inner-column elementor-element elementor-element-767f2e41\" data-id=\"767f2e41\" data-element_type=\"column\">\n\t\t\t<div class=\"elementor-widget-wrap elementor-element-populated\">\n\t\t\t\t\t\t\t\t<div class=\"elementor-element elementor-element-64ec43ba elementor-widget__width-inherit elementor-widget-mobile__width-initial elementor-widget elementor-widget-global elementor-global-7650 elementor-global-5016 elementor-widget-image\" data-id=\"64ec43ba\" data-element_type=\"widget\" id=\"telefono_ico\" data-widget_type=\"image.default\">\n\t\t\t\t<div class=\"elementor-widget-container\">\n\t\t\t\t\t\t\t\t\t\t\t\t\t\t\t<img decoding=\"async\" src=\"https:\/\/www.institutocefer.com\/wp-content\/uploads\/2022\/06\/cefer-llamada-telefono.svg\" title=\"cefer-llamada-telefono\" alt=\"cefer-llamada-telefono\" loading=\"lazy\" \/>\t\t\t\t\t\t\t\t\t\t\t\t\t\t\t<\/div>\n\t\t\t\t<\/div>\n\t\t\t\t<div class=\"elementor-element elementor-element-4b26c27e elementor-widget__width-inherit elementor-align-center elementor-widget-mobile__width-initial elementor-widget elementor-widget-global elementor-global-7648 elementor-global-5019 elementor-widget-button\" data-id=\"4b26c27e\" data-element_type=\"widget\" id=\"llamada_gratuita\" data-widget_type=\"button.default\">\n\t\t\t\t<div class=\"elementor-widget-container\">\n\t\t\t\t\t<div class=\"elementor-button-wrapper\">\n\t\t\t<a class=\"elementor-button elementor-button-link elementor-size-sm\" href=\"https:\/\/recursos.institutocefer.com\/te-llamamos?utm_campaign=Linkbuilding&#038;utm_source=link&#038;utm_medium=producto\" target=\"_blank\">\n\t\t\t\t\t\t<span class=\"elementor-button-content-wrapper\">\n\t\t\t\t\t\t<span class=\"elementor-button-text\"> Chiamata gratuita<\/span>\n\t\t<\/span>\n\t\t\t\t\t<\/a>\n\t\t<\/div>\n\t\t\t\t<\/div>\n\t\t\t\t<\/div>\n\t\t\t\t\t<\/div>\n\t\t<\/div>\n\t\t\t\t<div class=\"elementor-column elementor-col-25 elementor-inner-column elementor-element elementor-element-28c239a9\" data-id=\"28c239a9\" data-element_type=\"column\">\n\t\t\t<div class=\"elementor-widget-wrap elementor-element-populated\">\n\t\t\t\t\t\t\t\t<div class=\"elementor-element elementor-element-2f98e034 elementor-widget__width-inherit elementor-widget-mobile__width-initial elementor-widget elementor-widget-global elementor-global-7646 elementor-global-5022 elementor-widget-image\" data-id=\"2f98e034\" data-element_type=\"widget\" id=\"mail_ico\" data-widget_type=\"image.default\">\n\t\t\t\t<div class=\"elementor-widget-container\">\n\t\t\t\t\t\t\t\t\t\t\t\t\t\t\t<img decoding=\"async\" src=\"https:\/\/www.institutocefer.com\/wp-content\/uploads\/2022\/06\/cefer-mail.svg\" title=\"cefer-mail\" alt=\"cefer-mail\" loading=\"lazy\" \/>\t\t\t\t\t\t\t\t\t\t\t\t\t\t\t<\/div>\n\t\t\t\t<\/div>\n\t\t\t\t<div class=\"elementor-element elementor-element-7954e87b elementor-widget__width-inherit elementor-align-center elementor-widget-mobile__width-initial elementor-widget elementor-widget-global elementor-global-7644 elementor-global-5025 elementor-widget-button\" data-id=\"7954e87b\" data-element_type=\"widget\" id=\"consultanos\" data-widget_type=\"button.default\">\n\t\t\t\t<div class=\"elementor-widget-container\">\n\t\t\t\t\t<div class=\"elementor-button-wrapper\">\n\t\t\t<a class=\"elementor-button elementor-button-link elementor-size-sm\" href=\"https:\/\/www.institutocefer.com\/it\/contatto\/\" target=\"_blank\">\n\t\t\t\t\t\t<span class=\"elementor-button-content-wrapper\">\n\t\t\t\t\t\t<span class=\"elementor-button-text\">Chiedici<\/span>\n\t\t<\/span>\n\t\t\t\t\t<\/a>\n\t\t<\/div>\n\t\t\t\t<\/div>\n\t\t\t\t<\/div>\n\t\t\t\t\t<\/div>\n\t\t<\/div>\n\t\t\t\t<div class=\"elementor-column elementor-col-25 elementor-inner-column elementor-element elementor-element-283349ba\" data-id=\"283349ba\" data-element_type=\"column\">\n\t\t\t<div class=\"elementor-widget-wrap elementor-element-populated\">\n\t\t\t\t\t\t\t\t<div class=\"elementor-element elementor-element-106d79b1 elementor-widget__width-inherit elementor-widget-mobile__width-initial elementor-widget elementor-widget-global elementor-global-7642 elementor-global-5028 elementor-widget-image\" data-id=\"106d79b1\" data-element_type=\"widget\" id=\"whatsapp_ico\" data-widget_type=\"image.default\">\n\t\t\t\t<div class=\"elementor-widget-container\">\n\t\t\t\t\t\t\t\t\t\t\t\t\t\t\t<img decoding=\"async\" src=\"https:\/\/www.institutocefer.com\/wp-content\/uploads\/2022\/06\/cefer-whatsapp.svg\" title=\"cefer-whatsapp\" alt=\"cefer-whatsapp\" loading=\"lazy\" \/>\t\t\t\t\t\t\t\t\t\t\t\t\t\t\t<\/div>\n\t\t\t\t<\/div>\n\t\t\t\t<div class=\"elementor-element elementor-element-7f30b39a elementor-widget__width-inherit elementor-align-center elementor-widget-mobile__width-initial elementor-widget elementor-widget-global elementor-global-7640 elementor-global-5031 elementor-widget-button\" data-id=\"7f30b39a\" data-element_type=\"widget\" id=\"por_whatsapp\" data-widget_type=\"button.default\">\n\t\t\t\t<div class=\"elementor-widget-container\">\n\t\t\t\t\t<div class=\"elementor-button-wrapper\">\n\t\t\t<a class=\"elementor-button elementor-button-link elementor-size-sm\" href=\"https:\/\/api.whatsapp.com\/send?phone=34667784682\" target=\"_blank\">\n\t\t\t\t\t\t<span class=\"elementor-button-content-wrapper\">\n\t\t\t\t\t\t<span class=\"elementor-button-text\">Whatsapp<\/span>\n\t\t<\/span>\n\t\t\t\t\t<\/a>\n\t\t<\/div>\n\t\t\t\t<\/div>\n\t\t\t\t<\/div>\n\t\t\t\t\t<\/div>\n\t\t<\/div>\n\t\t\t\t\t\t\t<\/div>\n\t\t<\/section>\n\t\t\t\t\t<\/div>\n\t\t<\/div>\n\t\t\t\t\t\t\t<\/div>\n\t\t<\/section>\n\t\t\t\t\t\t\t<\/div>\n\t\t","protected":false},"excerpt":{"rendered":"<p>Esperti in procreazione medica assistita A Cefer avrai l&#8217;attenzione di specialisti nei trattamenti per la fertilit\u00e0 In qualit\u00e0 di esperti in riproduzione assistita e pionieri nell&#8217;implementazione di nuove tecniche e trattamenti, al Cefer Reproduction Institute sappiamo che la migliore risorsa sono i nostri professionisti di alto livello. Oltre a un&#8217;attenzione esclusiva e dedicata Un team [&hellip;]<\/p>\n","protected":false},"author":1,"featured_media":0,"parent":0,"menu_order":0,"comment_status":"closed","ping_status":"closed","template":"","meta":{"content-type":"","inline_featured_image":false},"yoast_head":"<!-- This site is optimized with the Yoast SEO plugin v20.11 - https:\/\/yoast.com\/wordpress\/plugins\/seo\/ -->\n<title>Presentazione - Centro de reproducci\u00f3n asistida - Instituto CEFER<\/title>\n<meta name=\"robots\" content=\"index, follow, max-snippet:-1, max-image-preview:large, max-video-preview:-1\" \/>\n<link rel=\"canonical\" href=\"https:\/\/www.institutocefer.com\/it\/presentazione\/\" \/>\n<meta property=\"og:locale\" content=\"it_IT\" \/>\n<meta property=\"og:type\" content=\"article\" \/>\n<meta property=\"og:title\" content=\"Presentazione - Centro de reproducci\u00f3n asistida - Instituto CEFER\" \/>\n<meta property=\"og:description\" content=\"Esperti in procreazione medica assistita A Cefer avrai l&#8217;attenzione di specialisti nei trattamenti per la fertilit\u00e0 In qualit\u00e0 di esperti in riproduzione assistita e pionieri nell&#8217;implementazione di nuove tecniche e trattamenti, al Cefer Reproduction Institute sappiamo che la migliore risorsa sono i nostri professionisti di alto livello. Oltre a un&#8217;attenzione esclusiva e dedicata Un team [&hellip;]\" \/>\n<meta property=\"og:url\" content=\"https:\/\/www.institutocefer.com\/it\/presentazione\/\" \/>\n<meta property=\"og:site_name\" content=\"Instituto Reproducci\u00f3n Cefer\" \/>\n<meta property=\"article:publisher\" content=\"https:\/\/www.facebook.com\/institutocefer\/\" \/>\n<meta property=\"article:modified_time\" content=\"2023-02-06T12:02:50+00:00\" \/>\n<meta property=\"og:image\" content=\"https:\/\/www.institutocefer.com\/wp-content\/uploads\/2022\/07\/presentacion.jpg\" \/>\n<meta name=\"twitter:card\" content=\"summary_large_image\" \/>\n<meta name=\"twitter:site\" content=\"@institutocefer\" \/>\n<meta name=\"twitter:label1\" content=\"Tempo di lettura stimato\" \/>\n\t<meta name=\"twitter:data1\" content=\"1 minuto\" \/>\n<script type=\"application\/ld+json\" class=\"yoast-schema-graph\">{\"@context\":\"https:\/\/schema.org\",\"@graph\":[{\"@type\":[\"WebPage\",\"MedicalWebPage\"],\"@id\":\"https:\/\/www.institutocefer.com\/it\/presentazione\/\",\"url\":\"https:\/\/www.institutocefer.com\/it\/presentazione\/\",\"name\":\"Presentazione - Centro de reproducci\u00f3n asistida - Instituto CEFER\",\"isPartOf\":{\"@id\":\"https:\/\/www.institutocefer.com\/it\/#website\"},\"datePublished\":\"2022-07-14T09:03:09+00:00\",\"dateModified\":\"2023-02-06T12:02:50+00:00\",\"breadcrumb\":{\"@id\":\"https:\/\/www.institutocefer.com\/it\/presentazione\/#breadcrumb\"},\"inLanguage\":\"it-IT\",\"potentialAction\":[{\"@type\":\"ReadAction\",\"target\":[\"https:\/\/www.institutocefer.com\/it\/presentazione\/\"]}]},{\"@type\":\"BreadcrumbList\",\"@id\":\"https:\/\/www.institutocefer.com\/it\/presentazione\/#breadcrumb\",\"itemListElement\":[{\"@type\":\"ListItem\",\"position\":1,\"name\":\"Home\",\"item\":\"https:\/\/www.institutocefer.com\/it\/\"},{\"@type\":\"ListItem\",\"position\":2,\"name\":\"Presentazione\"}]},{\"@type\":\"WebSite\",\"@id\":\"https:\/\/www.institutocefer.com\/it\/#website\",\"url\":\"https:\/\/www.institutocefer.com\/it\/\",\"name\":\"Instituto Reproducci\u00f3n Cefer\",\"description\":\"M\u00e1s de 40 a\u00f1os de innovaci\u00f3n reproductiva\",\"publisher\":{\"@id\":\"https:\/\/www.institutocefer.com\/it\/#organization\"},\"potentialAction\":[{\"@type\":\"SearchAction\",\"target\":{\"@type\":\"EntryPoint\",\"urlTemplate\":\"https:\/\/www.institutocefer.com\/it\/?s={search_term_string}\"},\"query-input\":\"required name=search_term_string\"}],\"inLanguage\":\"it-IT\"},{\"@type\":\"Organization\",\"@id\":\"https:\/\/www.institutocefer.com\/it\/#organization\",\"name\":\"Instituto Reproducci\u00f3n Cefer\",\"url\":\"https:\/\/www.institutocefer.com\/it\/\",\"logo\":{\"@type\":\"ImageObject\",\"inLanguage\":\"it-IT\",\"@id\":\"https:\/\/www.institutocefer.com\/it\/#\/schema\/logo\/image\/\",\"url\":\"https:\/\/www.institutocefer.com\/wp-content\/uploads\/2022\/05\/logo_CEFER.png\",\"contentUrl\":\"https:\/\/www.institutocefer.com\/wp-content\/uploads\/2022\/05\/logo_CEFER.png\",\"width\":207,\"height\":243,\"caption\":\"Instituto Reproducci\u00f3n Cefer\"},\"image\":{\"@id\":\"https:\/\/www.institutocefer.com\/it\/#\/schema\/logo\/image\/\"},\"sameAs\":[\"https:\/\/www.facebook.com\/institutocefer\/\",\"https:\/\/twitter.com\/institutocefer\"]}]}<\/script>\n<!-- \/ Yoast SEO plugin. -->","yoast_head_json":{"title":"Presentazione - Centro de reproducci\u00f3n asistida - Instituto CEFER","robots":{"index":"index","follow":"follow","max-snippet":"max-snippet:-1","max-image-preview":"max-image-preview:large","max-video-preview":"max-video-preview:-1"},"canonical":"https:\/\/www.institutocefer.com\/it\/presentazione\/","og_locale":"it_IT","og_type":"article","og_title":"Presentazione - Centro de reproducci\u00f3n asistida - Instituto CEFER","og_description":"Esperti in procreazione medica assistita A Cefer avrai l&#8217;attenzione di specialisti nei trattamenti per la fertilit\u00e0 In qualit\u00e0 di esperti in riproduzione assistita e pionieri nell&#8217;implementazione di nuove tecniche e trattamenti, al Cefer Reproduction Institute sappiamo che la migliore risorsa sono i nostri professionisti di alto livello. Oltre a un&#8217;attenzione esclusiva e dedicata Un team [&hellip;]","og_url":"https:\/\/www.institutocefer.com\/it\/presentazione\/","og_site_name":"Instituto Reproducci\u00f3n Cefer","article_publisher":"https:\/\/www.facebook.com\/institutocefer\/","article_modified_time":"2023-02-06T12:02:50+00:00","og_image":[{"url":"https:\/\/www.institutocefer.com\/wp-content\/uploads\/2022\/07\/presentacion.jpg"}],"twitter_card":"summary_large_image","twitter_site":"@institutocefer","twitter_misc":{"Tempo di lettura stimato":"1 minuto"},"schema":{"@context":"https:\/\/schema.org","@graph":[{"@type":["WebPage","MedicalWebPage"],"@id":"https:\/\/www.institutocefer.com\/it\/presentazione\/","url":"https:\/\/www.institutocefer.com\/it\/presentazione\/","name":"Presentazione - Centro de reproducci\u00f3n asistida - Instituto CEFER","isPartOf":{"@id":"https:\/\/www.institutocefer.com\/it\/#website"},"datePublished":"2022-07-14T09:03:09+00:00","dateModified":"2023-02-06T12:02:50+00:00","breadcrumb":{"@id":"https:\/\/www.institutocefer.com\/it\/presentazione\/#breadcrumb"},"inLanguage":"it-IT","potentialAction":[{"@type":"ReadAction","target":["https:\/\/www.institutocefer.com\/it\/presentazione\/"]}]},{"@type":"BreadcrumbList","@id":"https:\/\/www.institutocefer.com\/it\/presentazione\/#breadcrumb","itemListElement":[{"@type":"ListItem","position":1,"name":"Home","item":"https:\/\/www.institutocefer.com\/it\/"},{"@type":"ListItem","position":2,"name":"Presentazione"}]},{"@type":"WebSite","@id":"https:\/\/www.institutocefer.com\/it\/#website","url":"https:\/\/www.institutocefer.com\/it\/","name":"Instituto Reproducci\u00f3n Cefer","description":"M\u00e1s de 40 a\u00f1os de innovaci\u00f3n reproductiva","publisher":{"@id":"https:\/\/www.institutocefer.com\/it\/#organization"},"potentialAction":[{"@type":"SearchAction","target":{"@type":"EntryPoint","urlTemplate":"https:\/\/www.institutocefer.com\/it\/?s={search_term_string}"},"query-input":"required name=search_term_string"}],"inLanguage":"it-IT"},{"@type":"Organization","@id":"https:\/\/www.institutocefer.com\/it\/#organization","name":"Instituto Reproducci\u00f3n Cefer","url":"https:\/\/www.institutocefer.com\/it\/","logo":{"@type":"ImageObject","inLanguage":"it-IT","@id":"https:\/\/www.institutocefer.com\/it\/#\/schema\/logo\/image\/","url":"https:\/\/www.institutocefer.com\/wp-content\/uploads\/2022\/05\/logo_CEFER.png","contentUrl":"https:\/\/www.institutocefer.com\/wp-content\/uploads\/2022\/05\/logo_CEFER.png","width":207,"height":243,"caption":"Instituto Reproducci\u00f3n Cefer"},"image":{"@id":"https:\/\/www.institutocefer.com\/it\/#\/schema\/logo\/image\/"},"sameAs":["https:\/\/www.facebook.com\/institutocefer\/","https:\/\/twitter.com\/institutocefer"]}]}},"_links":{"self":[{"href":"https:\/\/www.institutocefer.com\/it\/wp-json\/wp\/v2\/pages\/7406"}],"collection":[{"href":"https:\/\/www.institutocefer.com\/it\/wp-json\/wp\/v2\/pages"}],"about":[{"href":"https:\/\/www.institutocefer.com\/it\/wp-json\/wp\/v2\/types\/page"}],"author":[{"embeddable":true,"href":"https:\/\/www.institutocefer.com\/it\/wp-json\/wp\/v2\/users\/1"}],"replies":[{"embeddable":true,"href":"https:\/\/www.institutocefer.com\/it\/wp-json\/wp\/v2\/comments?post=7406"}],"version-history":[{"count":1,"href":"https:\/\/www.institutocefer.com\/it\/wp-json\/wp\/v2\/pages\/7406\/revisions"}],"predecessor-version":[{"id":7407,"href":"https:\/\/www.institutocefer.com\/it\/wp-json\/wp\/v2\/pages\/7406\/revisions\/7407"}],"wp:attachment":[{"href":"https:\/\/www.institutocefer.com\/it\/wp-json\/wp\/v2\/media?parent=7406"}],"curies":[{"name":"wp","href":"https:\/\/api.w.org\/{rel}","templated":true}]}}