{"id":9078,"date":"2022-07-15T09:53:50","date_gmt":"2022-07-15T08:53:50","guid":{"rendered":"https:\/\/www.institutocefer.com\/blog\/"},"modified":"2023-03-29T09:21:40","modified_gmt":"2023-03-29T08:21:40","slug":"blog","status":"publish","type":"page","link":"https:\/\/www.institutocefer.com\/fr\/blog\/","title":{"rendered":"Blog"},"content":{"rendered":"\t\t<div data-elementor-type=\"wp-page\" data-elementor-id=\"9078\" class=\"elementor elementor-9078 elementor-4089\" data-elementor-post-type=\"page\">\n\t\t\t\t\t\t\t\t\t<section class=\"elementor-section elementor-top-section elementor-element elementor-element-c624e49 elementor-section-boxed elementor-section-height-default elementor-section-height-default\" data-id=\"c624e49\" data-element_type=\"section\">\n\t\t\t\t\t\t<div class=\"elementor-container elementor-column-gap-default\">\n\t\t\t\t\t<div class=\"elementor-column elementor-col-100 elementor-top-column elementor-element elementor-element-6723088\" data-id=\"6723088\" data-element_type=\"column\">\n\t\t\t<div class=\"elementor-widget-wrap elementor-element-populated\">\n\t\t\t\t\t\t\t\t<div class=\"elementor-element elementor-element-850c962 elementor-widget elementor-widget-heading\" data-id=\"850c962\" data-element_type=\"widget\" data-widget_type=\"heading.default\">\n\t\t\t\t<div class=\"elementor-widget-container\">\n\t\t\t<style>\/*! elementor - v3.14.0 - 26-06-2023 *\/\n.elementor-heading-title{padding:0;margin:0;line-height:1}.elementor-widget-heading .elementor-heading-title[class*=elementor-size-]>a{color:inherit;font-size:inherit;line-height:inherit}.elementor-widget-heading .elementor-heading-title.elementor-size-small{font-size:15px}.elementor-widget-heading .elementor-heading-title.elementor-size-medium{font-size:19px}.elementor-widget-heading .elementor-heading-title.elementor-size-large{font-size:29px}.elementor-widget-heading .elementor-heading-title.elementor-size-xl{font-size:39px}.elementor-widget-heading .elementor-heading-title.elementor-size-xxl{font-size:59px}<\/style><h1 class=\"elementor-heading-title elementor-size-default\">\u00c0 la recherche d'une grossesse<\/h1>\t\t<\/div>\n\t\t\t\t<\/div>\n\t\t\t\t<div class=\"elementor-element elementor-element-9184a95 elementor-widget elementor-widget-heading\" data-id=\"9184a95\" data-element_type=\"widget\" data-widget_type=\"heading.default\">\n\t\t\t\t<div class=\"elementor-widget-container\">\n\t\t\t<h2 class=\"elementor-heading-title elementor-size-default\">Le blog qui r\u00e9sout tous vos doutes sur la pr\u00e9-grossesse et la procr\u00e9ation assist\u00e9e<\/h2>\t\t<\/div>\n\t\t\t\t<\/div>\n\t\t\t\t\t<\/div>\n\t\t<\/div>\n\t\t\t\t\t\t\t<\/div>\n\t\t<\/section>\n\t\t\t\t<section class=\"elementor-section elementor-top-section elementor-element elementor-element-70b08f7b cols-70-30 elementor-section-boxed elementor-section-height-default elementor-section-height-default\" data-id=\"70b08f7b\" data-element_type=\"section\">\n\t\t\t\t\t\t<div class=\"elementor-container elementor-column-gap-default\">\n\t\t\t\t\t<div class=\"elementor-column elementor-col-66 elementor-top-column elementor-element elementor-element-3d846ef3\" data-id=\"3d846ef3\" data-element_type=\"column\">\n\t\t\t<div class=\"elementor-widget-wrap elementor-element-populated\">\n\t\t\t\t\t\t\t\t\t<\/div>\n\t\t<\/div>\n\t\t\t\t<div class=\"elementor-column elementor-col-33 elementor-top-column elementor-element elementor-element-6c212267\" data-id=\"6c212267\" data-element_type=\"column\">\n\t\t\t<div class=\"elementor-widget-wrap elementor-element-populated\">\n\t\t\t\t\t\t\t\t<div class=\"elementor-element elementor-element-964a02d elementor-widget elementor-widget-template\" data-id=\"964a02d\" data-element_type=\"widget\" data-widget_type=\"template.default\">\n\t\t\t\t<div class=\"elementor-widget-container\">\n\t\t\t\t\t<div class=\"elementor-template\">\n\t\t\t\t\t<div data-elementor-type=\"section\" data-elementor-id=\"6604\" class=\"elementor elementor-6604\" data-elementor-post-type=\"elementor_library\">\n\t\t\t\t\t\t\t\t<section class=\"elementor-section elementor-inner-section elementor-element elementor-element-49295478 elementor-section-boxed elementor-section-height-default elementor-section-height-default\" data-id=\"49295478\" data-element_type=\"section\" data-settings=\"{&quot;background_background&quot;:&quot;classic&quot;}\">\n\t\t\t\t\t\t\t<div class=\"elementor-background-overlay\"><\/div>\n\t\t\t\t\t\t\t<div class=\"elementor-container elementor-column-gap-default\">\n\t\t\t\t\t<div class=\"elementor-column elementor-col-100 elementor-inner-column elementor-element elementor-element-30a21855\" data-id=\"30a21855\" data-element_type=\"column\">\n\t\t\t<div class=\"elementor-widget-wrap elementor-element-populated\">\n\t\t\t\t\t\t\t\t<div class=\"elementor-element elementor-element-1ef51542 elementor-widget elementor-widget-heading\" data-id=\"1ef51542\" data-element_type=\"widget\" data-widget_type=\"heading.default\">\n\t\t\t\t<div class=\"elementor-widget-container\">\n\t\t\t<h4 class=\"elementor-heading-title elementor-size-default\">Suscribirse al blog<\/h4>\t\t<\/div>\n\t\t\t\t<\/div>\n\t\t\t\t<div class=\"elementor-element elementor-element-20bdd1a5 elementor-widget elementor-widget-shortcode\" data-id=\"20bdd1a5\" data-element_type=\"widget\" data-widget_type=\"shortcode.default\">\n\t\t\t\t<div class=\"elementor-widget-container\">\n\t\t\t\t\t<div class=\"elementor-shortcode\">\n\t\t\t\t\t<script>\n\t\t\t\t\t\twindow.hsFormsOnReady = window.hsFormsOnReady || [];\n\t\t\t\t\t\twindow.hsFormsOnReady.push(()=>{\n\t\t\t\t\t\t\thbspt.forms.create({\n\t\t\t\t\t\t\t\tportalId: 3340378,\n\t\t\t\t\t\t\t\tformId: \"8f9100e4-30d9-483b-b42e-5a4fce14a3b5\",\n\t\t\t\t\t\t\t\ttarget: \"#hbspt-form-1777594389000-7042063716\",\n\t\t\t\t\t\t\t\tregion: \"na1\",\n\t\t\t\t\t\t\t\t\n\t\t\t\t\t\t})});\n\t\t\t\t\t<\/script>\n\t\t\t\t\t<div class=\"hbspt-form\" id=\"hbspt-form-1777594389000-7042063716\"><\/div><\/div>\n\t\t\t\t<\/div>\n\t\t\t\t<\/div>\n\t\t\t\t\t<\/div>\n\t\t<\/div>\n\t\t\t\t\t\t\t<\/div>\n\t\t<\/section>\n\t\t\t\t\t\t<\/div>\n\t\t\t\t<\/div>\n\t\t\t\t<\/div>\n\t\t\t\t<\/div>\n\t\t\t\t<div class=\"elementor-element elementor-element-b837082 elementor-widget elementor-widget-global elementor-global-9438 elementor-global-6681 elementor-widget-html\" data-id=\"b837082\" data-element_type=\"widget\" data-widget_type=\"html.default\">\n\t\t\t\t<div class=\"elementor-widget-container\">\n\t\t\t<!--HubSpot Call-to-Action Code --><span class=\"hs-cta-wrapper\" id=\"hs-cta-wrapper-d6ac4ba7-41fe-4ff2-b04f-eaa3376637d8\"><span class=\"hs-cta-node hs-cta-d6ac4ba7-41fe-4ff2-b04f-eaa3376637d8\" id=\"hs-cta-d6ac4ba7-41fe-4ff2-b04f-eaa3376637d8\"><!--[if lte IE 8]><div id=\"hs-cta-ie-element\"><\/div><![endif]--><a href=\"https:\/\/cta-redirect.hubspot.com\/cta\/redirect\/3340378\/d6ac4ba7-41fe-4ff2-b04f-eaa3376637d8\" target=\"_blank\" rel=\"noopener\"><img decoding=\"async\" loading=\"lazy\" class=\"hs-cta-img\" id=\"hs-cta-img-d6ac4ba7-41fe-4ff2-b04f-eaa3376637d8\" style=\"border-width:0px;\" height=\"1461\" width=\"688\" src=\"https:\/\/no-cache.hubspot.com\/cta\/default\/3340378\/d6ac4ba7-41fe-4ff2-b04f-eaa3376637d8.png\"  alt=\"New Call-to-action\"\/><\/a><\/span><script charset=\"utf-8\" src=\"https:\/\/js.hscta.net\/cta\/current.js\"><\/script><script type=\"text\/javascript\"> hbspt.cta.load(3340378, 'd6ac4ba7-41fe-4ff2-b04f-eaa3376637d8', {\"useNewLoader\":\"true\",\"region\":\"na1\"}); <\/script><\/span><!-- end HubSpot Call-to-Action Code -->\t\t<\/div>\n\t\t\t\t<\/div>\n\t\t\t\t<div class=\"elementor-element elementor-element-7fc6390 elementor-widget elementor-widget-global elementor-global-9706 elementor-global-6685 elementor-widget-html\" data-id=\"7fc6390\" data-element_type=\"widget\" data-widget_type=\"html.default\">\n\t\t\t\t<div class=\"elementor-widget-container\">\n\t\t\t<!--HubSpot Call-to-Action Code --><span class=\"hs-cta-wrapper\" id=\"hs-cta-wrapper-5b26cfcb-6f2b-4d29-9887-29dc8939853d\"><span class=\"hs-cta-node hs-cta-5b26cfcb-6f2b-4d29-9887-29dc8939853d\" id=\"hs-cta-5b26cfcb-6f2b-4d29-9887-29dc8939853d\"><!--[if lte IE 8]><div id=\"hs-cta-ie-element\"><\/div><![endif]--><a href=\"https:\/\/cta-redirect.hubspot.com\/cta\/redirect\/3340378\/5b26cfcb-6f2b-4d29-9887-29dc8939853d\" target=\"_blank\" rel=\"noopener\"><img decoding=\"async\" loading=\"lazy\" class=\"hs-cta-img\" id=\"hs-cta-img-5b26cfcb-6f2b-4d29-9887-29dc8939853d\" style=\"border-width:0px;\" height=\"1461\" width=\"688\" src=\"https:\/\/no-cache.hubspot.com\/cta\/default\/3340378\/5b26cfcb-6f2b-4d29-9887-29dc8939853d.png\"  alt=\"T\u00c9L\u00c9CHARGER LE GUIDE\"\/><\/a><\/span><script charset=\"utf-8\" src=\"https:\/\/js.hscta.net\/cta\/current.js\"><\/script><script type=\"text\/javascript\"> hbspt.cta.load(3340378, '5b26cfcb-6f2b-4d29-9887-29dc8939853d', {\"useNewLoader\":\"true\",\"region\":\"na1\"}); <\/script><\/span><!-- end HubSpot Call-to-Action Code -->\t\t<\/div>\n\t\t\t\t<\/div>\n\t\t\t\t<div class=\"elementor-element elementor-element-73adcd7 elementor-widget elementor-widget-global elementor-global-8602 elementor-global-6691 elementor-widget-html\" data-id=\"73adcd7\" data-element_type=\"widget\" data-widget_type=\"html.default\">\n\t\t\t\t<div class=\"elementor-widget-container\">\n\t\t\t<!--HubSpot Call-to-Action Code --><span class=\"hs-cta-wrapper\" id=\"hs-cta-wrapper-1748f1b4-8073-4902-8fd2-db4aaaab5307\"><span class=\"hs-cta-node hs-cta-1748f1b4-8073-4902-8fd2-db4aaaab5307\" id=\"hs-cta-1748f1b4-8073-4902-8fd2-db4aaaab5307\"><!--[if lte IE 8]><div id=\"hs-cta-ie-element\"><\/div><![endif]--><a href=\"https:\/\/cta-redirect.hubspot.com\/cta\/redirect\/3340378\/1748f1b4-8073-4902-8fd2-db4aaaab5307\" target=\"_blank\" rel=\"noopener\"><img decoding=\"async\" loading=\"lazy\" class=\"hs-cta-img\" id=\"hs-cta-img-1748f1b4-8073-4902-8fd2-db4aaaab5307\" style=\"border-width:0px;\" height=\"511\" width=\"688\" src=\"https:\/\/no-cache.hubspot.com\/cta\/default\/3340378\/1748f1b4-8073-4902-8fd2-db4aaaab5307.png\"  alt=\"Vous souhaitez des informations ou prendre rendez-vous avec l'un de nos sp\u00e9cialistes en procr\u00e9ation assist\u00e9e? NOUS VOUS APPELONS GRATUITEMENT ET SANS AUCUNE OBLIGATION\"\/><\/a><\/span><script charset=\"utf-8\" src=\"https:\/\/js.hscta.net\/cta\/current.js\"><\/script><script type=\"text\/javascript\"> hbspt.cta.load(3340378, '1748f1b4-8073-4902-8fd2-db4aaaab5307', {\"useNewLoader\":\"true\",\"region\":\"na1\"}); <\/script><\/span><!-- end HubSpot Call-to-Action Code -->\t\t<\/div>\n\t\t\t\t<\/div>\n\t\t\t\t<div class=\"elementor-element elementor-element-43c36b2 elementor-widget elementor-widget-global elementor-global-4121 elementor-widget-sitemap\" data-id=\"43c36b2\" data-element_type=\"widget\" data-widget_type=\"sitemap.default\">\n\t\t\t\t<div class=\"elementor-widget-container\">\n\t\t\t<link rel=\"stylesheet\" href=\"https:\/\/www.institutocefer.com\/wp-content\/plugins\/elementor-pro\/assets\/css\/widget-theme-elements.min.css\"><div class=\"elementor-sitemap-wrap\"><div class=\"elementor-sitemap-section\"><h3 class=\"elementor-sitemap-title elementor-sitemap-category-title\">Categor\u00edas<\/h3><span class=\"elementor-sitemap-list elementor-sitemap-category-list\">Aucun<\/span><\/div><\/div>\t\t<\/div>\n\t\t\t\t<\/div>\n\t\t\t\t\t<\/div>\n\t\t<\/div>\n\t\t\t\t\t\t\t<\/div>\n\t\t<\/section>\n\t\t\t\t\t\t\t<\/div>\n\t\t","protected":false},"excerpt":{"rendered":"<p>\u00c0 la recherche d&rsquo;une grossesse Le blog qui r\u00e9sout tous vos doutes sur la pr\u00e9-grossesse et la procr\u00e9ation assist\u00e9e<\/p>\n","protected":false},"author":1,"featured_media":0,"parent":0,"menu_order":0,"comment_status":"closed","ping_status":"closed","template":"","meta":{"content-type":"","inline_featured_image":false},"yoast_head":"<!-- This site is optimized with the Yoast SEO plugin v20.11 - https:\/\/yoast.com\/wordpress\/plugins\/seo\/ -->\n<title>Blog - Centro de reproducci\u00f3n asistida - Instituto CEFER<\/title>\n<meta name=\"robots\" content=\"index, follow, max-snippet:-1, max-image-preview:large, max-video-preview:-1\" \/>\n<link rel=\"canonical\" href=\"https:\/\/www.institutocefer.com\/fr\/blog\/\" \/>\n<meta property=\"og:locale\" content=\"fr_FR\" \/>\n<meta property=\"og:type\" content=\"article\" \/>\n<meta property=\"og:title\" content=\"Blog - Centro de reproducci\u00f3n asistida - Instituto CEFER\" \/>\n<meta property=\"og:description\" content=\"\u00c0 la recherche d&rsquo;une grossesse Le blog qui r\u00e9sout tous vos doutes sur la pr\u00e9-grossesse et la procr\u00e9ation assist\u00e9e\" \/>\n<meta property=\"og:url\" content=\"https:\/\/www.institutocefer.com\/fr\/blog\/\" \/>\n<meta property=\"og:site_name\" content=\"Instituto Reproducci\u00f3n Cefer\" \/>\n<meta property=\"article:publisher\" content=\"https:\/\/www.facebook.com\/institutocefer\/\" \/>\n<meta property=\"article:modified_time\" content=\"2023-03-29T08:21:40+00:00\" \/>\n<meta property=\"og:image\" content=\"https:\/\/no-cache.hubspot.com\/cta\/default\/3340378\/d6ac4ba7-41fe-4ff2-b04f-eaa3376637d8.png\" \/>\n<meta name=\"twitter:card\" content=\"summary_large_image\" \/>\n<meta name=\"twitter:site\" content=\"@institutocefer\" \/>\n<script type=\"application\/ld+json\" class=\"yoast-schema-graph\">{\"@context\":\"https:\/\/schema.org\",\"@graph\":[{\"@type\":[\"WebPage\",\"MedicalWebPage\"],\"@id\":\"https:\/\/www.institutocefer.com\/fr\/blog\/\",\"url\":\"https:\/\/www.institutocefer.com\/fr\/blog\/\",\"name\":\"Blog - Centro de reproducci\u00f3n asistida - Instituto CEFER\",\"isPartOf\":{\"@id\":\"https:\/\/www.institutocefer.com\/fr\/#website\"},\"datePublished\":\"2022-07-15T08:53:50+00:00\",\"dateModified\":\"2023-03-29T08:21:40+00:00\",\"breadcrumb\":{\"@id\":\"https:\/\/www.institutocefer.com\/fr\/blog\/#breadcrumb\"},\"inLanguage\":\"fr-FR\",\"potentialAction\":[{\"@type\":\"ReadAction\",\"target\":[\"https:\/\/www.institutocefer.com\/fr\/blog\/\"]}]},{\"@type\":\"BreadcrumbList\",\"@id\":\"https:\/\/www.institutocefer.com\/fr\/blog\/#breadcrumb\",\"itemListElement\":[{\"@type\":\"ListItem\",\"position\":1,\"name\":\"Home\",\"item\":\"https:\/\/www.institutocefer.com\/fr\/\"},{\"@type\":\"ListItem\",\"position\":2,\"name\":\"Blog\"}]},{\"@type\":\"WebSite\",\"@id\":\"https:\/\/www.institutocefer.com\/fr\/#website\",\"url\":\"https:\/\/www.institutocefer.com\/fr\/\",\"name\":\"Instituto Reproducci\u00f3n Cefer\",\"description\":\"M\u00e1s de 40 a\u00f1os de innovaci\u00f3n reproductiva\",\"publisher\":{\"@id\":\"https:\/\/www.institutocefer.com\/fr\/#organization\"},\"potentialAction\":[{\"@type\":\"SearchAction\",\"target\":{\"@type\":\"EntryPoint\",\"urlTemplate\":\"https:\/\/www.institutocefer.com\/fr\/?s={search_term_string}\"},\"query-input\":\"required name=search_term_string\"}],\"inLanguage\":\"fr-FR\"},{\"@type\":\"Organization\",\"@id\":\"https:\/\/www.institutocefer.com\/fr\/#organization\",\"name\":\"Instituto Reproducci\u00f3n Cefer\",\"url\":\"https:\/\/www.institutocefer.com\/fr\/\",\"logo\":{\"@type\":\"ImageObject\",\"inLanguage\":\"fr-FR\",\"@id\":\"https:\/\/www.institutocefer.com\/fr\/#\/schema\/logo\/image\/\",\"url\":\"https:\/\/www.institutocefer.com\/wp-content\/uploads\/2022\/05\/logo_CEFER.png\",\"contentUrl\":\"https:\/\/www.institutocefer.com\/wp-content\/uploads\/2022\/05\/logo_CEFER.png\",\"width\":207,\"height\":243,\"caption\":\"Instituto Reproducci\u00f3n Cefer\"},\"image\":{\"@id\":\"https:\/\/www.institutocefer.com\/fr\/#\/schema\/logo\/image\/\"},\"sameAs\":[\"https:\/\/www.facebook.com\/institutocefer\/\",\"https:\/\/twitter.com\/institutocefer\"]}]}<\/script>\n<!-- \/ Yoast SEO plugin. -->","yoast_head_json":{"title":"Blog - Centro de reproducci\u00f3n asistida - Instituto CEFER","robots":{"index":"index","follow":"follow","max-snippet":"max-snippet:-1","max-image-preview":"max-image-preview:large","max-video-preview":"max-video-preview:-1"},"canonical":"https:\/\/www.institutocefer.com\/fr\/blog\/","og_locale":"fr_FR","og_type":"article","og_title":"Blog - Centro de reproducci\u00f3n asistida - Instituto CEFER","og_description":"\u00c0 la recherche d&rsquo;une grossesse Le blog qui r\u00e9sout tous vos doutes sur la pr\u00e9-grossesse et la procr\u00e9ation assist\u00e9e","og_url":"https:\/\/www.institutocefer.com\/fr\/blog\/","og_site_name":"Instituto Reproducci\u00f3n Cefer","article_publisher":"https:\/\/www.facebook.com\/institutocefer\/","article_modified_time":"2023-03-29T08:21:40+00:00","og_image":[{"url":"https:\/\/no-cache.hubspot.com\/cta\/default\/3340378\/d6ac4ba7-41fe-4ff2-b04f-eaa3376637d8.png"}],"twitter_card":"summary_large_image","twitter_site":"@institutocefer","schema":{"@context":"https:\/\/schema.org","@graph":[{"@type":["WebPage","MedicalWebPage"],"@id":"https:\/\/www.institutocefer.com\/fr\/blog\/","url":"https:\/\/www.institutocefer.com\/fr\/blog\/","name":"Blog - Centro de reproducci\u00f3n asistida - Instituto CEFER","isPartOf":{"@id":"https:\/\/www.institutocefer.com\/fr\/#website"},"datePublished":"2022-07-15T08:53:50+00:00","dateModified":"2023-03-29T08:21:40+00:00","breadcrumb":{"@id":"https:\/\/www.institutocefer.com\/fr\/blog\/#breadcrumb"},"inLanguage":"fr-FR","potentialAction":[{"@type":"ReadAction","target":["https:\/\/www.institutocefer.com\/fr\/blog\/"]}]},{"@type":"BreadcrumbList","@id":"https:\/\/www.institutocefer.com\/fr\/blog\/#breadcrumb","itemListElement":[{"@type":"ListItem","position":1,"name":"Home","item":"https:\/\/www.institutocefer.com\/fr\/"},{"@type":"ListItem","position":2,"name":"Blog"}]},{"@type":"WebSite","@id":"https:\/\/www.institutocefer.com\/fr\/#website","url":"https:\/\/www.institutocefer.com\/fr\/","name":"Instituto Reproducci\u00f3n Cefer","description":"M\u00e1s de 40 a\u00f1os de innovaci\u00f3n reproductiva","publisher":{"@id":"https:\/\/www.institutocefer.com\/fr\/#organization"},"potentialAction":[{"@type":"SearchAction","target":{"@type":"EntryPoint","urlTemplate":"https:\/\/www.institutocefer.com\/fr\/?s={search_term_string}"},"query-input":"required name=search_term_string"}],"inLanguage":"fr-FR"},{"@type":"Organization","@id":"https:\/\/www.institutocefer.com\/fr\/#organization","name":"Instituto Reproducci\u00f3n Cefer","url":"https:\/\/www.institutocefer.com\/fr\/","logo":{"@type":"ImageObject","inLanguage":"fr-FR","@id":"https:\/\/www.institutocefer.com\/fr\/#\/schema\/logo\/image\/","url":"https:\/\/www.institutocefer.com\/wp-content\/uploads\/2022\/05\/logo_CEFER.png","contentUrl":"https:\/\/www.institutocefer.com\/wp-content\/uploads\/2022\/05\/logo_CEFER.png","width":207,"height":243,"caption":"Instituto Reproducci\u00f3n Cefer"},"image":{"@id":"https:\/\/www.institutocefer.com\/fr\/#\/schema\/logo\/image\/"},"sameAs":["https:\/\/www.facebook.com\/institutocefer\/","https:\/\/twitter.com\/institutocefer"]}]}},"_links":{"self":[{"href":"https:\/\/www.institutocefer.com\/fr\/wp-json\/wp\/v2\/pages\/9078"}],"collection":[{"href":"https:\/\/www.institutocefer.com\/fr\/wp-json\/wp\/v2\/pages"}],"about":[{"href":"https:\/\/www.institutocefer.com\/fr\/wp-json\/wp\/v2\/types\/page"}],"author":[{"embeddable":true,"href":"https:\/\/www.institutocefer.com\/fr\/wp-json\/wp\/v2\/users\/1"}],"replies":[{"embeddable":true,"href":"https:\/\/www.institutocefer.com\/fr\/wp-json\/wp\/v2\/comments?post=9078"}],"version-history":[{"count":2,"href":"https:\/\/www.institutocefer.com\/fr\/wp-json\/wp\/v2\/pages\/9078\/revisions"}],"predecessor-version":[{"id":9823,"href":"https:\/\/www.institutocefer.com\/fr\/wp-json\/wp\/v2\/pages\/9078\/revisions\/9823"}],"wp:attachment":[{"href":"https:\/\/www.institutocefer.com\/fr\/wp-json\/wp\/v2\/media?parent=9078"}],"curies":[{"name":"wp","href":"https:\/\/api.w.org\/{rel}","templated":true}]}}