{"id":8867,"date":"2022-07-25T17:34:26","date_gmt":"2022-07-25T16:34:26","guid":{"rendered":"https:\/\/www.institutocefer.com\/politica-de-privacidad-y-aviso-legal\/"},"modified":"2023-03-14T08:03:50","modified_gmt":"2023-03-14T07:03:50","slug":"politica-de-privacidad-y-aviso-legal","status":"publish","type":"page","link":"https:\/\/www.institutocefer.com\/fr\/politica-de-privacidad-y-aviso-legal\/","title":{"rendered":"Politique de confidentialit\u00e9 et mentions l\u00e9gales"},"content":{"rendered":"\t\t<div data-elementor-type=\"wp-page\" data-elementor-id=\"8867\" class=\"elementor elementor-8867 elementor-5649\" data-elementor-post-type=\"page\">\n\t\t\t\t\t\t\t\t\t<section class=\"elementor-section elementor-top-section elementor-element elementor-element-e531e2e elementor-section-boxed elementor-section-height-default elementor-section-height-default\" data-id=\"e531e2e\" data-element_type=\"section\">\n\t\t\t\t\t\t<div class=\"elementor-container elementor-column-gap-default\">\n\t\t\t\t\t<div class=\"elementor-column elementor-col-100 elementor-top-column elementor-element elementor-element-0118c6d\" data-id=\"0118c6d\" data-element_type=\"column\">\n\t\t\t<div class=\"elementor-widget-wrap elementor-element-populated\">\n\t\t\t\t\t\t\t\t<div class=\"elementor-element elementor-element-7e7a247 elementor-widget elementor-widget-theme-post-title elementor-page-title elementor-widget-heading\" data-id=\"7e7a247\" data-element_type=\"widget\" data-widget_type=\"theme-post-title.default\">\n\t\t\t\t<div class=\"elementor-widget-container\">\n\t\t\t<style>\/*! elementor - v3.14.0 - 26-06-2023 *\/\n.elementor-heading-title{padding:0;margin:0;line-height:1}.elementor-widget-heading .elementor-heading-title[class*=elementor-size-]>a{color:inherit;font-size:inherit;line-height:inherit}.elementor-widget-heading .elementor-heading-title.elementor-size-small{font-size:15px}.elementor-widget-heading .elementor-heading-title.elementor-size-medium{font-size:19px}.elementor-widget-heading .elementor-heading-title.elementor-size-large{font-size:29px}.elementor-widget-heading .elementor-heading-title.elementor-size-xl{font-size:39px}.elementor-widget-heading .elementor-heading-title.elementor-size-xxl{font-size:59px}<\/style><h1 class=\"elementor-heading-title elementor-size-default\">Politique de confidentialit\u00e9 et mentions l\u00e9gales<\/h1>\t\t<\/div>\n\t\t\t\t<\/div>\n\t\t\t\t<div class=\"elementor-element elementor-element-052d187 elementor-widget elementor-widget-text-editor\" data-id=\"052d187\" data-element_type=\"widget\" data-widget_type=\"text-editor.default\">\n\t\t\t\t<div class=\"elementor-widget-container\">\n\t\t\t<style>\/*! elementor - v3.14.0 - 26-06-2023 *\/\n.elementor-widget-text-editor.elementor-drop-cap-view-stacked .elementor-drop-cap{background-color:#69727d;color:#fff}.elementor-widget-text-editor.elementor-drop-cap-view-framed .elementor-drop-cap{color:#69727d;border:3px solid;background-color:transparent}.elementor-widget-text-editor:not(.elementor-drop-cap-view-default) .elementor-drop-cap{margin-top:8px}.elementor-widget-text-editor:not(.elementor-drop-cap-view-default) .elementor-drop-cap-letter{width:1em;height:1em}.elementor-widget-text-editor .elementor-drop-cap{float:left;text-align:center;line-height:1;font-size:50px}.elementor-widget-text-editor .elementor-drop-cap-letter{display:inline-block}<\/style>\t\t\t\t<h3>POLITIQUE DE CONFIDENTIALIT\u00c9<\/h3>\n<p>Conform\u00e9ment au R\u00c8GLEMENT (UE) 2016\/679 DU PARLEMENT EUROP\u00c9EN ET DU CONSEIL du 27 avril 2016 relatif \u00e0 la protection des personnes physiques \u00e0 l&rsquo;\u00e9gard du traitement des donn\u00e9es \u00e0 caract\u00e8re personnel et \u00e0 la libre circulation de ces donn\u00e9es, et \u00e0 la loi organique 3 \/2018, du 5 d\u00e9cembre, Protection des donn\u00e9es personnelles et garantie des droits num\u00e9riques, vous \u00eates inform\u00e9 que les donn\u00e9es personnelles que vous fournissez via le site internet www.institutocefer.com (ci-apr\u00e8s le site internet), seront trait\u00e9es dans les termes suivants :<\/p>\n<p><strong>Responsable du traitement<\/strong><br \/>\nLes donn\u00e9es personnelles collect\u00e9es via ce site Web seront trait\u00e9es par INSTITUTO DE REPRODUCCI\u00d3N CEFER, S.L., domicili\u00e9 pour l&rsquo;exercice des droits \u00e0 GRAN VIA CORTS CATALANES, 416 &#8211; 08015 BARCELONA (Barcelone). Courriel : info@institutocefer.com<\/p>\n<p><strong>Objectifs du traitement<\/strong><\/p>\n<ul>\n<li>Vous informer sur nos produits et services, sur demande via les formulaires du site ou par e-mail.<\/li>\n<li>R\u00e9pondre et g\u00e9rer vos questions, commentaires et suggestions, le cas \u00e9ch\u00e9ant.<\/li>\n<li>Vous envoyer un budget pour le traitement le plus appropri\u00e9 pour vous, sur la base des r\u00e9ponses rapport\u00e9es dans le questionnaire de pr\u00e9-diagnostic en ligne.<\/li>\n<li>G\u00e9rer votre participation aux processus de s\u00e9lection actuels et futurs, lorsque vous nous envoyez vos donn\u00e9es (y compris votre CV) \u00e0 cette fin.<\/li>\n<\/ul>\n<p><strong>L\u00e9gitimation<\/strong><\/p>\n<p><span style=\"text-decoration: underline;\">Consentement.<\/span> Les donn\u00e9es personnelles obtenues via les formulaires du site Web seront trait\u00e9es uniquement sur la base du consentement accord\u00e9 par l&rsquo;int\u00e9ress\u00e9, par l&rsquo;acceptation de la case pr\u00e9vue \u00e0 cet effet. Ce consentement peut \u00eatre retir\u00e9 \u00e0 tout moment.<br \/>\n<span style=\"text-decoration: underline;\">Application des mesures pr\u00e9contractuelles<\/span>. Les donn\u00e9es personnelles trait\u00e9es dans le but d&rsquo;\u00e9tablir un devis seront trait\u00e9es sur la base de l&rsquo;application de mesures pr\u00e9contractuelles \u00e0 la demande de l&rsquo;int\u00e9ress\u00e9.<\/p>\n<p><strong>Destinataires<\/strong><br \/>\nLes donn\u00e9es personnelles obtenues via le site Web ne seront pas communiqu\u00e9es \u00e0 des tiers, sauf obligation l\u00e9gale.<\/p>\n<p><strong>Conservation<\/strong><br \/>\nLes donn\u00e9es personnelles fournies par l&rsquo;utilisateur pour recevoir des communications commerciales seront conserv\u00e9es tant que l&rsquo;int\u00e9ress\u00e9 ne demandera pas leur suppression ou retirera son consentement.<\/p>\n<p>Lorsque l&rsquo;utilisateur envoie ses donn\u00e9es personnelles pour participer aux processus de s\u00e9lection du RESPONSABLE, les donn\u00e9es seront trait\u00e9es pour participer \u00e0 ces processus de s\u00e9lection, et s&rsquo;il n&rsquo;est pas s\u00e9lectionn\u00e9, ses donn\u00e9es personnelles seront conserv\u00e9es pendant une p\u00e9riode de deux ans afin d&rsquo;\u00eatre pouvoir compter sur leur participation aux processus futurs.<\/p>\n<p>Lorsque l&rsquo;utilisateur envoie ses donn\u00e9es pour contacter le RESPONSABLE, faire des questions ou des suggestions, les donn\u00e9es seront conserv\u00e9es aussi longtemps que n\u00e9cessaire \u00e0 cette fin et des responsabilit\u00e9s pour le traitement peuvent survenir.<br \/>\nLes donn\u00e9es personnelles fournies pour l&rsquo;\u00e9laboration d&rsquo;un budget personnalis\u00e9 ne seront conserv\u00e9es que le temps n\u00e9cessaire \u00e0 la r\u00e9alisation de cette finalit\u00e9 et seront ensuite supprim\u00e9es.<\/p>\n<p>Donn\u00e9es de fr\u00e9quentation, statistiques et visites web : les donn\u00e9es seront conserv\u00e9es pendant une dur\u00e9e de trois ans.<\/p>\n<p><strong>Droits<\/strong><br \/>\nVous pouvez exercer vos droits d&rsquo;acc\u00e8s, de rectification, de suppression et de portabilit\u00e9 de vos donn\u00e9es, de limitation et d&rsquo;opposition \u00e0 leur traitement, en \u00e9crivant accompagn\u00e9 d&rsquo;un document officiel qui vous identifie adress\u00e9 \u00e0 INSTITUTO DE REPRODUCCI\u00d3N CEFER, S.L. GRAN VIA CORTS CATALANES, 416 &#8211; 08015 BARCELONE (Barcelone). Courriel : info@institutocefer.com. En cas de d\u00e9saccord avec le traitement, vous avez \u00e9galement le droit de d\u00e9poser une r\u00e9clamation aupr\u00e8s de l&rsquo;Agence espagnole de protection des donn\u00e9es (www.aepd.es).<\/p>\n<p><strong>Politique de protection de l&rsquo;enfance<\/strong><br \/>\nCelui qui fournit les donn\u00e9es via les formulaires de ce site et accepte son traitement d\u00e9clare formellement avoir plus de 14 ans.<br \/>\nL&rsquo;acc\u00e8s et l&rsquo;utilisation du portail aux mineurs de moins de 14 ans sont interdits.<br \/>\nLe RESPONSABLE rappelle aux personnes majeures qui ont en charge des mineurs, qu&rsquo;il sera de leur seule responsabilit\u00e9 si un mineur saisit ses donn\u00e9es pour demander un produit. Il les informe \u00e9galement qu&rsquo;il existe des programmes informatiques permettant de limiter la navigation en filtrant ou en bloquant certains contenus.<\/p>\n<p><strong>Traitement d\u00e9riv\u00e9 de l&rsquo;utilisation des r\u00e9seaux sociaux<\/strong><br \/>\nEn suivant notre profil sur les r\u00e9seaux sociaux, vous consentez express\u00e9ment au traitement de vos donn\u00e9es personnelles conform\u00e9ment \u00e0 la politique de confidentialit\u00e9 du r\u00e9seau social correspondant. De m\u00eame, vous consentez express\u00e9ment \u00e0 l&rsquo;acc\u00e8s du RESPONSABLE au traitement de vos donn\u00e9es contenues dans votre profil et \u00e0 ce que les nouvelles publi\u00e9es sur tout produit RESPONSABLE apparaissent sur votre mur. Votre demande de connexion implique n\u00e9cessairement votre consentement aux traitements indiqu\u00e9s, celui-ci \u00e9tant la base l\u00e9gale du traitement. Les donn\u00e9es seront conserv\u00e9es tant que l&rsquo;int\u00e9ress\u00e9 ne demandera pas son opposition ou ne retirera pas son consentement, pouvant le retirer \u00e0 tout moment.<br \/>\nLes commentaires et le contenu publi\u00e9s sur les r\u00e9seaux sociaux deviendront des informations publiques, les utilisateurs doivent donc \u00eatre particuli\u00e8rement prudents lorsqu&rsquo;ils d\u00e9cident de partager leurs informations personnelles. Le CONTR\u00d4LEUR n&rsquo;est pas responsable des informations que les utilisateurs saisissent sur la page. Cependant, les personnes dont les donn\u00e9es personnelles sont publi\u00e9es ou incluses dans les commentaires peuvent demander au RESPONSABLE de les annuler.<\/p>\n<h3>II. AVIS JURIDIQUE<\/h3>\n<p><strong>Identifiant<\/strong><br \/>\nConform\u00e9ment au devoir d&rsquo;information pr\u00e9vu \u00e0 l&rsquo;article 10 de la loi 34\/2002 du 11 juillet sur les services de la soci\u00e9t\u00e9 de l&rsquo;information et du commerce \u00e9lectronique, INSTITUTO DE REPRODUCCI\u00d3N CEFER, S.L. (CEFER), vous informe que les donn\u00e9es fournies ici correspondent au propri\u00e9taire du site www.institutocefer.com.<br \/>\n<strong>Nom:<\/strong> INSTITUT DE REPRODUCTION DU CEFER, S.L.<br \/>\n<strong>Adresse:<\/strong> GRAN VIA CORTS CATALANES, 416 &#8211; 08015 BARCELONE<br \/>\n<strong>T\u00e9l\u00e9phone:<\/strong> +3493 254 60 70<br \/>\n<strong>Courriel:<\/strong> info@institutocefer.com<br \/>\n<strong>CIF:<\/strong> B60508918<br \/>\n<strong>Inscription au Registre:<\/strong> Registre du Commerce de Barcelone Tome 26785, Folio 214, Feuille B-108303<\/p>\n<p><strong>Propri\u00e9t\u00e9 intellectuelle et industrielle<\/strong><br \/>\nTous les droits de propri\u00e9t\u00e9 industrielle et intellectuelle de tous les \u00e9l\u00e9ments contenus dans ce site Web, y compris les marques, les formats, les conceptions graphiques, les textes, les images et les documents, appartiennent au CEFER et sont prot\u00e9g\u00e9s par les lois espagnoles et internationales sur la propri\u00e9t\u00e9 intellectuelle et industrielle. La reproduction totale ou partielle de ce site Web et de tout son contenu sans l&rsquo;autorisation \u00e9crite expresse du CEFER est express\u00e9ment interdite.<br \/>\nL&rsquo;acc\u00e8s au site Web n&rsquo;implique aucun type de renonciation, transmission, licence ou cession de ces droits par CEFER, sauf indication contraire expresse.<\/p>\n<p><strong>Condition d&rsquo;utilisation<\/strong><br \/>\nL&rsquo;acc\u00e8s \u00e0 ce site Web implique l&rsquo;acceptation sans r\u00e9serve des pr\u00e9sentes conditions d&rsquo;utilisation qui r\u00e9glementent l&rsquo;acc\u00e8s et l&rsquo;utilisation de celui-ci afin de mettre \u00e0 la disposition des utilisateurs des informations sur nos produits.<\/p>\n<p>L&rsquo;utilisation du contenu de ce site Web pour son utilisation \u00e0 des fins commerciales ou pour sa distribution, transformation ou communication est express\u00e9ment interdite.<br \/>\nLe CEFER ne sera pas responsable de toute cons\u00e9quence, dommage ou pr\u00e9judice pouvant d\u00e9couler de ladite utilisation ou de l&rsquo;utilisation des informations.<br \/>\nL&rsquo;acc\u00e8s \u00e0 ce site Web et l&rsquo;utilisation qui peut \u00eatre faite des informations qu&rsquo;il contient rel\u00e8vent de la seule responsabilit\u00e9 de la personne qui l&rsquo;ex\u00e9cute.<br \/>\nL&rsquo;utilisateur s&rsquo;engage \u00e0 ne pas utiliser les informations publi\u00e9es sur ce site \u00e0 des fins ou effets illicites ou pr\u00e9judiciables, \u00e0 ne pas endommager ou rendre les informations inutiles et \u00e0 ne r\u00e9aliser aucune autre action qui serait contraire au contenu des pr\u00e9sentes mentions l\u00e9gales.<br \/>\nCEFER ne peut garantir l&rsquo;absence d&rsquo;interruptions ou d&rsquo;erreurs dans l&rsquo;acc\u00e8s \u00e0 ce site, bien qu&rsquo;il fasse de son mieux pour les \u00e9viter.<\/p>\n<p><strong>Liens vers d&rsquo;autres sites Web<\/strong><br \/>\nLes liens (links) que vous pouvez trouver sur ce site Web sont un service aux utilisateurs. Ces pages ne sont ni exploit\u00e9es ni contr\u00f4l\u00e9es par CEFER, par cons\u00e9quent, il n&rsquo;est pas responsable du contenu de ces sites Web et n&rsquo;est pas couvert par le pr\u00e9sent avis juridique. Si vous acc\u00e9dez \u00e0 ces pages Web, vous devez tenir compte du fait que leurs politiques de confidentialit\u00e9 peuvent \u00eatre diff\u00e9rentes des n\u00f4tres.<\/p>\n<p><strong>L\u00e9gislation applicable et juridiction<\/strong><br \/>\nLe pr\u00e9sent avis juridique est r\u00e9gi par la r\u00e9glementation espagnole en vigueur qui s&rsquo;y applique.<br \/>\nPour la r\u00e9solution des litiges pouvant survenir du fait des dispositions des pr\u00e9sentes dispositions et de leur interpr\u00e9tation, application et respect, les parties se soumettent \u00e0 la juridiction correspondant au domicile de l&rsquo;utilisateur.<\/p>\n\t\t\t\t\t\t<\/div>\n\t\t\t\t<\/div>\n\t\t\t\t\t<\/div>\n\t\t<\/div>\n\t\t\t\t\t\t\t<\/div>\n\t\t<\/section>\n\t\t\t\t<section class=\"elementor-section elementor-top-section elementor-element elementor-element-5bc6a195 elementor-section-boxed elementor-section-height-default elementor-section-height-default\" data-id=\"5bc6a195\" data-element_type=\"section\">\n\t\t\t\t\t\t<div class=\"elementor-container elementor-column-gap-no\">\n\t\t\t\t\t<div class=\"elementor-column elementor-col-100 elementor-top-column elementor-element elementor-element-1d21ec3c\" data-id=\"1d21ec3c\" data-element_type=\"column\" data-settings=\"{&quot;background_background&quot;:&quot;classic&quot;}\">\n\t\t\t<div class=\"elementor-widget-wrap elementor-element-populated\">\n\t\t\t\t\t\t\t\t<section class=\"elementor-section elementor-inner-section elementor-element elementor-element-7c12562d elementor-section-boxed elementor-section-height-default elementor-section-height-default\" data-id=\"7c12562d\" data-element_type=\"section\">\n\t\t\t\t\t\t<div class=\"elementor-container elementor-column-gap-default\">\n\t\t\t\t\t<div class=\"elementor-column elementor-col-100 elementor-inner-column elementor-element elementor-element-606ff3f5\" data-id=\"606ff3f5\" data-element_type=\"column\" data-settings=\"{&quot;background_background&quot;:&quot;classic&quot;}\">\n\t\t\t<div class=\"elementor-widget-wrap elementor-element-populated\">\n\t\t\t\t\t\t\t\t<div class=\"elementor-element elementor-element-6769d8d elementor-widget elementor-widget-heading\" data-id=\"6769d8d\" data-element_type=\"widget\" data-widget_type=\"heading.default\">\n\t\t\t\t<div class=\"elementor-widget-container\">\n\t\t\t<span class=\"elementor-heading-title elementor-size-default\">La reproduction assist\u00e9e<\/span>\t\t<\/div>\n\t\t\t\t<\/div>\n\t\t\t\t<div class=\"elementor-element elementor-element-4e7ee9e9 elementor-widget__width-initial elementor-widget elementor-widget-heading\" data-id=\"4e7ee9e9\" data-element_type=\"widget\" data-widget_type=\"heading.default\">\n\t\t\t\t<div class=\"elementor-widget-container\">\n\t\t\t<h4 class=\"elementor-heading-title elementor-size-default\">Votre <strong>pr\u00e9-diagnostic et devis<\/strong> en ligne gratuit en 2 minutes<\/h4>\t\t<\/div>\n\t\t\t\t<\/div>\n\t\t\t\t<div class=\"elementor-element elementor-element-481d1d00 elementor-align-right elementor-absolute elementor-widget__width-initial elementor-widget elementor-widget-button\" data-id=\"481d1d00\" data-element_type=\"widget\" data-settings=\"{&quot;_position&quot;:&quot;absolute&quot;}\" data-widget_type=\"button.default\">\n\t\t\t\t<div class=\"elementor-widget-container\">\n\t\t\t\t\t<div class=\"elementor-button-wrapper\">\n\t\t\t<a class=\"elementor-button elementor-button-link elementor-size-sm\" href=\"https:\/\/www.institutocefer.com\/it\/pre-diagnostico\/\">\n\t\t\t\t\t\t<span class=\"elementor-button-content-wrapper\">\n\t\t\t\t\t\t<span class=\"elementor-button-text\">Pr\u00e9-diagnostic en ligne<\/span>\n\t\t<\/span>\n\t\t\t\t\t<\/a>\n\t\t<\/div>\n\t\t\t\t<\/div>\n\t\t\t\t<\/div>\n\t\t\t\t\t<\/div>\n\t\t<\/div>\n\t\t\t\t\t\t\t<\/div>\n\t\t<\/section>\n\t\t\t\t\t<\/div>\n\t\t<\/div>\n\t\t\t\t\t\t\t<\/div>\n\t\t<\/section>\n\t\t\t\t\t\t\t<\/div>\n\t\t","protected":false},"excerpt":{"rendered":"<p>POLITIQUE DE CONFIDENTIALIT\u00c9 Conform\u00e9ment au R\u00c8GLEMENT (UE) 2016\/679 DU PARLEMENT EUROP\u00c9EN ET DU CONSEIL du 27 avril 2016 relatif \u00e0 la protection des personnes physiques \u00e0 l&rsquo;\u00e9gard du traitement des donn\u00e9es \u00e0 caract\u00e8re personnel et \u00e0 la libre circulation de ces donn\u00e9es, et \u00e0 la loi organique 3 \/2018, du 5 d\u00e9cembre, Protection des donn\u00e9es [&hellip;]<\/p>\n","protected":false},"author":1,"featured_media":0,"parent":0,"menu_order":0,"comment_status":"closed","ping_status":"closed","template":"","meta":{"content-type":"","inline_featured_image":false},"yoast_head":"<!-- This site is optimized with the Yoast SEO plugin v20.11 - https:\/\/yoast.com\/wordpress\/plugins\/seo\/ -->\n<title>Politique de confidentialit\u00e9 et mentions l\u00e9gales - Centro de reproducci\u00f3n asistida - Instituto CEFER<\/title>\n<meta name=\"robots\" content=\"index, follow, max-snippet:-1, max-image-preview:large, max-video-preview:-1\" \/>\n<link rel=\"canonical\" href=\"https:\/\/www.institutocefer.com\/fr\/politica-de-privacidad-y-aviso-legal\/\" \/>\n<meta property=\"og:locale\" content=\"fr_FR\" \/>\n<meta property=\"og:type\" content=\"article\" \/>\n<meta property=\"og:title\" content=\"Politique de confidentialit\u00e9 et mentions l\u00e9gales - Centro de reproducci\u00f3n asistida - Instituto CEFER\" \/>\n<meta property=\"og:description\" content=\"POLITIQUE DE CONFIDENTIALIT\u00c9 Conform\u00e9ment au R\u00c8GLEMENT (UE) 2016\/679 DU PARLEMENT EUROP\u00c9EN ET DU CONSEIL du 27 avril 2016 relatif \u00e0 la protection des personnes physiques \u00e0 l&rsquo;\u00e9gard du traitement des donn\u00e9es \u00e0 caract\u00e8re personnel et \u00e0 la libre circulation de ces donn\u00e9es, et \u00e0 la loi organique 3 \/2018, du 5 d\u00e9cembre, Protection des donn\u00e9es [&hellip;]\" \/>\n<meta property=\"og:url\" content=\"https:\/\/www.institutocefer.com\/fr\/politica-de-privacidad-y-aviso-legal\/\" \/>\n<meta property=\"og:site_name\" content=\"Instituto Reproducci\u00f3n Cefer\" \/>\n<meta property=\"article:publisher\" content=\"https:\/\/www.facebook.com\/institutocefer\/\" \/>\n<meta property=\"article:modified_time\" content=\"2023-03-14T07:03:50+00:00\" \/>\n<meta name=\"twitter:card\" content=\"summary_large_image\" \/>\n<meta name=\"twitter:site\" content=\"@institutocefer\" \/>\n<meta name=\"twitter:label1\" content=\"Dur\u00e9e de lecture estim\u00e9e\" \/>\n\t<meta name=\"twitter:data1\" content=\"7 minutes\" \/>\n<script type=\"application\/ld+json\" class=\"yoast-schema-graph\">{\"@context\":\"https:\/\/schema.org\",\"@graph\":[{\"@type\":[\"WebPage\",\"MedicalWebPage\"],\"@id\":\"https:\/\/www.institutocefer.com\/fr\/politica-de-privacidad-y-aviso-legal\/\",\"url\":\"https:\/\/www.institutocefer.com\/fr\/politica-de-privacidad-y-aviso-legal\/\",\"name\":\"Politique de confidentialit\u00e9 et mentions l\u00e9gales - Centro de reproducci\u00f3n asistida - Instituto CEFER\",\"isPartOf\":{\"@id\":\"https:\/\/www.institutocefer.com\/fr\/#website\"},\"datePublished\":\"2022-07-25T16:34:26+00:00\",\"dateModified\":\"2023-03-14T07:03:50+00:00\",\"breadcrumb\":{\"@id\":\"https:\/\/www.institutocefer.com\/fr\/politica-de-privacidad-y-aviso-legal\/#breadcrumb\"},\"inLanguage\":\"fr-FR\",\"potentialAction\":[{\"@type\":\"ReadAction\",\"target\":[\"https:\/\/www.institutocefer.com\/fr\/politica-de-privacidad-y-aviso-legal\/\"]}]},{\"@type\":\"BreadcrumbList\",\"@id\":\"https:\/\/www.institutocefer.com\/fr\/politica-de-privacidad-y-aviso-legal\/#breadcrumb\",\"itemListElement\":[{\"@type\":\"ListItem\",\"position\":1,\"name\":\"Home\",\"item\":\"https:\/\/www.institutocefer.com\/fr\/\"},{\"@type\":\"ListItem\",\"position\":2,\"name\":\"Politique de confidentialit\u00e9 et mentions l\u00e9gales\"}]},{\"@type\":\"WebSite\",\"@id\":\"https:\/\/www.institutocefer.com\/fr\/#website\",\"url\":\"https:\/\/www.institutocefer.com\/fr\/\",\"name\":\"Instituto Reproducci\u00f3n Cefer\",\"description\":\"M\u00e1s de 40 a\u00f1os de innovaci\u00f3n reproductiva\",\"publisher\":{\"@id\":\"https:\/\/www.institutocefer.com\/fr\/#organization\"},\"potentialAction\":[{\"@type\":\"SearchAction\",\"target\":{\"@type\":\"EntryPoint\",\"urlTemplate\":\"https:\/\/www.institutocefer.com\/fr\/?s={search_term_string}\"},\"query-input\":\"required name=search_term_string\"}],\"inLanguage\":\"fr-FR\"},{\"@type\":\"Organization\",\"@id\":\"https:\/\/www.institutocefer.com\/fr\/#organization\",\"name\":\"Instituto Reproducci\u00f3n Cefer\",\"url\":\"https:\/\/www.institutocefer.com\/fr\/\",\"logo\":{\"@type\":\"ImageObject\",\"inLanguage\":\"fr-FR\",\"@id\":\"https:\/\/www.institutocefer.com\/fr\/#\/schema\/logo\/image\/\",\"url\":\"https:\/\/www.institutocefer.com\/wp-content\/uploads\/2022\/05\/logo_CEFER.png\",\"contentUrl\":\"https:\/\/www.institutocefer.com\/wp-content\/uploads\/2022\/05\/logo_CEFER.png\",\"width\":207,\"height\":243,\"caption\":\"Instituto Reproducci\u00f3n Cefer\"},\"image\":{\"@id\":\"https:\/\/www.institutocefer.com\/fr\/#\/schema\/logo\/image\/\"},\"sameAs\":[\"https:\/\/www.facebook.com\/institutocefer\/\",\"https:\/\/twitter.com\/institutocefer\"]}]}<\/script>\n<!-- \/ Yoast SEO plugin. -->","yoast_head_json":{"title":"Politique de confidentialit\u00e9 et mentions l\u00e9gales - Centro de reproducci\u00f3n asistida - Instituto CEFER","robots":{"index":"index","follow":"follow","max-snippet":"max-snippet:-1","max-image-preview":"max-image-preview:large","max-video-preview":"max-video-preview:-1"},"canonical":"https:\/\/www.institutocefer.com\/fr\/politica-de-privacidad-y-aviso-legal\/","og_locale":"fr_FR","og_type":"article","og_title":"Politique de confidentialit\u00e9 et mentions l\u00e9gales - Centro de reproducci\u00f3n asistida - Instituto CEFER","og_description":"POLITIQUE DE CONFIDENTIALIT\u00c9 Conform\u00e9ment au R\u00c8GLEMENT (UE) 2016\/679 DU PARLEMENT EUROP\u00c9EN ET DU CONSEIL du 27 avril 2016 relatif \u00e0 la protection des personnes physiques \u00e0 l&rsquo;\u00e9gard du traitement des donn\u00e9es \u00e0 caract\u00e8re personnel et \u00e0 la libre circulation de ces donn\u00e9es, et \u00e0 la loi organique 3 \/2018, du 5 d\u00e9cembre, Protection des donn\u00e9es [&hellip;]","og_url":"https:\/\/www.institutocefer.com\/fr\/politica-de-privacidad-y-aviso-legal\/","og_site_name":"Instituto Reproducci\u00f3n Cefer","article_publisher":"https:\/\/www.facebook.com\/institutocefer\/","article_modified_time":"2023-03-14T07:03:50+00:00","twitter_card":"summary_large_image","twitter_site":"@institutocefer","twitter_misc":{"Dur\u00e9e de lecture estim\u00e9e":"7 minutes"},"schema":{"@context":"https:\/\/schema.org","@graph":[{"@type":["WebPage","MedicalWebPage"],"@id":"https:\/\/www.institutocefer.com\/fr\/politica-de-privacidad-y-aviso-legal\/","url":"https:\/\/www.institutocefer.com\/fr\/politica-de-privacidad-y-aviso-legal\/","name":"Politique de confidentialit\u00e9 et mentions l\u00e9gales - Centro de reproducci\u00f3n asistida - Instituto CEFER","isPartOf":{"@id":"https:\/\/www.institutocefer.com\/fr\/#website"},"datePublished":"2022-07-25T16:34:26+00:00","dateModified":"2023-03-14T07:03:50+00:00","breadcrumb":{"@id":"https:\/\/www.institutocefer.com\/fr\/politica-de-privacidad-y-aviso-legal\/#breadcrumb"},"inLanguage":"fr-FR","potentialAction":[{"@type":"ReadAction","target":["https:\/\/www.institutocefer.com\/fr\/politica-de-privacidad-y-aviso-legal\/"]}]},{"@type":"BreadcrumbList","@id":"https:\/\/www.institutocefer.com\/fr\/politica-de-privacidad-y-aviso-legal\/#breadcrumb","itemListElement":[{"@type":"ListItem","position":1,"name":"Home","item":"https:\/\/www.institutocefer.com\/fr\/"},{"@type":"ListItem","position":2,"name":"Politique de confidentialit\u00e9 et mentions l\u00e9gales"}]},{"@type":"WebSite","@id":"https:\/\/www.institutocefer.com\/fr\/#website","url":"https:\/\/www.institutocefer.com\/fr\/","name":"Instituto Reproducci\u00f3n Cefer","description":"M\u00e1s de 40 a\u00f1os de innovaci\u00f3n reproductiva","publisher":{"@id":"https:\/\/www.institutocefer.com\/fr\/#organization"},"potentialAction":[{"@type":"SearchAction","target":{"@type":"EntryPoint","urlTemplate":"https:\/\/www.institutocefer.com\/fr\/?s={search_term_string}"},"query-input":"required name=search_term_string"}],"inLanguage":"fr-FR"},{"@type":"Organization","@id":"https:\/\/www.institutocefer.com\/fr\/#organization","name":"Instituto Reproducci\u00f3n Cefer","url":"https:\/\/www.institutocefer.com\/fr\/","logo":{"@type":"ImageObject","inLanguage":"fr-FR","@id":"https:\/\/www.institutocefer.com\/fr\/#\/schema\/logo\/image\/","url":"https:\/\/www.institutocefer.com\/wp-content\/uploads\/2022\/05\/logo_CEFER.png","contentUrl":"https:\/\/www.institutocefer.com\/wp-content\/uploads\/2022\/05\/logo_CEFER.png","width":207,"height":243,"caption":"Instituto Reproducci\u00f3n Cefer"},"image":{"@id":"https:\/\/www.institutocefer.com\/fr\/#\/schema\/logo\/image\/"},"sameAs":["https:\/\/www.facebook.com\/institutocefer\/","https:\/\/twitter.com\/institutocefer"]}]}},"_links":{"self":[{"href":"https:\/\/www.institutocefer.com\/fr\/wp-json\/wp\/v2\/pages\/8867"}],"collection":[{"href":"https:\/\/www.institutocefer.com\/fr\/wp-json\/wp\/v2\/pages"}],"about":[{"href":"https:\/\/www.institutocefer.com\/fr\/wp-json\/wp\/v2\/types\/page"}],"author":[{"embeddable":true,"href":"https:\/\/www.institutocefer.com\/fr\/wp-json\/wp\/v2\/users\/1"}],"replies":[{"embeddable":true,"href":"https:\/\/www.institutocefer.com\/fr\/wp-json\/wp\/v2\/comments?post=8867"}],"version-history":[{"count":3,"href":"https:\/\/www.institutocefer.com\/fr\/wp-json\/wp\/v2\/pages\/8867\/revisions"}],"predecessor-version":[{"id":9326,"href":"https:\/\/www.institutocefer.com\/fr\/wp-json\/wp\/v2\/pages\/8867\/revisions\/9326"}],"wp:attachment":[{"href":"https:\/\/www.institutocefer.com\/fr\/wp-json\/wp\/v2\/media?parent=8867"}],"curies":[{"name":"wp","href":"https:\/\/api.w.org\/{rel}","templated":true}]}}