{"id":8331,"date":"2022-07-14T10:03:09","date_gmt":"2022-07-14T09:03:09","guid":{"rendered":"https:\/\/www.institutocefer.com\/presentation\/"},"modified":"2023-02-23T09:01:04","modified_gmt":"2023-02-23T08:01:04","slug":"presentation","status":"publish","type":"page","link":"https:\/\/www.institutocefer.com\/fr\/presentation\/","title":{"rendered":"Pr\u00e9sentation"},"content":{"rendered":"\t\t<div data-elementor-type=\"wp-page\" data-elementor-id=\"8331\" class=\"elementor elementor-8331 elementor-3977\" data-elementor-post-type=\"page\">\n\t\t\t\t\t\t\t\t\t<section class=\"elementor-section elementor-top-section elementor-element elementor-element-1e450280 cols-70-30 elementor-section-boxed elementor-section-height-default elementor-section-height-default\" data-id=\"1e450280\" data-element_type=\"section\">\n\t\t\t\t\t\t<div class=\"elementor-container elementor-column-gap-default\">\n\t\t\t\t\t<div class=\"elementor-column elementor-col-66 elementor-top-column elementor-element elementor-element-945ec1c\" data-id=\"945ec1c\" data-element_type=\"column\">\n\t\t\t<div class=\"elementor-widget-wrap elementor-element-populated\">\n\t\t\t\t\t\t\t\t<div class=\"elementor-element elementor-element-82ee89e elementor-widget elementor-widget-heading\" data-id=\"82ee89e\" data-element_type=\"widget\" data-widget_type=\"heading.default\">\n\t\t\t\t<div class=\"elementor-widget-container\">\n\t\t\t<style>\/*! elementor - v3.14.0 - 26-06-2023 *\/\n.elementor-heading-title{padding:0;margin:0;line-height:1}.elementor-widget-heading .elementor-heading-title[class*=elementor-size-]>a{color:inherit;font-size:inherit;line-height:inherit}.elementor-widget-heading .elementor-heading-title.elementor-size-small{font-size:15px}.elementor-widget-heading .elementor-heading-title.elementor-size-medium{font-size:19px}.elementor-widget-heading .elementor-heading-title.elementor-size-large{font-size:29px}.elementor-widget-heading .elementor-heading-title.elementor-size-xl{font-size:39px}.elementor-widget-heading .elementor-heading-title.elementor-size-xxl{font-size:59px}<\/style><h1 class=\"elementor-heading-title elementor-size-default\">Experts en procr\u00e9ation assist\u00e9e<\/h1>\t\t<\/div>\n\t\t\t\t<\/div>\n\t\t\t\t<div class=\"elementor-element elementor-element-06b4769 elementor-widget elementor-widget-heading\" data-id=\"06b4769\" data-element_type=\"widget\" data-widget_type=\"heading.default\">\n\t\t\t\t<div class=\"elementor-widget-container\">\n\t\t\t<h2 class=\"elementor-heading-title elementor-size-default\">Au Cefer, vous aurez l'attention de sp\u00e9cialistes des traitements de fertilit\u00e9<\/h2>\t\t<\/div>\n\t\t\t\t<\/div>\n\t\t\t\t<div class=\"elementor-element elementor-element-8300543 elementor-widget elementor-widget-text-editor\" data-id=\"8300543\" data-element_type=\"widget\" data-widget_type=\"text-editor.default\">\n\t\t\t\t<div class=\"elementor-widget-container\">\n\t\t\t<style>\/*! elementor - v3.14.0 - 26-06-2023 *\/\n.elementor-widget-text-editor.elementor-drop-cap-view-stacked .elementor-drop-cap{background-color:#69727d;color:#fff}.elementor-widget-text-editor.elementor-drop-cap-view-framed .elementor-drop-cap{color:#69727d;border:3px solid;background-color:transparent}.elementor-widget-text-editor:not(.elementor-drop-cap-view-default) .elementor-drop-cap{margin-top:8px}.elementor-widget-text-editor:not(.elementor-drop-cap-view-default) .elementor-drop-cap-letter{width:1em;height:1em}.elementor-widget-text-editor .elementor-drop-cap{float:left;text-align:center;line-height:1;font-size:50px}.elementor-widget-text-editor .elementor-drop-cap-letter{display:inline-block}<\/style>\t\t\t\t<p>En tant qu&rsquo;experts en procr\u00e9ation assist\u00e9e et pionniers dans la mise en place de nouvelles techniques et traitements, \u00e0 l&rsquo;Institut de Reproduction Cefer nous savons que le meilleur atout, ce sont nos professionnels de haut niveau. En plus d&rsquo;une attention exclusive et d\u00e9di\u00e9e.<\/p>\n\t\t\t\t\t\t<\/div>\n\t\t\t\t<\/div>\n\t\t\t\t<div class=\"elementor-element elementor-element-245f0ce elementor-widget elementor-widget-text-editor\" data-id=\"245f0ce\" data-element_type=\"widget\" data-widget_type=\"text-editor.default\">\n\t\t\t\t<div class=\"elementor-widget-container\">\n\t\t\t\t\t\t\t<p>Une \u00e9quipe m\u00e9dicale sp\u00e9cialis\u00e9e de confiance qui vous accompagne tout au long du processus est essentielle pour vous offrir le meilleur traitement et la meilleure th\u00e9rapie dont vous avez besoin.<\/p>\n<p>C&rsquo;est pourquoi nous avons plus de 60 professionnels de premier plan dans leur domaine d&rsquo;\u00e9tudes, entre nos centres de Barcelone et de Lleida.<\/p>\n<p>Tous, pr\u00eats \u00e0 proposer des solutions globales aux couples ayant des probl\u00e8mes de st\u00e9rilit\u00e9, qui touchent 30% des hommes, 30% des femmes, et le reste, les deux.<\/p>\n<p><strong>Parce que nous voulons que vous vous sentiez bien, mettez-vous entre de bonnes mains.<\/strong><\/p>\n\t\t\t\t\t\t<\/div>\n\t\t\t\t<\/div>\n\t\t\t\t\t<\/div>\n\t\t<\/div>\n\t\t\t\t<div class=\"elementor-column elementor-col-33 elementor-top-column elementor-element elementor-element-71bad610\" data-id=\"71bad610\" data-element_type=\"column\">\n\t\t\t<div class=\"elementor-widget-wrap elementor-element-populated\">\n\t\t\t\t\t\t\t\t<div class=\"elementor-element elementor-element-3944d40 elementor-widget elementor-widget-image\" data-id=\"3944d40\" data-element_type=\"widget\" data-widget_type=\"image.default\">\n\t\t\t\t<div class=\"elementor-widget-container\">\n\t\t\t<style>\/*! elementor - v3.14.0 - 26-06-2023 *\/\n.elementor-widget-image{text-align:center}.elementor-widget-image a{display:inline-block}.elementor-widget-image a img[src$=\".svg\"]{width:48px}.elementor-widget-image img{vertical-align:middle;display:inline-block}<\/style>\t\t\t\t\t\t\t\t\t\t\t\t<img decoding=\"async\" width=\"373\" height=\"372\" src=\"https:\/\/www.institutocefer.com\/wp-content\/uploads\/2022\/07\/presentacion.jpg\" class=\"attachment-large size-large wp-image-3982\" alt=\"\" loading=\"lazy\" srcset=\"https:\/\/www.institutocefer.com\/wp-content\/uploads\/2022\/07\/presentacion.jpg 373w, https:\/\/www.institutocefer.com\/wp-content\/uploads\/2022\/07\/presentacion-300x300.jpg 300w, https:\/\/www.institutocefer.com\/wp-content\/uploads\/2022\/07\/presentacion-150x150.jpg 150w\" sizes=\"(max-width: 373px) 100vw, 373px\" \/>\t\t\t\t\t\t\t\t\t\t\t\t\t\t\t<\/div>\n\t\t\t\t<\/div>\n\t\t\t\t<div class=\"elementor-element elementor-element-c3becea elementor-widget elementor-widget-template\" data-id=\"c3becea\" data-element_type=\"widget\" data-widget_type=\"template.default\">\n\t\t\t\t<div class=\"elementor-widget-container\">\n\t\t\t\t\t<div class=\"elementor-template\">\n\t\t\t\t\t<div data-elementor-type=\"section\" data-elementor-id=\"4275\" class=\"elementor elementor-4275\" data-elementor-post-type=\"elementor_library\">\n\t\t\t\t\t\t\t\t<section class=\"elementor-section elementor-inner-section elementor-element elementor-element-f79bf11 elementor-section-boxed elementor-section-height-default elementor-section-height-default\" data-id=\"f79bf11\" data-element_type=\"section\">\n\t\t\t\t\t\t<div class=\"elementor-container elementor-column-gap-no\">\n\t\t\t\t\t<div class=\"elementor-column elementor-col-100 elementor-inner-column elementor-element elementor-element-38f24e3\" data-id=\"38f24e3\" data-element_type=\"column\" data-settings=\"{&quot;background_background&quot;:&quot;classic&quot;}\">\n\t\t\t<div class=\"elementor-widget-wrap elementor-element-populated\">\n\t\t\t\t\t\t\t\t<div class=\"elementor-element elementor-element-69961491 elementor-widget elementor-widget-image\" data-id=\"69961491\" data-element_type=\"widget\" data-widget_type=\"image.default\">\n\t\t\t\t<div class=\"elementor-widget-container\">\n\t\t\t\t\t\t\t\t\t\t\t\t\t\t\t<img decoding=\"async\" width=\"368\" height=\"300\" src=\"https:\/\/www.institutocefer.com\/wp-content\/uploads\/2022\/07\/cefer-pre-diagnostico-banner-vertical.png\" class=\"attachment-large size-large wp-image-4269\" alt=\"\" loading=\"lazy\" srcset=\"https:\/\/www.institutocefer.com\/wp-content\/uploads\/2022\/07\/cefer-pre-diagnostico-banner-vertical.png 368w, https:\/\/www.institutocefer.com\/wp-content\/uploads\/2022\/07\/cefer-pre-diagnostico-banner-vertical-300x245.png 300w\" sizes=\"(max-width: 368px) 100vw, 368px\" \/>\t\t\t\t\t\t\t\t\t\t\t\t\t\t\t<\/div>\n\t\t\t\t<\/div>\n\t\t\t\t<div class=\"elementor-element elementor-element-424330bb elementor-widget elementor-widget-heading\" data-id=\"424330bb\" data-element_type=\"widget\" data-widget_type=\"heading.default\">\n\t\t\t\t<div class=\"elementor-widget-container\">\n\t\t\t<span class=\"elementor-heading-title elementor-size-default\">Reproducci\u00f3n asistida<\/span>\t\t<\/div>\n\t\t\t\t<\/div>\n\t\t\t\t<div class=\"elementor-element elementor-element-2902f398 elementor-widget elementor-widget-heading\" data-id=\"2902f398\" data-element_type=\"widget\" data-widget_type=\"heading.default\">\n\t\t\t\t<div class=\"elementor-widget-container\">\n\t\t\t<h4 class=\"elementor-heading-title elementor-size-default\">Tu <strong>Pre-diagn\u00f3stico y presupuesto<\/strong> online gratuito en 2 minutos<\/h4>\t\t<\/div>\n\t\t\t\t<\/div>\n\t\t\t\t<div class=\"elementor-element elementor-element-23bca62 elementor-align-right elementor-absolute elementor-widget__width-initial elementor-widget elementor-widget-button\" data-id=\"23bca62\" data-element_type=\"widget\" data-settings=\"{&quot;_position&quot;:&quot;absolute&quot;}\" data-widget_type=\"button.default\">\n\t\t\t\t<div class=\"elementor-widget-container\">\n\t\t\t\t\t<div class=\"elementor-button-wrapper\">\n\t\t\t<a class=\"elementor-button elementor-button-link elementor-size-sm\" href=\"\/pre-diagnostico\/\">\n\t\t\t\t\t\t<span class=\"elementor-button-content-wrapper\">\n\t\t\t\t\t\t<span class=\"elementor-button-text\">Pre-diagn\u00f3stico online<\/span>\n\t\t<\/span>\n\t\t\t\t\t<\/a>\n\t\t<\/div>\n\t\t\t\t<\/div>\n\t\t\t\t<\/div>\n\t\t\t\t\t<\/div>\n\t\t<\/div>\n\t\t\t\t\t\t\t<\/div>\n\t\t<\/section>\n\t\t\t\t\t\t<\/div>\n\t\t\t\t<\/div>\n\t\t\t\t<\/div>\n\t\t\t\t<\/div>\n\t\t\t\t\t<\/div>\n\t\t<\/div>\n\t\t\t\t\t\t\t<\/div>\n\t\t<\/section>\n\t\t\t\t<section class=\"elementor-section elementor-top-section elementor-element elementor-element-6b17a6d6 elementor-section-full_width info-pesonalizada elementor-section-height-default elementor-section-height-default\" data-id=\"6b17a6d6\" data-element_type=\"section\" data-settings=\"{&quot;background_background&quot;:&quot;classic&quot;}\">\n\t\t\t\t\t\t<div class=\"elementor-container elementor-column-gap-default\">\n\t\t\t\t\t<div class=\"elementor-column elementor-col-100 elementor-top-column elementor-element elementor-element-5e59f8b8\" data-id=\"5e59f8b8\" data-element_type=\"column\">\n\t\t\t<div class=\"elementor-widget-wrap elementor-element-populated\">\n\t\t\t\t\t\t\t\t<section class=\"elementor-section elementor-inner-section elementor-element elementor-element-f7219eb elementor-section-boxed elementor-section-height-default elementor-section-height-default\" data-id=\"f7219eb\" data-element_type=\"section\">\n\t\t\t\t\t\t<div class=\"elementor-container elementor-column-gap-default\">\n\t\t\t\t\t<div class=\"elementor-column elementor-col-25 elementor-inner-column elementor-element elementor-element-33d309ad\" data-id=\"33d309ad\" data-element_type=\"column\">\n\t\t\t<div class=\"elementor-widget-wrap elementor-element-populated\">\n\t\t\t\t\t\t\t\t<div class=\"elementor-element elementor-element-1adaf2d6 elementor-widget elementor-widget-text-editor\" data-id=\"1adaf2d6\" data-element_type=\"widget\" data-widget_type=\"text-editor.default\">\n\t\t\t\t<div class=\"elementor-widget-container\">\n\t\t\t\t\t\t\t<p>Obtenez des <strong>informations personnalis\u00e9es<\/strong> en nous contactant <strong>sans aucun engagement.<\/strong><\/p>\n\t\t\t\t\t\t<\/div>\n\t\t\t\t<\/div>\n\t\t\t\t\t<\/div>\n\t\t<\/div>\n\t\t\t\t<div class=\"elementor-column elementor-col-25 elementor-inner-column elementor-element elementor-element-767f2e41\" data-id=\"767f2e41\" data-element_type=\"column\">\n\t\t\t<div class=\"elementor-widget-wrap elementor-element-populated\">\n\t\t\t\t\t\t\t\t<div class=\"elementor-element elementor-element-64ec43ba elementor-widget__width-inherit elementor-widget-mobile__width-initial elementor-widget elementor-widget-global elementor-global-8475 elementor-global-5016 elementor-widget-image\" data-id=\"64ec43ba\" data-element_type=\"widget\" id=\"telefono_ico\" data-widget_type=\"image.default\">\n\t\t\t\t<div class=\"elementor-widget-container\">\n\t\t\t\t\t\t\t\t\t\t\t\t\t\t\t<img decoding=\"async\" src=\"https:\/\/www.institutocefer.com\/wp-content\/uploads\/2022\/06\/cefer-llamada-telefono.svg\" title=\"cefer-llamada-telefono\" alt=\"cefer-llamada-telefono\" loading=\"lazy\" \/>\t\t\t\t\t\t\t\t\t\t\t\t\t\t\t<\/div>\n\t\t\t\t<\/div>\n\t\t\t\t<div class=\"elementor-element elementor-element-4b26c27e elementor-widget__width-inherit elementor-align-center elementor-widget-mobile__width-initial elementor-widget elementor-widget-global elementor-global-8473 elementor-global-5019 elementor-widget-button\" data-id=\"4b26c27e\" data-element_type=\"widget\" id=\"llamada_gratuita\" data-widget_type=\"button.default\">\n\t\t\t\t<div class=\"elementor-widget-container\">\n\t\t\t\t\t<div class=\"elementor-button-wrapper\">\n\t\t\t<a class=\"elementor-button elementor-button-link elementor-size-sm\" href=\"https:\/\/recursos.institutocefer.com\/te-llamamos?utm_campaign=Linkbuilding&#038;utm_source=link&#038;utm_medium=producto\" target=\"_blank\">\n\t\t\t\t\t\t<span class=\"elementor-button-content-wrapper\">\n\t\t\t\t\t\t<span class=\"elementor-button-text\">Appel gratuit<\/span>\n\t\t<\/span>\n\t\t\t\t\t<\/a>\n\t\t<\/div>\n\t\t\t\t<\/div>\n\t\t\t\t<\/div>\n\t\t\t\t\t<\/div>\n\t\t<\/div>\n\t\t\t\t<div class=\"elementor-column elementor-col-25 elementor-inner-column elementor-element elementor-element-28c239a9\" data-id=\"28c239a9\" data-element_type=\"column\">\n\t\t\t<div class=\"elementor-widget-wrap elementor-element-populated\">\n\t\t\t\t\t\t\t\t<div class=\"elementor-element elementor-element-2f98e034 elementor-widget__width-inherit elementor-widget-mobile__width-initial elementor-widget elementor-widget-global elementor-global-8471 elementor-global-5022 elementor-widget-image\" data-id=\"2f98e034\" data-element_type=\"widget\" id=\"mail_ico\" data-widget_type=\"image.default\">\n\t\t\t\t<div class=\"elementor-widget-container\">\n\t\t\t\t\t\t\t\t\t\t\t\t\t\t\t<img decoding=\"async\" src=\"https:\/\/www.institutocefer.com\/wp-content\/uploads\/2022\/06\/cefer-mail.svg\" title=\"cefer-mail\" alt=\"cefer-mail\" loading=\"lazy\" \/>\t\t\t\t\t\t\t\t\t\t\t\t\t\t\t<\/div>\n\t\t\t\t<\/div>\n\t\t\t\t<div class=\"elementor-element elementor-element-7954e87b elementor-widget__width-inherit elementor-align-center elementor-widget-mobile__width-initial elementor-widget elementor-widget-global elementor-global-8469 elementor-global-5025 elementor-widget-button\" data-id=\"7954e87b\" data-element_type=\"widget\" id=\"consultanos\" data-widget_type=\"button.default\">\n\t\t\t\t<div class=\"elementor-widget-container\">\n\t\t\t\t\t<div class=\"elementor-button-wrapper\">\n\t\t\t<a class=\"elementor-button elementor-button-link elementor-size-sm\" href=\"https:\/\/www.institutocefer.com\/fr\/contact\/\" target=\"_blank\">\n\t\t\t\t\t\t<span class=\"elementor-button-content-wrapper\">\n\t\t\t\t\t\t<span class=\"elementor-button-text\">Demandez nous<\/span>\n\t\t<\/span>\n\t\t\t\t\t<\/a>\n\t\t<\/div>\n\t\t\t\t<\/div>\n\t\t\t\t<\/div>\n\t\t\t\t\t<\/div>\n\t\t<\/div>\n\t\t\t\t<div class=\"elementor-column elementor-col-25 elementor-inner-column elementor-element elementor-element-283349ba\" data-id=\"283349ba\" data-element_type=\"column\">\n\t\t\t<div class=\"elementor-widget-wrap elementor-element-populated\">\n\t\t\t\t\t\t\t\t<div class=\"elementor-element elementor-element-106d79b1 elementor-widget__width-inherit elementor-widget-mobile__width-initial elementor-widget elementor-widget-global elementor-global-8467 elementor-global-5028 elementor-widget-image\" data-id=\"106d79b1\" data-element_type=\"widget\" id=\"whatsapp_ico\" data-widget_type=\"image.default\">\n\t\t\t\t<div class=\"elementor-widget-container\">\n\t\t\t\t\t\t\t\t\t\t\t\t\t\t\t<img decoding=\"async\" src=\"https:\/\/www.institutocefer.com\/wp-content\/uploads\/2022\/06\/cefer-whatsapp.svg\" title=\"cefer-whatsapp\" alt=\"cefer-whatsapp\" loading=\"lazy\" \/>\t\t\t\t\t\t\t\t\t\t\t\t\t\t\t<\/div>\n\t\t\t\t<\/div>\n\t\t\t\t<div class=\"elementor-element elementor-element-7f30b39a elementor-widget__width-inherit elementor-align-center elementor-widget-mobile__width-initial elementor-widget elementor-widget-global elementor-global-8465 elementor-global-5031 elementor-widget-button\" data-id=\"7f30b39a\" data-element_type=\"widget\" id=\"por_whatsapp\" data-widget_type=\"button.default\">\n\t\t\t\t<div class=\"elementor-widget-container\">\n\t\t\t\t\t<div class=\"elementor-button-wrapper\">\n\t\t\t<a class=\"elementor-button elementor-button-link elementor-size-sm\" href=\"https:\/\/api.whatsapp.com\/send?phone=34667784682\" target=\"_blank\">\n\t\t\t\t\t\t<span class=\"elementor-button-content-wrapper\">\n\t\t\t\t\t\t<span class=\"elementor-button-text\">Par WhatsApp<\/span>\n\t\t<\/span>\n\t\t\t\t\t<\/a>\n\t\t<\/div>\n\t\t\t\t<\/div>\n\t\t\t\t<\/div>\n\t\t\t\t\t<\/div>\n\t\t<\/div>\n\t\t\t\t\t\t\t<\/div>\n\t\t<\/section>\n\t\t\t\t\t<\/div>\n\t\t<\/div>\n\t\t\t\t\t\t\t<\/div>\n\t\t<\/section>\n\t\t\t\t\t\t\t<\/div>\n\t\t","protected":false},"excerpt":{"rendered":"<p>Experts en procr\u00e9ation assist\u00e9e Au Cefer, vous aurez l&rsquo;attention de sp\u00e9cialistes des traitements de fertilit\u00e9 En tant qu&rsquo;experts en procr\u00e9ation assist\u00e9e et pionniers dans la mise en place de nouvelles techniques et traitements, \u00e0 l&rsquo;Institut de Reproduction Cefer nous savons que le meilleur atout, ce sont nos professionnels de haut niveau. En plus d&rsquo;une attention [&hellip;]<\/p>\n","protected":false},"author":1,"featured_media":0,"parent":0,"menu_order":0,"comment_status":"closed","ping_status":"closed","template":"","meta":{"content-type":"","inline_featured_image":false},"yoast_head":"<!-- This site is optimized with the Yoast SEO plugin v20.11 - https:\/\/yoast.com\/wordpress\/plugins\/seo\/ -->\n<title>Pr\u00e9sentation - Centro de reproducci\u00f3n asistida - Instituto CEFER<\/title>\n<meta name=\"robots\" content=\"index, follow, max-snippet:-1, max-image-preview:large, max-video-preview:-1\" \/>\n<link rel=\"canonical\" href=\"https:\/\/www.institutocefer.com\/fr\/presentation\/\" \/>\n<meta property=\"og:locale\" content=\"fr_FR\" \/>\n<meta property=\"og:type\" content=\"article\" \/>\n<meta property=\"og:title\" content=\"Pr\u00e9sentation - Centro de reproducci\u00f3n asistida - Instituto CEFER\" \/>\n<meta property=\"og:description\" content=\"Experts en procr\u00e9ation assist\u00e9e Au Cefer, vous aurez l&rsquo;attention de sp\u00e9cialistes des traitements de fertilit\u00e9 En tant qu&rsquo;experts en procr\u00e9ation assist\u00e9e et pionniers dans la mise en place de nouvelles techniques et traitements, \u00e0 l&rsquo;Institut de Reproduction Cefer nous savons que le meilleur atout, ce sont nos professionnels de haut niveau. En plus d&rsquo;une attention [&hellip;]\" \/>\n<meta property=\"og:url\" content=\"https:\/\/www.institutocefer.com\/fr\/presentation\/\" \/>\n<meta property=\"og:site_name\" content=\"Instituto Reproducci\u00f3n Cefer\" \/>\n<meta property=\"article:publisher\" content=\"https:\/\/www.facebook.com\/institutocefer\/\" \/>\n<meta property=\"article:modified_time\" content=\"2023-02-23T08:01:04+00:00\" \/>\n<meta property=\"og:image\" content=\"https:\/\/www.institutocefer.com\/wp-content\/uploads\/2022\/07\/presentacion.jpg\" \/>\n<meta name=\"twitter:card\" content=\"summary_large_image\" \/>\n<meta name=\"twitter:site\" content=\"@institutocefer\" \/>\n<meta name=\"twitter:label1\" content=\"Dur\u00e9e de lecture estim\u00e9e\" \/>\n\t<meta name=\"twitter:data1\" content=\"1 minute\" \/>\n<script type=\"application\/ld+json\" class=\"yoast-schema-graph\">{\"@context\":\"https:\/\/schema.org\",\"@graph\":[{\"@type\":[\"WebPage\",\"MedicalWebPage\"],\"@id\":\"https:\/\/www.institutocefer.com\/fr\/presentation\/\",\"url\":\"https:\/\/www.institutocefer.com\/fr\/presentation\/\",\"name\":\"Pr\u00e9sentation - Centro de reproducci\u00f3n asistida - Instituto CEFER\",\"isPartOf\":{\"@id\":\"https:\/\/www.institutocefer.com\/fr\/#website\"},\"datePublished\":\"2022-07-14T09:03:09+00:00\",\"dateModified\":\"2023-02-23T08:01:04+00:00\",\"breadcrumb\":{\"@id\":\"https:\/\/www.institutocefer.com\/fr\/presentation\/#breadcrumb\"},\"inLanguage\":\"fr-FR\",\"potentialAction\":[{\"@type\":\"ReadAction\",\"target\":[\"https:\/\/www.institutocefer.com\/fr\/presentation\/\"]}]},{\"@type\":\"BreadcrumbList\",\"@id\":\"https:\/\/www.institutocefer.com\/fr\/presentation\/#breadcrumb\",\"itemListElement\":[{\"@type\":\"ListItem\",\"position\":1,\"name\":\"Home\",\"item\":\"https:\/\/www.institutocefer.com\/fr\/\"},{\"@type\":\"ListItem\",\"position\":2,\"name\":\"Pr\u00e9sentation\"}]},{\"@type\":\"WebSite\",\"@id\":\"https:\/\/www.institutocefer.com\/fr\/#website\",\"url\":\"https:\/\/www.institutocefer.com\/fr\/\",\"name\":\"Instituto Reproducci\u00f3n Cefer\",\"description\":\"M\u00e1s de 40 a\u00f1os de innovaci\u00f3n reproductiva\",\"publisher\":{\"@id\":\"https:\/\/www.institutocefer.com\/fr\/#organization\"},\"potentialAction\":[{\"@type\":\"SearchAction\",\"target\":{\"@type\":\"EntryPoint\",\"urlTemplate\":\"https:\/\/www.institutocefer.com\/fr\/?s={search_term_string}\"},\"query-input\":\"required name=search_term_string\"}],\"inLanguage\":\"fr-FR\"},{\"@type\":\"Organization\",\"@id\":\"https:\/\/www.institutocefer.com\/fr\/#organization\",\"name\":\"Instituto Reproducci\u00f3n Cefer\",\"url\":\"https:\/\/www.institutocefer.com\/fr\/\",\"logo\":{\"@type\":\"ImageObject\",\"inLanguage\":\"fr-FR\",\"@id\":\"https:\/\/www.institutocefer.com\/fr\/#\/schema\/logo\/image\/\",\"url\":\"https:\/\/www.institutocefer.com\/wp-content\/uploads\/2022\/05\/logo_CEFER.png\",\"contentUrl\":\"https:\/\/www.institutocefer.com\/wp-content\/uploads\/2022\/05\/logo_CEFER.png\",\"width\":207,\"height\":243,\"caption\":\"Instituto Reproducci\u00f3n Cefer\"},\"image\":{\"@id\":\"https:\/\/www.institutocefer.com\/fr\/#\/schema\/logo\/image\/\"},\"sameAs\":[\"https:\/\/www.facebook.com\/institutocefer\/\",\"https:\/\/twitter.com\/institutocefer\"]}]}<\/script>\n<!-- \/ Yoast SEO plugin. -->","yoast_head_json":{"title":"Pr\u00e9sentation - Centro de reproducci\u00f3n asistida - Instituto CEFER","robots":{"index":"index","follow":"follow","max-snippet":"max-snippet:-1","max-image-preview":"max-image-preview:large","max-video-preview":"max-video-preview:-1"},"canonical":"https:\/\/www.institutocefer.com\/fr\/presentation\/","og_locale":"fr_FR","og_type":"article","og_title":"Pr\u00e9sentation - Centro de reproducci\u00f3n asistida - Instituto CEFER","og_description":"Experts en procr\u00e9ation assist\u00e9e Au Cefer, vous aurez l&rsquo;attention de sp\u00e9cialistes des traitements de fertilit\u00e9 En tant qu&rsquo;experts en procr\u00e9ation assist\u00e9e et pionniers dans la mise en place de nouvelles techniques et traitements, \u00e0 l&rsquo;Institut de Reproduction Cefer nous savons que le meilleur atout, ce sont nos professionnels de haut niveau. En plus d&rsquo;une attention [&hellip;]","og_url":"https:\/\/www.institutocefer.com\/fr\/presentation\/","og_site_name":"Instituto Reproducci\u00f3n Cefer","article_publisher":"https:\/\/www.facebook.com\/institutocefer\/","article_modified_time":"2023-02-23T08:01:04+00:00","og_image":[{"url":"https:\/\/www.institutocefer.com\/wp-content\/uploads\/2022\/07\/presentacion.jpg"}],"twitter_card":"summary_large_image","twitter_site":"@institutocefer","twitter_misc":{"Dur\u00e9e de lecture estim\u00e9e":"1 minute"},"schema":{"@context":"https:\/\/schema.org","@graph":[{"@type":["WebPage","MedicalWebPage"],"@id":"https:\/\/www.institutocefer.com\/fr\/presentation\/","url":"https:\/\/www.institutocefer.com\/fr\/presentation\/","name":"Pr\u00e9sentation - Centro de reproducci\u00f3n asistida - Instituto CEFER","isPartOf":{"@id":"https:\/\/www.institutocefer.com\/fr\/#website"},"datePublished":"2022-07-14T09:03:09+00:00","dateModified":"2023-02-23T08:01:04+00:00","breadcrumb":{"@id":"https:\/\/www.institutocefer.com\/fr\/presentation\/#breadcrumb"},"inLanguage":"fr-FR","potentialAction":[{"@type":"ReadAction","target":["https:\/\/www.institutocefer.com\/fr\/presentation\/"]}]},{"@type":"BreadcrumbList","@id":"https:\/\/www.institutocefer.com\/fr\/presentation\/#breadcrumb","itemListElement":[{"@type":"ListItem","position":1,"name":"Home","item":"https:\/\/www.institutocefer.com\/fr\/"},{"@type":"ListItem","position":2,"name":"Pr\u00e9sentation"}]},{"@type":"WebSite","@id":"https:\/\/www.institutocefer.com\/fr\/#website","url":"https:\/\/www.institutocefer.com\/fr\/","name":"Instituto Reproducci\u00f3n Cefer","description":"M\u00e1s de 40 a\u00f1os de innovaci\u00f3n reproductiva","publisher":{"@id":"https:\/\/www.institutocefer.com\/fr\/#organization"},"potentialAction":[{"@type":"SearchAction","target":{"@type":"EntryPoint","urlTemplate":"https:\/\/www.institutocefer.com\/fr\/?s={search_term_string}"},"query-input":"required name=search_term_string"}],"inLanguage":"fr-FR"},{"@type":"Organization","@id":"https:\/\/www.institutocefer.com\/fr\/#organization","name":"Instituto Reproducci\u00f3n Cefer","url":"https:\/\/www.institutocefer.com\/fr\/","logo":{"@type":"ImageObject","inLanguage":"fr-FR","@id":"https:\/\/www.institutocefer.com\/fr\/#\/schema\/logo\/image\/","url":"https:\/\/www.institutocefer.com\/wp-content\/uploads\/2022\/05\/logo_CEFER.png","contentUrl":"https:\/\/www.institutocefer.com\/wp-content\/uploads\/2022\/05\/logo_CEFER.png","width":207,"height":243,"caption":"Instituto Reproducci\u00f3n Cefer"},"image":{"@id":"https:\/\/www.institutocefer.com\/fr\/#\/schema\/logo\/image\/"},"sameAs":["https:\/\/www.facebook.com\/institutocefer\/","https:\/\/twitter.com\/institutocefer"]}]}},"_links":{"self":[{"href":"https:\/\/www.institutocefer.com\/fr\/wp-json\/wp\/v2\/pages\/8331"}],"collection":[{"href":"https:\/\/www.institutocefer.com\/fr\/wp-json\/wp\/v2\/pages"}],"about":[{"href":"https:\/\/www.institutocefer.com\/fr\/wp-json\/wp\/v2\/types\/page"}],"author":[{"embeddable":true,"href":"https:\/\/www.institutocefer.com\/fr\/wp-json\/wp\/v2\/users\/1"}],"replies":[{"embeddable":true,"href":"https:\/\/www.institutocefer.com\/fr\/wp-json\/wp\/v2\/comments?post=8331"}],"version-history":[{"count":1,"href":"https:\/\/www.institutocefer.com\/fr\/wp-json\/wp\/v2\/pages\/8331\/revisions"}],"predecessor-version":[{"id":8332,"href":"https:\/\/www.institutocefer.com\/fr\/wp-json\/wp\/v2\/pages\/8331\/revisions\/8332"}],"wp:attachment":[{"href":"https:\/\/www.institutocefer.com\/fr\/wp-json\/wp\/v2\/media?parent=8331"}],"curies":[{"name":"wp","href":"https:\/\/api.w.org\/{rel}","templated":true}]}}