{"id":9612,"date":"2022-07-14T10:03:09","date_gmt":"2022-07-14T09:03:09","guid":{"rendered":"https:\/\/www.institutocefer.com\/praesentation\/"},"modified":"2023-03-16T12:23:02","modified_gmt":"2023-03-16T11:23:02","slug":"praesentation","status":"publish","type":"page","link":"https:\/\/www.institutocefer.com\/de\/praesentation\/","title":{"rendered":"Pr\u00e4sentation"},"content":{"rendered":"\t\t<div data-elementor-type=\"wp-page\" data-elementor-id=\"9612\" class=\"elementor elementor-9612 elementor-3977\" data-elementor-post-type=\"page\">\n\t\t\t\t\t\t\t\t\t<section class=\"elementor-section elementor-top-section elementor-element elementor-element-1e450280 cols-70-30 elementor-section-boxed elementor-section-height-default elementor-section-height-default\" data-id=\"1e450280\" data-element_type=\"section\">\n\t\t\t\t\t\t<div class=\"elementor-container elementor-column-gap-default\">\n\t\t\t\t\t<div class=\"elementor-column elementor-col-66 elementor-top-column elementor-element elementor-element-945ec1c\" data-id=\"945ec1c\" data-element_type=\"column\">\n\t\t\t<div class=\"elementor-widget-wrap elementor-element-populated\">\n\t\t\t\t\t\t\t\t<div class=\"elementor-element elementor-element-82ee89e elementor-widget elementor-widget-heading\" data-id=\"82ee89e\" data-element_type=\"widget\" data-widget_type=\"heading.default\">\n\t\t\t\t<div class=\"elementor-widget-container\">\n\t\t\t<style>\/*! elementor - v3.14.0 - 26-06-2023 *\/\n.elementor-heading-title{padding:0;margin:0;line-height:1}.elementor-widget-heading .elementor-heading-title[class*=elementor-size-]>a{color:inherit;font-size:inherit;line-height:inherit}.elementor-widget-heading .elementor-heading-title.elementor-size-small{font-size:15px}.elementor-widget-heading .elementor-heading-title.elementor-size-medium{font-size:19px}.elementor-widget-heading .elementor-heading-title.elementor-size-large{font-size:29px}.elementor-widget-heading .elementor-heading-title.elementor-size-xl{font-size:39px}.elementor-widget-heading .elementor-heading-title.elementor-size-xxl{font-size:59px}<\/style><h1 class=\"elementor-heading-title elementor-size-default\">Experten f\u00fcr assistierte Reproduktion<\/h1>\t\t<\/div>\n\t\t\t\t<\/div>\n\t\t\t\t<div class=\"elementor-element elementor-element-06b4769 elementor-widget elementor-widget-heading\" data-id=\"06b4769\" data-element_type=\"widget\" data-widget_type=\"heading.default\">\n\t\t\t\t<div class=\"elementor-widget-container\">\n\t\t\t<h2 class=\"elementor-heading-title elementor-size-default\">Bei Cefer haben Sie die Aufmerksamkeit von Spezialisten f\u00fcr Fruchtbarkeitsbehandlungen<\/h2>\t\t<\/div>\n\t\t\t\t<\/div>\n\t\t\t\t<div class=\"elementor-element elementor-element-8300543 elementor-widget elementor-widget-text-editor\" data-id=\"8300543\" data-element_type=\"widget\" data-widget_type=\"text-editor.default\">\n\t\t\t\t<div class=\"elementor-widget-container\">\n\t\t\t<style>\/*! elementor - v3.14.0 - 26-06-2023 *\/\n.elementor-widget-text-editor.elementor-drop-cap-view-stacked .elementor-drop-cap{background-color:#69727d;color:#fff}.elementor-widget-text-editor.elementor-drop-cap-view-framed .elementor-drop-cap{color:#69727d;border:3px solid;background-color:transparent}.elementor-widget-text-editor:not(.elementor-drop-cap-view-default) .elementor-drop-cap{margin-top:8px}.elementor-widget-text-editor:not(.elementor-drop-cap-view-default) .elementor-drop-cap-letter{width:1em;height:1em}.elementor-widget-text-editor .elementor-drop-cap{float:left;text-align:center;line-height:1;font-size:50px}.elementor-widget-text-editor .elementor-drop-cap-letter{display:inline-block}<\/style>\t\t\t\t<p>Als Experten f\u00fcr assistierte Reproduktion und Pioniere bei der Implementierung neuer Techniken und Behandlungen wissen wir vom Cefer Reproduction Institute, dass unsere hochkar\u00e4tigen Fachleute das beste Kapital sind. Neben exklusiver und engagierter Aufmerksamkeit.<\/p>\n\t\t\t\t\t\t<\/div>\n\t\t\t\t<\/div>\n\t\t\t\t<div class=\"elementor-element elementor-element-245f0ce elementor-widget elementor-widget-text-editor\" data-id=\"245f0ce\" data-element_type=\"widget\" data-widget_type=\"text-editor.default\">\n\t\t\t\t<div class=\"elementor-widget-container\">\n\t\t\t\t\t\t\t<p>Ein vertrauensw\u00fcrdiges medizinisches Fachteam, das Sie w\u00e4hrend des gesamten Prozesses begleitet, ist unerl\u00e4sslich, um die beste Behandlung und Therapie anzubieten, die Sie ben\u00f6tigen.<\/p>\n<p>Aus diesem Grund haben wir in unseren Zentren in Barcelona und Lleida mehr als 60 f\u00fchrende Fachleute in ihrem Studienbereich.<\/p>\n<p>Alle von ihnen sind bereit, Paaren mit Sterilit\u00e4tsproblemen, von denen 30 % der M\u00e4nner, 30 % der Frauen und der Rest beide betroffen sind, globale L\u00f6sungen anzubieten.<\/p>\n<p><strong>Denn wir m\u00f6chten, dass Sie sich wohlf\u00fchlen, begeben Sie sich in die besten H\u00e4nde.<\/strong><\/p>\n\t\t\t\t\t\t<\/div>\n\t\t\t\t<\/div>\n\t\t\t\t\t<\/div>\n\t\t<\/div>\n\t\t\t\t<div class=\"elementor-column elementor-col-33 elementor-top-column elementor-element elementor-element-71bad610\" data-id=\"71bad610\" data-element_type=\"column\">\n\t\t\t<div class=\"elementor-widget-wrap elementor-element-populated\">\n\t\t\t\t\t\t\t\t<div class=\"elementor-element elementor-element-3944d40 elementor-widget elementor-widget-image\" data-id=\"3944d40\" data-element_type=\"widget\" data-widget_type=\"image.default\">\n\t\t\t\t<div class=\"elementor-widget-container\">\n\t\t\t<style>\/*! elementor - v3.14.0 - 26-06-2023 *\/\n.elementor-widget-image{text-align:center}.elementor-widget-image a{display:inline-block}.elementor-widget-image a img[src$=\".svg\"]{width:48px}.elementor-widget-image img{vertical-align:middle;display:inline-block}<\/style>\t\t\t\t\t\t\t\t\t\t\t\t<img decoding=\"async\" width=\"373\" height=\"372\" src=\"https:\/\/www.institutocefer.com\/wp-content\/uploads\/2022\/07\/presentacion.jpg\" class=\"attachment-large size-large wp-image-3983\" alt=\"\" loading=\"lazy\" srcset=\"https:\/\/www.institutocefer.com\/wp-content\/uploads\/2022\/07\/presentacion.jpg 373w, https:\/\/www.institutocefer.com\/wp-content\/uploads\/2022\/07\/presentacion-300x300.jpg 300w, https:\/\/www.institutocefer.com\/wp-content\/uploads\/2022\/07\/presentacion-150x150.jpg 150w\" sizes=\"(max-width: 373px) 100vw, 373px\" \/>\t\t\t\t\t\t\t\t\t\t\t\t\t\t\t<\/div>\n\t\t\t\t<\/div>\n\t\t\t\t<div class=\"elementor-element elementor-element-c3becea elementor-widget elementor-widget-template\" data-id=\"c3becea\" data-element_type=\"widget\" data-widget_type=\"template.default\">\n\t\t\t\t<div class=\"elementor-widget-container\">\n\t\t\t\t\t<div class=\"elementor-template\">\n\t\t\t\t\t<div data-elementor-type=\"section\" data-elementor-id=\"4275\" class=\"elementor elementor-4275\" data-elementor-post-type=\"elementor_library\">\n\t\t\t\t\t\t\t\t<section class=\"elementor-section elementor-inner-section elementor-element elementor-element-f79bf11 elementor-section-boxed elementor-section-height-default elementor-section-height-default\" data-id=\"f79bf11\" data-element_type=\"section\">\n\t\t\t\t\t\t<div class=\"elementor-container elementor-column-gap-no\">\n\t\t\t\t\t<div class=\"elementor-column elementor-col-100 elementor-inner-column elementor-element elementor-element-38f24e3\" data-id=\"38f24e3\" data-element_type=\"column\" data-settings=\"{&quot;background_background&quot;:&quot;classic&quot;}\">\n\t\t\t<div class=\"elementor-widget-wrap elementor-element-populated\">\n\t\t\t\t\t\t\t\t<div class=\"elementor-element elementor-element-69961491 elementor-widget elementor-widget-image\" data-id=\"69961491\" data-element_type=\"widget\" data-widget_type=\"image.default\">\n\t\t\t\t<div class=\"elementor-widget-container\">\n\t\t\t\t\t\t\t\t\t\t\t\t\t\t\t<img decoding=\"async\" width=\"368\" height=\"300\" src=\"https:\/\/www.institutocefer.com\/wp-content\/uploads\/2022\/07\/cefer-pre-diagnostico-banner-vertical.png\" class=\"attachment-large size-large wp-image-4269\" alt=\"\" loading=\"lazy\" srcset=\"https:\/\/www.institutocefer.com\/wp-content\/uploads\/2022\/07\/cefer-pre-diagnostico-banner-vertical.png 368w, https:\/\/www.institutocefer.com\/wp-content\/uploads\/2022\/07\/cefer-pre-diagnostico-banner-vertical-300x245.png 300w\" sizes=\"(max-width: 368px) 100vw, 368px\" \/>\t\t\t\t\t\t\t\t\t\t\t\t\t\t\t<\/div>\n\t\t\t\t<\/div>\n\t\t\t\t<div class=\"elementor-element elementor-element-424330bb elementor-widget elementor-widget-heading\" data-id=\"424330bb\" data-element_type=\"widget\" data-widget_type=\"heading.default\">\n\t\t\t\t<div class=\"elementor-widget-container\">\n\t\t\t<span class=\"elementor-heading-title elementor-size-default\">Reproducci\u00f3n asistida<\/span>\t\t<\/div>\n\t\t\t\t<\/div>\n\t\t\t\t<div class=\"elementor-element elementor-element-2902f398 elementor-widget elementor-widget-heading\" data-id=\"2902f398\" data-element_type=\"widget\" data-widget_type=\"heading.default\">\n\t\t\t\t<div class=\"elementor-widget-container\">\n\t\t\t<h4 class=\"elementor-heading-title elementor-size-default\">Tu <strong>Pre-diagn\u00f3stico y presupuesto<\/strong> online gratuito en 2 minutos<\/h4>\t\t<\/div>\n\t\t\t\t<\/div>\n\t\t\t\t<div class=\"elementor-element elementor-element-23bca62 elementor-align-right elementor-absolute elementor-widget__width-initial elementor-widget elementor-widget-button\" data-id=\"23bca62\" data-element_type=\"widget\" data-settings=\"{&quot;_position&quot;:&quot;absolute&quot;}\" data-widget_type=\"button.default\">\n\t\t\t\t<div class=\"elementor-widget-container\">\n\t\t\t\t\t<div class=\"elementor-button-wrapper\">\n\t\t\t<a class=\"elementor-button elementor-button-link elementor-size-sm\" href=\"\/pre-diagnostico\/\">\n\t\t\t\t\t\t<span class=\"elementor-button-content-wrapper\">\n\t\t\t\t\t\t<span class=\"elementor-button-text\">Pre-diagn\u00f3stico online<\/span>\n\t\t<\/span>\n\t\t\t\t\t<\/a>\n\t\t<\/div>\n\t\t\t\t<\/div>\n\t\t\t\t<\/div>\n\t\t\t\t\t<\/div>\n\t\t<\/div>\n\t\t\t\t\t\t\t<\/div>\n\t\t<\/section>\n\t\t\t\t\t\t<\/div>\n\t\t\t\t<\/div>\n\t\t\t\t<\/div>\n\t\t\t\t<\/div>\n\t\t\t\t\t<\/div>\n\t\t<\/div>\n\t\t\t\t\t\t\t<\/div>\n\t\t<\/section>\n\t\t\t\t<section class=\"elementor-section elementor-top-section elementor-element elementor-element-6b17a6d6 elementor-section-full_width info-pesonalizada elementor-section-height-default elementor-section-height-default\" data-id=\"6b17a6d6\" data-element_type=\"section\" data-settings=\"{&quot;background_background&quot;:&quot;classic&quot;}\">\n\t\t\t\t\t\t<div class=\"elementor-container elementor-column-gap-default\">\n\t\t\t\t\t<div class=\"elementor-column elementor-col-100 elementor-top-column elementor-element elementor-element-5e59f8b8\" data-id=\"5e59f8b8\" data-element_type=\"column\">\n\t\t\t<div class=\"elementor-widget-wrap elementor-element-populated\">\n\t\t\t\t\t\t\t\t<section class=\"elementor-section elementor-inner-section elementor-element elementor-element-f7219eb elementor-section-boxed elementor-section-height-default elementor-section-height-default\" data-id=\"f7219eb\" data-element_type=\"section\">\n\t\t\t\t\t\t<div class=\"elementor-container elementor-column-gap-default\">\n\t\t\t\t\t<div class=\"elementor-column elementor-col-25 elementor-inner-column elementor-element elementor-element-33d309ad\" data-id=\"33d309ad\" data-element_type=\"column\">\n\t\t\t<div class=\"elementor-widget-wrap elementor-element-populated\">\n\t\t\t\t\t\t\t\t<div class=\"elementor-element elementor-element-1adaf2d6 elementor-widget elementor-widget-text-editor\" data-id=\"1adaf2d6\" data-element_type=\"widget\" data-widget_type=\"text-editor.default\">\n\t\t\t\t<div class=\"elementor-widget-container\">\n\t\t\t\t\t\t\t<p>Erhalten Sie <strong>personalisierte Informationen<\/strong>, indem Sie <strong>uns unverbindlich kontaktieren.<\/strong><\/p>\n\t\t\t\t\t\t<\/div>\n\t\t\t\t<\/div>\n\t\t\t\t\t<\/div>\n\t\t<\/div>\n\t\t\t\t<div class=\"elementor-column elementor-col-25 elementor-inner-column elementor-element elementor-element-767f2e41\" data-id=\"767f2e41\" data-element_type=\"column\">\n\t\t\t<div class=\"elementor-widget-wrap elementor-element-populated\">\n\t\t\t\t\t\t\t\t<div class=\"elementor-element elementor-element-64ec43ba elementor-widget__width-inherit elementor-widget-mobile__width-initial elementor-widget elementor-widget-global elementor-global-5016 elementor-widget-image\" data-id=\"64ec43ba\" data-element_type=\"widget\" id=\"telefono_ico\" data-widget_type=\"image.default\">\n\t\t\t\t<div class=\"elementor-widget-container\">\n\t\t\t\t\t\t\t\t\t\t\t\t\t\t\t<img decoding=\"async\" src=\"https:\/\/www.institutocefer.com\/wp-content\/uploads\/2022\/06\/cefer-llamada-telefono.svg\" title=\"cefer-llamada-telefono\" alt=\"ico telefono\" loading=\"lazy\" \/>\t\t\t\t\t\t\t\t\t\t\t\t\t\t\t<\/div>\n\t\t\t\t<\/div>\n\t\t\t\t<div class=\"elementor-element elementor-element-4b26c27e elementor-widget__width-inherit elementor-align-center elementor-widget-mobile__width-initial elementor-widget elementor-widget-global elementor-global-5019 elementor-widget-button\" data-id=\"4b26c27e\" data-element_type=\"widget\" id=\"llamada_gratuita\" data-widget_type=\"button.default\">\n\t\t\t\t<div class=\"elementor-widget-container\">\n\t\t\t\t\t<div class=\"elementor-button-wrapper\">\n\t\t\t<a class=\"elementor-button elementor-button-link elementor-size-sm\" href=\"https:\/\/recursos.institutocefer.com\/te-llamamos?utm_campaign=Linkbuilding&#038;utm_source=link&#038;utm_medium=producto\" target=\"_blank\">\n\t\t\t\t\t\t<span class=\"elementor-button-content-wrapper\">\n\t\t\t\t\t\t<span class=\"elementor-button-text\">Llamada gratuita<\/span>\n\t\t<\/span>\n\t\t\t\t\t<\/a>\n\t\t<\/div>\n\t\t\t\t<\/div>\n\t\t\t\t<\/div>\n\t\t\t\t\t<\/div>\n\t\t<\/div>\n\t\t\t\t<div class=\"elementor-column elementor-col-25 elementor-inner-column elementor-element elementor-element-28c239a9\" data-id=\"28c239a9\" data-element_type=\"column\">\n\t\t\t<div class=\"elementor-widget-wrap elementor-element-populated\">\n\t\t\t\t\t\t\t\t<div class=\"elementor-element elementor-element-2f98e034 elementor-widget__width-inherit elementor-widget-mobile__width-initial elementor-widget elementor-widget-global elementor-global-5022 elementor-widget-image\" data-id=\"2f98e034\" data-element_type=\"widget\" id=\"mail_ico\" data-widget_type=\"image.default\">\n\t\t\t\t<div class=\"elementor-widget-container\">\n\t\t\t\t\t\t\t\t\t\t\t\t\t\t\t<img decoding=\"async\" src=\"https:\/\/www.institutocefer.com\/wp-content\/uploads\/2022\/06\/cefer-mail.svg\" title=\"cefer-mail\" alt=\"ico mail\" loading=\"lazy\" \/>\t\t\t\t\t\t\t\t\t\t\t\t\t\t\t<\/div>\n\t\t\t\t<\/div>\n\t\t\t\t<div class=\"elementor-element elementor-element-7954e87b elementor-widget__width-inherit elementor-align-center elementor-widget-mobile__width-initial elementor-widget elementor-widget-global elementor-global-9887 elementor-global-5025 elementor-widget-button\" data-id=\"7954e87b\" data-element_type=\"widget\" id=\"consultanos\" data-widget_type=\"button.default\">\n\t\t\t\t<div class=\"elementor-widget-container\">\n\t\t\t\t\t<div class=\"elementor-button-wrapper\">\n\t\t\t<a class=\"elementor-button elementor-button-link elementor-size-sm\" href=\"https:\/\/www.institutocefer.com\/de\/kontakt\/\" target=\"_blank\">\n\t\t\t\t\t\t<span class=\"elementor-button-content-wrapper\">\n\t\t\t\t\t\t<span class=\"elementor-button-text\">Frag uns<\/span>\n\t\t<\/span>\n\t\t\t\t\t<\/a>\n\t\t<\/div>\n\t\t\t\t<\/div>\n\t\t\t\t<\/div>\n\t\t\t\t\t<\/div>\n\t\t<\/div>\n\t\t\t\t<div class=\"elementor-column elementor-col-25 elementor-inner-column elementor-element elementor-element-283349ba\" data-id=\"283349ba\" data-element_type=\"column\">\n\t\t\t<div class=\"elementor-widget-wrap elementor-element-populated\">\n\t\t\t\t\t\t\t\t<div class=\"elementor-element elementor-element-106d79b1 elementor-widget__width-inherit elementor-widget-mobile__width-initial elementor-widget elementor-widget-global elementor-global-9885 elementor-global-5028 elementor-widget-image\" data-id=\"106d79b1\" data-element_type=\"widget\" id=\"whatsapp_ico\" data-widget_type=\"image.default\">\n\t\t\t\t<div class=\"elementor-widget-container\">\n\t\t\t\t\t\t\t\t\t\t\t\t\t\t\t<img decoding=\"async\" src=\"https:\/\/www.institutocefer.com\/wp-content\/uploads\/2022\/06\/cefer-whatsapp.svg\" title=\"cefer-whatsapp\" alt=\"cefer-whatsapp\" loading=\"lazy\" \/>\t\t\t\t\t\t\t\t\t\t\t\t\t\t\t<\/div>\n\t\t\t\t<\/div>\n\t\t\t\t<div class=\"elementor-element elementor-element-7f30b39a elementor-widget__width-inherit elementor-align-center elementor-widget-mobile__width-initial elementor-widget elementor-widget-global elementor-global-9883 elementor-global-5031 elementor-widget-button\" data-id=\"7f30b39a\" data-element_type=\"widget\" id=\"por_whatsapp\" data-widget_type=\"button.default\">\n\t\t\t\t<div class=\"elementor-widget-container\">\n\t\t\t\t\t<div class=\"elementor-button-wrapper\">\n\t\t\t<a class=\"elementor-button elementor-button-link elementor-size-sm\" href=\"https:\/\/api.whatsapp.com\/send?phone=34620288094\" target=\"_blank\">\n\t\t\t\t\t\t<span class=\"elementor-button-content-wrapper\">\n\t\t\t\t\t\t<span class=\"elementor-button-text\">Per WhatsApp<\/span>\n\t\t<\/span>\n\t\t\t\t\t<\/a>\n\t\t<\/div>\n\t\t\t\t<\/div>\n\t\t\t\t<\/div>\n\t\t\t\t\t<\/div>\n\t\t<\/div>\n\t\t\t\t\t\t\t<\/div>\n\t\t<\/section>\n\t\t\t\t\t<\/div>\n\t\t<\/div>\n\t\t\t\t\t\t\t<\/div>\n\t\t<\/section>\n\t\t\t\t\t\t\t<\/div>\n\t\t","protected":false},"excerpt":{"rendered":"<p>Experten f\u00fcr assistierte Reproduktion Bei Cefer haben Sie die Aufmerksamkeit von Spezialisten f\u00fcr Fruchtbarkeitsbehandlungen Als Experten f\u00fcr assistierte Reproduktion und Pioniere bei der Implementierung neuer Techniken und Behandlungen wissen wir vom Cefer Reproduction Institute, dass unsere hochkar\u00e4tigen Fachleute das beste Kapital sind. Neben exklusiver und engagierter Aufmerksamkeit. Ein vertrauensw\u00fcrdiges medizinisches Fachteam, das Sie w\u00e4hrend des [&hellip;]<\/p>\n","protected":false},"author":1,"featured_media":0,"parent":0,"menu_order":0,"comment_status":"closed","ping_status":"closed","template":"","meta":{"content-type":"","inline_featured_image":false},"yoast_head":"<!-- This site is optimized with the Yoast SEO plugin v20.11 - https:\/\/yoast.com\/wordpress\/plugins\/seo\/ -->\n<title>Pr\u00e4sentation - Centro de reproducci\u00f3n asistida - Instituto CEFER<\/title>\n<meta name=\"robots\" content=\"index, follow, max-snippet:-1, max-image-preview:large, max-video-preview:-1\" \/>\n<link rel=\"canonical\" href=\"https:\/\/www.institutocefer.com\/de\/praesentation\/\" \/>\n<meta property=\"og:locale\" content=\"de_DE\" \/>\n<meta property=\"og:type\" content=\"article\" \/>\n<meta property=\"og:title\" content=\"Pr\u00e4sentation - Centro de reproducci\u00f3n asistida - Instituto CEFER\" \/>\n<meta property=\"og:description\" content=\"Experten f\u00fcr assistierte Reproduktion Bei Cefer haben Sie die Aufmerksamkeit von Spezialisten f\u00fcr Fruchtbarkeitsbehandlungen Als Experten f\u00fcr assistierte Reproduktion und Pioniere bei der Implementierung neuer Techniken und Behandlungen wissen wir vom Cefer Reproduction Institute, dass unsere hochkar\u00e4tigen Fachleute das beste Kapital sind. Neben exklusiver und engagierter Aufmerksamkeit. Ein vertrauensw\u00fcrdiges medizinisches Fachteam, das Sie w\u00e4hrend des [&hellip;]\" \/>\n<meta property=\"og:url\" content=\"https:\/\/www.institutocefer.com\/de\/praesentation\/\" \/>\n<meta property=\"og:site_name\" content=\"Instituto Reproducci\u00f3n Cefer\" \/>\n<meta property=\"article:publisher\" content=\"https:\/\/www.facebook.com\/institutocefer\/\" \/>\n<meta property=\"article:modified_time\" content=\"2023-03-16T11:23:02+00:00\" \/>\n<meta property=\"og:image\" content=\"https:\/\/www.institutocefer.com\/wp-content\/uploads\/2022\/07\/presentacion.jpg\" \/>\n<meta name=\"twitter:card\" content=\"summary_large_image\" \/>\n<meta name=\"twitter:site\" content=\"@institutocefer\" \/>\n<meta name=\"twitter:label1\" content=\"Gesch\u00e4tzte Lesezeit\" \/>\n\t<meta name=\"twitter:data1\" content=\"1 Minute\" \/>\n<script type=\"application\/ld+json\" class=\"yoast-schema-graph\">{\"@context\":\"https:\/\/schema.org\",\"@graph\":[{\"@type\":[\"WebPage\",\"MedicalWebPage\"],\"@id\":\"https:\/\/www.institutocefer.com\/de\/praesentation\/\",\"url\":\"https:\/\/www.institutocefer.com\/de\/praesentation\/\",\"name\":\"Pr\u00e4sentation - Centro de reproducci\u00f3n asistida - Instituto CEFER\",\"isPartOf\":{\"@id\":\"https:\/\/www.institutocefer.com\/de\/#website\"},\"datePublished\":\"2022-07-14T09:03:09+00:00\",\"dateModified\":\"2023-03-16T11:23:02+00:00\",\"breadcrumb\":{\"@id\":\"https:\/\/www.institutocefer.com\/de\/praesentation\/#breadcrumb\"},\"inLanguage\":\"de-DE\",\"potentialAction\":[{\"@type\":\"ReadAction\",\"target\":[\"https:\/\/www.institutocefer.com\/de\/praesentation\/\"]}]},{\"@type\":\"BreadcrumbList\",\"@id\":\"https:\/\/www.institutocefer.com\/de\/praesentation\/#breadcrumb\",\"itemListElement\":[{\"@type\":\"ListItem\",\"position\":1,\"name\":\"Home\",\"item\":\"https:\/\/www.institutocefer.com\/de\/\"},{\"@type\":\"ListItem\",\"position\":2,\"name\":\"Pr\u00e4sentation\"}]},{\"@type\":\"WebSite\",\"@id\":\"https:\/\/www.institutocefer.com\/de\/#website\",\"url\":\"https:\/\/www.institutocefer.com\/de\/\",\"name\":\"Instituto Reproducci\u00f3n Cefer\",\"description\":\"M\u00e1s de 40 a\u00f1os de innovaci\u00f3n reproductiva\",\"publisher\":{\"@id\":\"https:\/\/www.institutocefer.com\/de\/#organization\"},\"potentialAction\":[{\"@type\":\"SearchAction\",\"target\":{\"@type\":\"EntryPoint\",\"urlTemplate\":\"https:\/\/www.institutocefer.com\/de\/?s={search_term_string}\"},\"query-input\":\"required name=search_term_string\"}],\"inLanguage\":\"de-DE\"},{\"@type\":\"Organization\",\"@id\":\"https:\/\/www.institutocefer.com\/de\/#organization\",\"name\":\"Instituto Reproducci\u00f3n Cefer\",\"url\":\"https:\/\/www.institutocefer.com\/de\/\",\"logo\":{\"@type\":\"ImageObject\",\"inLanguage\":\"de-DE\",\"@id\":\"https:\/\/www.institutocefer.com\/de\/#\/schema\/logo\/image\/\",\"url\":\"https:\/\/www.institutocefer.com\/wp-content\/uploads\/2022\/05\/logo_CEFER.png\",\"contentUrl\":\"https:\/\/www.institutocefer.com\/wp-content\/uploads\/2022\/05\/logo_CEFER.png\",\"width\":207,\"height\":243,\"caption\":\"Instituto Reproducci\u00f3n Cefer\"},\"image\":{\"@id\":\"https:\/\/www.institutocefer.com\/de\/#\/schema\/logo\/image\/\"},\"sameAs\":[\"https:\/\/www.facebook.com\/institutocefer\/\",\"https:\/\/twitter.com\/institutocefer\"]}]}<\/script>\n<!-- \/ Yoast SEO plugin. -->","yoast_head_json":{"title":"Pr\u00e4sentation - Centro de reproducci\u00f3n asistida - Instituto CEFER","robots":{"index":"index","follow":"follow","max-snippet":"max-snippet:-1","max-image-preview":"max-image-preview:large","max-video-preview":"max-video-preview:-1"},"canonical":"https:\/\/www.institutocefer.com\/de\/praesentation\/","og_locale":"de_DE","og_type":"article","og_title":"Pr\u00e4sentation - Centro de reproducci\u00f3n asistida - Instituto CEFER","og_description":"Experten f\u00fcr assistierte Reproduktion Bei Cefer haben Sie die Aufmerksamkeit von Spezialisten f\u00fcr Fruchtbarkeitsbehandlungen Als Experten f\u00fcr assistierte Reproduktion und Pioniere bei der Implementierung neuer Techniken und Behandlungen wissen wir vom Cefer Reproduction Institute, dass unsere hochkar\u00e4tigen Fachleute das beste Kapital sind. Neben exklusiver und engagierter Aufmerksamkeit. Ein vertrauensw\u00fcrdiges medizinisches Fachteam, das Sie w\u00e4hrend des [&hellip;]","og_url":"https:\/\/www.institutocefer.com\/de\/praesentation\/","og_site_name":"Instituto Reproducci\u00f3n Cefer","article_publisher":"https:\/\/www.facebook.com\/institutocefer\/","article_modified_time":"2023-03-16T11:23:02+00:00","og_image":[{"url":"https:\/\/www.institutocefer.com\/wp-content\/uploads\/2022\/07\/presentacion.jpg"}],"twitter_card":"summary_large_image","twitter_site":"@institutocefer","twitter_misc":{"Gesch\u00e4tzte Lesezeit":"1 Minute"},"schema":{"@context":"https:\/\/schema.org","@graph":[{"@type":["WebPage","MedicalWebPage"],"@id":"https:\/\/www.institutocefer.com\/de\/praesentation\/","url":"https:\/\/www.institutocefer.com\/de\/praesentation\/","name":"Pr\u00e4sentation - Centro de reproducci\u00f3n asistida - Instituto CEFER","isPartOf":{"@id":"https:\/\/www.institutocefer.com\/de\/#website"},"datePublished":"2022-07-14T09:03:09+00:00","dateModified":"2023-03-16T11:23:02+00:00","breadcrumb":{"@id":"https:\/\/www.institutocefer.com\/de\/praesentation\/#breadcrumb"},"inLanguage":"de-DE","potentialAction":[{"@type":"ReadAction","target":["https:\/\/www.institutocefer.com\/de\/praesentation\/"]}]},{"@type":"BreadcrumbList","@id":"https:\/\/www.institutocefer.com\/de\/praesentation\/#breadcrumb","itemListElement":[{"@type":"ListItem","position":1,"name":"Home","item":"https:\/\/www.institutocefer.com\/de\/"},{"@type":"ListItem","position":2,"name":"Pr\u00e4sentation"}]},{"@type":"WebSite","@id":"https:\/\/www.institutocefer.com\/de\/#website","url":"https:\/\/www.institutocefer.com\/de\/","name":"Instituto Reproducci\u00f3n Cefer","description":"M\u00e1s de 40 a\u00f1os de innovaci\u00f3n reproductiva","publisher":{"@id":"https:\/\/www.institutocefer.com\/de\/#organization"},"potentialAction":[{"@type":"SearchAction","target":{"@type":"EntryPoint","urlTemplate":"https:\/\/www.institutocefer.com\/de\/?s={search_term_string}"},"query-input":"required name=search_term_string"}],"inLanguage":"de-DE"},{"@type":"Organization","@id":"https:\/\/www.institutocefer.com\/de\/#organization","name":"Instituto Reproducci\u00f3n Cefer","url":"https:\/\/www.institutocefer.com\/de\/","logo":{"@type":"ImageObject","inLanguage":"de-DE","@id":"https:\/\/www.institutocefer.com\/de\/#\/schema\/logo\/image\/","url":"https:\/\/www.institutocefer.com\/wp-content\/uploads\/2022\/05\/logo_CEFER.png","contentUrl":"https:\/\/www.institutocefer.com\/wp-content\/uploads\/2022\/05\/logo_CEFER.png","width":207,"height":243,"caption":"Instituto Reproducci\u00f3n Cefer"},"image":{"@id":"https:\/\/www.institutocefer.com\/de\/#\/schema\/logo\/image\/"},"sameAs":["https:\/\/www.facebook.com\/institutocefer\/","https:\/\/twitter.com\/institutocefer"]}]}},"_links":{"self":[{"href":"https:\/\/www.institutocefer.com\/de\/wp-json\/wp\/v2\/pages\/9612"}],"collection":[{"href":"https:\/\/www.institutocefer.com\/de\/wp-json\/wp\/v2\/pages"}],"about":[{"href":"https:\/\/www.institutocefer.com\/de\/wp-json\/wp\/v2\/types\/page"}],"author":[{"embeddable":true,"href":"https:\/\/www.institutocefer.com\/de\/wp-json\/wp\/v2\/users\/1"}],"replies":[{"embeddable":true,"href":"https:\/\/www.institutocefer.com\/de\/wp-json\/wp\/v2\/comments?post=9612"}],"version-history":[{"count":1,"href":"https:\/\/www.institutocefer.com\/de\/wp-json\/wp\/v2\/pages\/9612\/revisions"}],"predecessor-version":[{"id":9613,"href":"https:\/\/www.institutocefer.com\/de\/wp-json\/wp\/v2\/pages\/9612\/revisions\/9613"}],"wp:attachment":[{"href":"https:\/\/www.institutocefer.com\/de\/wp-json\/wp\/v2\/media?parent=9612"}],"curies":[{"name":"wp","href":"https:\/\/api.w.org\/{rel}","templated":true}]}}