{"id":12454,"date":"2025-10-28T10:04:32","date_gmt":"2025-10-28T09:04:32","guid":{"rendered":"https:\/\/www.institutocefer.com\/life-predict\/"},"modified":"2025-10-28T11:59:26","modified_gmt":"2025-10-28T10:59:26","slug":"life-predict","status":"publish","type":"page","link":"https:\/\/www.institutocefer.com\/ca\/life-predict\/","title":{"rendered":"LIFE-Predict"},"content":{"rendered":"\t\t<div data-elementor-type=\"wp-page\" data-elementor-id=\"12454\" class=\"elementor elementor-12454 elementor-12431\" data-elementor-post-type=\"page\">\n\t\t\t\t\t\t\t\t\t<section class=\"elementor-section elementor-top-section elementor-element elementor-element-4e62714 elementor-section-boxed elementor-section-height-default elementor-section-height-default\" data-id=\"4e62714\" data-element_type=\"section\">\n\t\t\t\t\t\t<div class=\"elementor-container elementor-column-gap-default\">\n\t\t\t\t\t<div class=\"elementor-column elementor-col-100 elementor-top-column elementor-element elementor-element-9d8a3f3\" data-id=\"9d8a3f3\" data-element_type=\"column\">\n\t\t\t<div class=\"elementor-widget-wrap elementor-element-populated\">\n\t\t\t\t\t\t\t\t<div class=\"elementor-element elementor-element-a7528ee elementor-widget elementor-widget-heading\" data-id=\"a7528ee\" data-element_type=\"widget\" data-widget_type=\"heading.default\">\n\t\t\t\t<div class=\"elementor-widget-container\">\n\t\t\t<style>\/*! elementor - v3.14.0 - 26-06-2023 *\/\n.elementor-heading-title{padding:0;margin:0;line-height:1}.elementor-widget-heading .elementor-heading-title[class*=elementor-size-]>a{color:inherit;font-size:inherit;line-height:inherit}.elementor-widget-heading .elementor-heading-title.elementor-size-small{font-size:15px}.elementor-widget-heading .elementor-heading-title.elementor-size-medium{font-size:19px}.elementor-widget-heading .elementor-heading-title.elementor-size-large{font-size:29px}.elementor-widget-heading .elementor-heading-title.elementor-size-xl{font-size:39px}.elementor-widget-heading .elementor-heading-title.elementor-size-xxl{font-size:59px}<\/style><h1 class=\"elementor-heading-title elementor-size-default\">LIFE Predict. La intel\u00b7lig\u00e8ncia artificial que millora les possibilitats d'embar\u00e0s<\/h1>\t\t<\/div>\n\t\t\t\t<\/div>\n\t\t\t\t\t<\/div>\n\t\t<\/div>\n\t\t\t\t\t\t\t<\/div>\n\t\t<\/section>\n\t\t\t\t<section class=\"elementor-section elementor-top-section elementor-element elementor-element-9b26219 elementor-section-boxed elementor-section-height-default elementor-section-height-default\" data-id=\"9b26219\" data-element_type=\"section\">\n\t\t\t\t\t\t<div class=\"elementor-container elementor-column-gap-default\">\n\t\t\t\t\t<div class=\"elementor-column elementor-col-100 elementor-top-column elementor-element elementor-element-abfc757\" data-id=\"abfc757\" data-element_type=\"column\">\n\t\t\t<div class=\"elementor-widget-wrap elementor-element-populated\">\n\t\t\t\t\t\t\t\t<div class=\"elementor-element elementor-element-cc6b94c elementor-widget elementor-widget-image\" data-id=\"cc6b94c\" data-element_type=\"widget\" data-widget_type=\"image.default\">\n\t\t\t\t<div class=\"elementor-widget-container\">\n\t\t\t<style>\/*! elementor - v3.14.0 - 26-06-2023 *\/\n.elementor-widget-image{text-align:center}.elementor-widget-image a{display:inline-block}.elementor-widget-image a img[src$=\".svg\"]{width:48px}.elementor-widget-image img{vertical-align:middle;display:inline-block}<\/style>\t\t\t\t\t\t\t\t\t\t\t\t<img decoding=\"async\" width=\"632\" height=\"447\" src=\"https:\/\/www.institutocefer.com\/wp-content\/uploads\/2025\/10\/Captura-de-pantalla-2025-10-28-100958.jpg\" class=\"attachment-large size-large wp-image-12435\" alt=\"LIFE-Predict\" loading=\"lazy\" srcset=\"https:\/\/www.institutocefer.com\/wp-content\/uploads\/2025\/10\/Captura-de-pantalla-2025-10-28-100958.jpg 632w, https:\/\/www.institutocefer.com\/wp-content\/uploads\/2025\/10\/Captura-de-pantalla-2025-10-28-100958-300x212.jpg 300w\" sizes=\"(max-width: 632px) 100vw, 632px\" \/>\t\t\t\t\t\t\t\t\t\t\t\t\t\t\t<\/div>\n\t\t\t\t<\/div>\n\t\t\t\t\t<\/div>\n\t\t<\/div>\n\t\t\t\t\t\t\t<\/div>\n\t\t<\/section>\n\t\t\t\t<section class=\"elementor-section elementor-top-section elementor-element elementor-element-69c2ca0 elementor-section-boxed elementor-section-height-default elementor-section-height-default\" data-id=\"69c2ca0\" data-element_type=\"section\">\n\t\t\t\t\t\t<div class=\"elementor-container elementor-column-gap-default\">\n\t\t\t\t\t<div class=\"elementor-column elementor-col-100 elementor-top-column elementor-element elementor-element-c9d532e\" data-id=\"c9d532e\" data-element_type=\"column\">\n\t\t\t<div class=\"elementor-widget-wrap elementor-element-populated\">\n\t\t\t\t\t\t\t\t<div class=\"elementor-element elementor-element-192bbd1 elementor-widget elementor-widget-text-editor\" data-id=\"192bbd1\" data-element_type=\"widget\" data-widget_type=\"text-editor.default\">\n\t\t\t\t<div class=\"elementor-widget-container\">\n\t\t\t<style>\/*! elementor - v3.14.0 - 26-06-2023 *\/\n.elementor-widget-text-editor.elementor-drop-cap-view-stacked .elementor-drop-cap{background-color:#69727d;color:#fff}.elementor-widget-text-editor.elementor-drop-cap-view-framed .elementor-drop-cap{color:#69727d;border:3px solid;background-color:transparent}.elementor-widget-text-editor:not(.elementor-drop-cap-view-default) .elementor-drop-cap{margin-top:8px}.elementor-widget-text-editor:not(.elementor-drop-cap-view-default) .elementor-drop-cap-letter{width:1em;height:1em}.elementor-widget-text-editor .elementor-drop-cap{float:left;text-align:center;line-height:1;font-size:50px}.elementor-widget-text-editor .elementor-drop-cap-letter{display:inline-block}<\/style>\t\t\t\t<h2>LIFE Predict<br \/>\nLa intel\u00b7lig\u00e8ncia artificial que ajuda a crear vida<br \/>\nLIFE Predict \u00e9s un sistema avan\u00e7at d&#8217;intel\u00b7lig\u00e8ncia artificial que assisteix l&#8217;equip m\u00e8dic a la selecci\u00f3 dels embrions amb m\u00e9s probabilitats de donar lloc a un embar\u00e0s exit\u00f3s.<br \/>\nUtilitza tecnologia no invasiva i algorismes predictius per analitzar el desenvolupament embrionari i oferir informaci\u00f3 objectiva, fiable i personalitzada per a cada pacient.<\/h2>\n<p>Aquesta eina est\u00e0 disponible en exclusiva als centres ANACER, garantint l&#8217;\u00fas de la tecnologia m\u00e9s precisa i validada a l&#8217;\u00e0mbit de la reproducci\u00f3 assistida.<\/p>\n<p>Com funciona LIFE Predict<br \/>\nDurant el cultiu embrionari, els embrions s&#8217;observen mitjan\u00e7ant sistemes de tecnologia time-lapse, que registren el seu desenvolupament minut a minut sense alterar-lo.<br \/>\nA partir d\u201faquestes dades, LIFE Predict analitza m\u00e9s de 90 par\u00e0metres morfocin\u00e8tics i aplica models d\u201fintel\u00b7lig\u00e8ncia artificial que generen un Score (de 0 a 10) que reflecteix el potencial reproductiu de cada embri\u00f3.<\/p>\n<p>Un Score m\u00e9s alt indica una probabilitat d&#8217;\u00e8xit m\u00e9s gran, ajudant l&#8217;equip m\u00e8dic a prioritzar els embrions m\u00e9s prometedors.<br \/>\nEl sistema no reempla\u00e7a la valoraci\u00f3 de lespecialista, sin\u00f3 que la complementa amb informaci\u00f3 objectiva i basada en evid\u00e8ncia cient\u00edfica.<\/p>\n<p>Avantatges cl\u00ednics i per al pacient<br \/>\nSelecci\u00f3 embrion\u00e0ria m\u00e9s precisa<br \/>\nAnalitza objectivament el desenvolupament de cada embri\u00f3, optimitzant-ne la selecci\u00f3 i augmentant l&#8217;efici\u00e8ncia del tractament.<br \/>\nM\u00e8tode no invasiu i sense riscos<br \/>\nLIFE Predict no requereix bi\u00f2psies ni manipulaci\u00f3, per la qual cosa no compromet la seguretat dels embrions.<br \/>\nMenor nombre de transfer\u00e8ncies necess\u00e0ries<br \/>\nEls estudis cl\u00ednics mostren fins a un 20% m\u00e9s de taxa de nascut viu i una reducci\u00f3 significativa al nombre de transfer\u00e8ncies necess\u00e0ries per aconseguir l&#8217;embar\u00e0s.<br \/>\nM\u00e9s seguretat davant d&#8217;alteracions gen\u00e8tiques<br \/>\nPermet reduir el risc de seleccionar embrions amb alteracions cromos\u00f2miques.<br \/>\nTecnologia validada i amb suport cient\u00edfic<br \/>\nDesenvolupat per ANACER, LIFE Predict ha estat validat sota els est\u00e0ndards internacionals EQUATOR i TRIPOD-AI, garantint precisi\u00f3, transpar\u00e8ncia i fiabilitat cl\u00ednica.<\/p>\n<p>Preguntes freq\u00fcents<br \/>\nAfecta l&#8217;an\u00e0lisi als meus embrions?<br \/>\nNo. El sistema analitza les dades del desenvolupament embrionari sense manipular ni intervenir sobre els embrions.<\/p>\n<p>\u00c9s obligatori transferir l&#8217;embri\u00f3 amb la millor puntuaci\u00f3?<br \/>\nNo. La decisi\u00f3 final sempre la pren l&#8217;equip m\u00e8dic. LIFE Predict \u00e9s una eina de suport al diagn\u00f2stic, no pas un substitut del criteri cl\u00ednic.<\/p>\n<p>Un alt score garanteix l&#8217;embar\u00e0s?<br \/>\nNo. La reproducci\u00f3 assistida dep\u00e8n de m\u00faltiples factors, per\u00f2 LIFE Predict permet prendre decisions m\u00e9s informades, escur\u00e7ant el temps fins a aconseguir un resultat exit\u00f3s.<\/p>\n<p>Per qu\u00e8 escollir LIFE Predict?<br \/>\nPerqu\u00e8 combina l&#8217;experi\u00e8ncia m\u00e8dica amb intel\u00b7lig\u00e8ncia artificial avan\u00e7ada, oferint una avaluaci\u00f3 m\u00e9s completa i precisa que qualsevol altre sistema disponible.<\/p>\n<p>En resum<br \/>\nLIFE Predict representa un canvi de paradigma a la selecci\u00f3 embrion\u00e0ria.<br \/>\nGr\u00e0cies a la intel\u00b7lig\u00e8ncia artificial permet una presa de decisions m\u00e9s segura, personalitzada i basada en dades reals, millorant les possibilitats d&#8217;\u00e8xit de cada tractament.<\/p>\n<p>Perqu\u00e8 triar b\u00e9 ho canvia tot.<\/p>\n\t\t\t\t\t\t<\/div>\n\t\t\t\t<\/div>\n\t\t\t\t\t<\/div>\n\t\t<\/div>\n\t\t\t\t\t\t\t<\/div>\n\t\t<\/section>\n\t\t\t\t<section class=\"elementor-section elementor-top-section elementor-element elementor-element-094374b elementor-section-full_width info-pesonalizada elementor-section-height-default elementor-section-height-default\" data-id=\"094374b\" data-element_type=\"section\" data-settings=\"{&quot;background_background&quot;:&quot;classic&quot;}\">\n\t\t\t\t\t\t<div class=\"elementor-container elementor-column-gap-default\">\n\t\t\t\t\t<div class=\"elementor-column elementor-col-100 elementor-top-column elementor-element elementor-element-b5aa1f8\" data-id=\"b5aa1f8\" data-element_type=\"column\">\n\t\t\t<div class=\"elementor-widget-wrap elementor-element-populated\">\n\t\t\t\t\t\t\t\t<section class=\"elementor-section elementor-inner-section elementor-element elementor-element-26a7553 elementor-section-boxed elementor-section-height-default elementor-section-height-default\" data-id=\"26a7553\" data-element_type=\"section\">\n\t\t\t\t\t\t<div class=\"elementor-container elementor-column-gap-default\">\n\t\t\t\t\t<div class=\"elementor-column elementor-col-25 elementor-inner-column elementor-element elementor-element-fb76b8d\" data-id=\"fb76b8d\" data-element_type=\"column\">\n\t\t\t<div class=\"elementor-widget-wrap elementor-element-populated\">\n\t\t\t\t\t\t\t\t<div class=\"elementor-element elementor-element-5a22c30 elementor-widget elementor-widget-text-editor\" data-id=\"5a22c30\" data-element_type=\"widget\" data-widget_type=\"text-editor.default\">\n\t\t\t\t<div class=\"elementor-widget-container\">\n\t\t\t\t\t\t\t<p>Obtingueu informaci\u00f3 personalitzada sobre LIFE-Predict. Contacta amb nosaltres sense cap mena de comprom\u00eds.<\/p>\n\t\t\t\t\t\t<\/div>\n\t\t\t\t<\/div>\n\t\t\t\t\t<\/div>\n\t\t<\/div>\n\t\t\t\t<div class=\"elementor-column elementor-col-25 elementor-inner-column elementor-element elementor-element-b91fd03\" data-id=\"b91fd03\" data-element_type=\"column\">\n\t\t\t<div class=\"elementor-widget-wrap elementor-element-populated\">\n\t\t\t\t\t\t\t\t<div class=\"elementor-element elementor-element-e04a400 elementor-widget__width-inherit elementor-widget-mobile__width-initial elementor-widget elementor-widget-global elementor-global-10386 elementor-global-5016 elementor-widget-image\" data-id=\"e04a400\" data-element_type=\"widget\" id=\"telefono_ico\" data-widget_type=\"image.default\">\n\t\t\t\t<div class=\"elementor-widget-container\">\n\t\t\t\t\t\t\t\t\t\t\t\t\t\t\t<img decoding=\"async\" src=\"https:\/\/www.institutocefer.com\/wp-content\/uploads\/2022\/06\/cefer-llamada-telefono.svg\" title=\"cefer-llamada-telefono\" alt=\"cefer-llamada-telefono\" loading=\"lazy\" \/>\t\t\t\t\t\t\t\t\t\t\t\t\t\t\t<\/div>\n\t\t\t\t<\/div>\n\t\t\t\t<div class=\"elementor-element elementor-element-70f6845 elementor-widget__width-inherit elementor-align-center elementor-widget-mobile__width-initial elementor-widget elementor-widget-global elementor-global-10388 elementor-global-5019 elementor-widget-button\" data-id=\"70f6845\" data-element_type=\"widget\" id=\"llamada_gratuita\" data-widget_type=\"button.default\">\n\t\t\t\t<div class=\"elementor-widget-container\">\n\t\t\t\t\t<div class=\"elementor-button-wrapper\">\n\t\t\t<a class=\"elementor-button elementor-button-link elementor-size-sm\" href=\"https:\/\/recursos.institutocefer.com\/te-llamamos?utm_campaign=Linkbuilding&#038;utm_source=link&#038;utm_medium=producto\" target=\"_blank\">\n\t\t\t\t\t\t<span class=\"elementor-button-content-wrapper\">\n\t\t\t\t\t\t<span class=\"elementor-button-text\">Trucada gratu\u00efta<\/span>\n\t\t<\/span>\n\t\t\t\t\t<\/a>\n\t\t<\/div>\n\t\t\t\t<\/div>\n\t\t\t\t<\/div>\n\t\t\t\t\t<\/div>\n\t\t<\/div>\n\t\t\t\t<div class=\"elementor-column elementor-col-25 elementor-inner-column elementor-element elementor-element-1b5f831\" data-id=\"1b5f831\" data-element_type=\"column\">\n\t\t\t<div class=\"elementor-widget-wrap elementor-element-populated\">\n\t\t\t\t\t\t\t\t<div class=\"elementor-element elementor-element-3399d0b elementor-widget__width-inherit elementor-widget-mobile__width-initial elementor-widget elementor-widget-global elementor-global-10384 elementor-global-5022 elementor-widget-image\" data-id=\"3399d0b\" data-element_type=\"widget\" id=\"mail_ico\" data-widget_type=\"image.default\">\n\t\t\t\t<div class=\"elementor-widget-container\">\n\t\t\t\t\t\t\t\t\t\t\t\t\t\t\t<img decoding=\"async\" src=\"https:\/\/www.institutocefer.com\/wp-content\/uploads\/2022\/06\/cefer-mail.svg\" title=\"cefer-mail\" alt=\"cefer-mail\" loading=\"lazy\" \/>\t\t\t\t\t\t\t\t\t\t\t\t\t\t\t<\/div>\n\t\t\t\t<\/div>\n\t\t\t\t<div class=\"elementor-element elementor-element-58e562e elementor-widget__width-inherit elementor-align-center elementor-widget-mobile__width-initial elementor-widget elementor-widget-global elementor-global-10382 elementor-global-5025 elementor-widget-button\" data-id=\"58e562e\" data-element_type=\"widget\" id=\"consultanos\" data-widget_type=\"button.default\">\n\t\t\t\t<div class=\"elementor-widget-container\">\n\t\t\t\t\t<div class=\"elementor-button-wrapper\">\n\t\t\t<a class=\"elementor-button elementor-button-link elementor-size-sm\" href=\"https:\/\/www.institutocefer.com\/ca\/contacte\/\" target=\"_blank\">\n\t\t\t\t\t\t<span class=\"elementor-button-content-wrapper\">\n\t\t\t\t\t\t<span class=\"elementor-button-text\">Consulta'ns<\/span>\n\t\t<\/span>\n\t\t\t\t\t<\/a>\n\t\t<\/div>\n\t\t\t\t<\/div>\n\t\t\t\t<\/div>\n\t\t\t\t\t<\/div>\n\t\t<\/div>\n\t\t\t\t<div class=\"elementor-column elementor-col-25 elementor-inner-column elementor-element elementor-element-35b692b\" data-id=\"35b692b\" data-element_type=\"column\">\n\t\t\t<div class=\"elementor-widget-wrap elementor-element-populated\">\n\t\t\t\t\t\t\t\t<div class=\"elementor-element elementor-element-27455a9 elementor-widget__width-inherit elementor-widget-mobile__width-initial elementor-widget elementor-widget-global elementor-global-10380 elementor-global-5028 elementor-widget-image\" data-id=\"27455a9\" data-element_type=\"widget\" id=\"whatsapp_ico\" data-widget_type=\"image.default\">\n\t\t\t\t<div class=\"elementor-widget-container\">\n\t\t\t\t\t\t\t\t\t\t\t\t\t\t\t<img decoding=\"async\" src=\"https:\/\/www.institutocefer.com\/wp-content\/uploads\/2022\/06\/cefer-whatsapp.svg\" title=\"cefer-whatsapp\" alt=\"cefer-whatsapp\" loading=\"lazy\" \/>\t\t\t\t\t\t\t\t\t\t\t\t\t\t\t<\/div>\n\t\t\t\t<\/div>\n\t\t\t\t<div class=\"elementor-element elementor-element-b234354 elementor-widget__width-inherit elementor-align-center elementor-widget-mobile__width-initial elementor-widget elementor-widget-global elementor-global-10378 elementor-global-5031 elementor-widget-button\" data-id=\"b234354\" data-element_type=\"widget\" id=\"por_whatsapp\" data-widget_type=\"button.default\">\n\t\t\t\t<div class=\"elementor-widget-container\">\n\t\t\t\t\t<div class=\"elementor-button-wrapper\">\n\t\t\t<a class=\"elementor-button elementor-button-link elementor-size-sm\" href=\"https:\/\/api.whatsapp.com\/send?phone=34667784682\" target=\"_blank\">\n\t\t\t\t\t\t<span class=\"elementor-button-content-wrapper\">\n\t\t\t\t\t\t<span class=\"elementor-button-text\">Per whatsapp<\/span>\n\t\t<\/span>\n\t\t\t\t\t<\/a>\n\t\t<\/div>\n\t\t\t\t<\/div>\n\t\t\t\t<\/div>\n\t\t\t\t\t<\/div>\n\t\t<\/div>\n\t\t\t\t\t\t\t<\/div>\n\t\t<\/section>\n\t\t\t\t\t<\/div>\n\t\t<\/div>\n\t\t\t\t\t\t\t<\/div>\n\t\t<\/section>\n\t\t\t\t\t\t\t<\/div>\n\t\t","protected":false},"excerpt":{"rendered":"<p>LIFE Predict. La intel\u00b7lig\u00e8ncia artificial que millora les possibilitats d&#8217;embar\u00e0s LIFE Predict La intel\u00b7lig\u00e8ncia artificial que ajuda a crear vida LIFE Predict \u00e9s un sistema avan\u00e7at d&#8217;intel\u00b7lig\u00e8ncia artificial que assisteix l&#8217;equip m\u00e8dic a la selecci\u00f3 dels embrions amb m\u00e9s probabilitats de donar lloc a un embar\u00e0s exit\u00f3s. Utilitza tecnologia no invasiva i algorismes predictius per [&hellip;]<\/p>\n","protected":false},"author":2,"featured_media":0,"parent":0,"menu_order":0,"comment_status":"closed","ping_status":"closed","template":"","meta":{"content-type":"","inline_featured_image":false},"yoast_head":"<!-- This site is optimized with the Yoast SEO plugin v20.11 - https:\/\/yoast.com\/wordpress\/plugins\/seo\/ -->\n<title>LIFE-Predict - Selecci\u00f3 embrion\u00e0ria amb IA<\/title>\n<meta name=\"description\" content=\"Ara la millor tecnologia de selecci\u00f3 embrion\u00e0ria assistida per intel\u00b7lig\u00e8ncia artificial al teu abast. Seleccioneu el millor embri\u00f3.\" \/>\n<meta name=\"robots\" content=\"index, follow, max-snippet:-1, max-image-preview:large, max-video-preview:-1\" \/>\n<link rel=\"canonical\" href=\"https:\/\/www.institutocefer.com\/ca\/life-predict\/\" \/>\n<meta property=\"og:locale\" content=\"ca_ES\" \/>\n<meta property=\"og:type\" content=\"article\" \/>\n<meta property=\"og:title\" content=\"LIFE-Predict - Selecci\u00f3 embrion\u00e0ria amb IA\" \/>\n<meta property=\"og:description\" content=\"Ara la millor tecnologia de selecci\u00f3 embrion\u00e0ria assistida per intel\u00b7lig\u00e8ncia artificial al teu abast. Seleccioneu el millor embri\u00f3.\" \/>\n<meta property=\"og:url\" content=\"https:\/\/www.institutocefer.com\/ca\/life-predict\/\" \/>\n<meta property=\"og:site_name\" content=\"Instituto Reproducci\u00f3n Cefer\" \/>\n<meta property=\"article:publisher\" content=\"https:\/\/www.facebook.com\/institutocefer\/\" \/>\n<meta property=\"article:modified_time\" content=\"2025-10-28T10:59:26+00:00\" \/>\n<meta property=\"og:image\" content=\"https:\/\/www.institutocefer.com\/wp-content\/uploads\/2025\/10\/Captura-de-pantalla-2025-10-28-100958.jpg\" \/>\n<meta name=\"twitter:card\" content=\"summary_large_image\" \/>\n<meta name=\"twitter:site\" content=\"@institutocefer\" \/>\n<meta name=\"twitter:label1\" content=\"Temps estimat de lectura\" \/>\n\t<meta name=\"twitter:data1\" content=\"4 minuts\" \/>\n<script type=\"application\/ld+json\" class=\"yoast-schema-graph\">{\"@context\":\"https:\/\/schema.org\",\"@graph\":[{\"@type\":[\"WebPage\",\"MedicalWebPage\"],\"@id\":\"https:\/\/www.institutocefer.com\/ca\/life-predict\/\",\"url\":\"https:\/\/www.institutocefer.com\/ca\/life-predict\/\",\"name\":\"LIFE-Predict - Selecci\u00f3 embrion\u00e0ria amb IA\",\"isPartOf\":{\"@id\":\"https:\/\/www.institutocefer.com\/ca\/#website\"},\"datePublished\":\"2025-10-28T09:04:32+00:00\",\"dateModified\":\"2025-10-28T10:59:26+00:00\",\"description\":\"Ara la millor tecnologia de selecci\u00f3 embrion\u00e0ria assistida per intel\u00b7lig\u00e8ncia artificial al teu abast. Seleccioneu el millor embri\u00f3.\",\"breadcrumb\":{\"@id\":\"https:\/\/www.institutocefer.com\/ca\/life-predict\/#breadcrumb\"},\"inLanguage\":\"ca\",\"potentialAction\":[{\"@type\":\"ReadAction\",\"target\":[\"https:\/\/www.institutocefer.com\/ca\/life-predict\/\"]}]},{\"@type\":\"BreadcrumbList\",\"@id\":\"https:\/\/www.institutocefer.com\/ca\/life-predict\/#breadcrumb\",\"itemListElement\":[{\"@type\":\"ListItem\",\"position\":1,\"name\":\"Home\",\"item\":\"https:\/\/www.institutocefer.com\/ca\/\"},{\"@type\":\"ListItem\",\"position\":2,\"name\":\"LIFE-Predict\"}]},{\"@type\":\"WebSite\",\"@id\":\"https:\/\/www.institutocefer.com\/ca\/#website\",\"url\":\"https:\/\/www.institutocefer.com\/ca\/\",\"name\":\"Instituto Reproducci\u00f3n Cefer\",\"description\":\"M\u00e1s de 40 a\u00f1os de innovaci\u00f3n reproductiva\",\"publisher\":{\"@id\":\"https:\/\/www.institutocefer.com\/ca\/#organization\"},\"potentialAction\":[{\"@type\":\"SearchAction\",\"target\":{\"@type\":\"EntryPoint\",\"urlTemplate\":\"https:\/\/www.institutocefer.com\/ca\/?s={search_term_string}\"},\"query-input\":\"required name=search_term_string\"}],\"inLanguage\":\"ca\"},{\"@type\":\"Organization\",\"@id\":\"https:\/\/www.institutocefer.com\/ca\/#organization\",\"name\":\"Instituto Reproducci\u00f3n Cefer\",\"url\":\"https:\/\/www.institutocefer.com\/ca\/\",\"logo\":{\"@type\":\"ImageObject\",\"inLanguage\":\"ca\",\"@id\":\"https:\/\/www.institutocefer.com\/ca\/#\/schema\/logo\/image\/\",\"url\":\"https:\/\/www.institutocefer.com\/wp-content\/uploads\/2022\/05\/logo_CEFER.png\",\"contentUrl\":\"https:\/\/www.institutocefer.com\/wp-content\/uploads\/2022\/05\/logo_CEFER.png\",\"width\":207,\"height\":243,\"caption\":\"Instituto Reproducci\u00f3n Cefer\"},\"image\":{\"@id\":\"https:\/\/www.institutocefer.com\/ca\/#\/schema\/logo\/image\/\"},\"sameAs\":[\"https:\/\/www.facebook.com\/institutocefer\/\",\"https:\/\/twitter.com\/institutocefer\"]}]}<\/script>\n<!-- \/ Yoast SEO plugin. -->","yoast_head_json":{"title":"LIFE-Predict - Selecci\u00f3 embrion\u00e0ria amb IA","description":"Ara la millor tecnologia de selecci\u00f3 embrion\u00e0ria assistida per intel\u00b7lig\u00e8ncia artificial al teu abast. Seleccioneu el millor embri\u00f3.","robots":{"index":"index","follow":"follow","max-snippet":"max-snippet:-1","max-image-preview":"max-image-preview:large","max-video-preview":"max-video-preview:-1"},"canonical":"https:\/\/www.institutocefer.com\/ca\/life-predict\/","og_locale":"ca_ES","og_type":"article","og_title":"LIFE-Predict - Selecci\u00f3 embrion\u00e0ria amb IA","og_description":"Ara la millor tecnologia de selecci\u00f3 embrion\u00e0ria assistida per intel\u00b7lig\u00e8ncia artificial al teu abast. Seleccioneu el millor embri\u00f3.","og_url":"https:\/\/www.institutocefer.com\/ca\/life-predict\/","og_site_name":"Instituto Reproducci\u00f3n Cefer","article_publisher":"https:\/\/www.facebook.com\/institutocefer\/","article_modified_time":"2025-10-28T10:59:26+00:00","og_image":[{"url":"https:\/\/www.institutocefer.com\/wp-content\/uploads\/2025\/10\/Captura-de-pantalla-2025-10-28-100958.jpg"}],"twitter_card":"summary_large_image","twitter_site":"@institutocefer","twitter_misc":{"Temps estimat de lectura":"4 minuts"},"schema":{"@context":"https:\/\/schema.org","@graph":[{"@type":["WebPage","MedicalWebPage"],"@id":"https:\/\/www.institutocefer.com\/ca\/life-predict\/","url":"https:\/\/www.institutocefer.com\/ca\/life-predict\/","name":"LIFE-Predict - Selecci\u00f3 embrion\u00e0ria amb IA","isPartOf":{"@id":"https:\/\/www.institutocefer.com\/ca\/#website"},"datePublished":"2025-10-28T09:04:32+00:00","dateModified":"2025-10-28T10:59:26+00:00","description":"Ara la millor tecnologia de selecci\u00f3 embrion\u00e0ria assistida per intel\u00b7lig\u00e8ncia artificial al teu abast. Seleccioneu el millor embri\u00f3.","breadcrumb":{"@id":"https:\/\/www.institutocefer.com\/ca\/life-predict\/#breadcrumb"},"inLanguage":"ca","potentialAction":[{"@type":"ReadAction","target":["https:\/\/www.institutocefer.com\/ca\/life-predict\/"]}]},{"@type":"BreadcrumbList","@id":"https:\/\/www.institutocefer.com\/ca\/life-predict\/#breadcrumb","itemListElement":[{"@type":"ListItem","position":1,"name":"Home","item":"https:\/\/www.institutocefer.com\/ca\/"},{"@type":"ListItem","position":2,"name":"LIFE-Predict"}]},{"@type":"WebSite","@id":"https:\/\/www.institutocefer.com\/ca\/#website","url":"https:\/\/www.institutocefer.com\/ca\/","name":"Instituto Reproducci\u00f3n Cefer","description":"M\u00e1s de 40 a\u00f1os de innovaci\u00f3n reproductiva","publisher":{"@id":"https:\/\/www.institutocefer.com\/ca\/#organization"},"potentialAction":[{"@type":"SearchAction","target":{"@type":"EntryPoint","urlTemplate":"https:\/\/www.institutocefer.com\/ca\/?s={search_term_string}"},"query-input":"required name=search_term_string"}],"inLanguage":"ca"},{"@type":"Organization","@id":"https:\/\/www.institutocefer.com\/ca\/#organization","name":"Instituto Reproducci\u00f3n Cefer","url":"https:\/\/www.institutocefer.com\/ca\/","logo":{"@type":"ImageObject","inLanguage":"ca","@id":"https:\/\/www.institutocefer.com\/ca\/#\/schema\/logo\/image\/","url":"https:\/\/www.institutocefer.com\/wp-content\/uploads\/2022\/05\/logo_CEFER.png","contentUrl":"https:\/\/www.institutocefer.com\/wp-content\/uploads\/2022\/05\/logo_CEFER.png","width":207,"height":243,"caption":"Instituto Reproducci\u00f3n Cefer"},"image":{"@id":"https:\/\/www.institutocefer.com\/ca\/#\/schema\/logo\/image\/"},"sameAs":["https:\/\/www.facebook.com\/institutocefer\/","https:\/\/twitter.com\/institutocefer"]}]}},"_links":{"self":[{"href":"https:\/\/www.institutocefer.com\/ca\/wp-json\/wp\/v2\/pages\/12454"}],"collection":[{"href":"https:\/\/www.institutocefer.com\/ca\/wp-json\/wp\/v2\/pages"}],"about":[{"href":"https:\/\/www.institutocefer.com\/ca\/wp-json\/wp\/v2\/types\/page"}],"author":[{"embeddable":true,"href":"https:\/\/www.institutocefer.com\/ca\/wp-json\/wp\/v2\/users\/2"}],"replies":[{"embeddable":true,"href":"https:\/\/www.institutocefer.com\/ca\/wp-json\/wp\/v2\/comments?post=12454"}],"version-history":[{"count":6,"href":"https:\/\/www.institutocefer.com\/ca\/wp-json\/wp\/v2\/pages\/12454\/revisions"}],"predecessor-version":[{"id":12461,"href":"https:\/\/www.institutocefer.com\/ca\/wp-json\/wp\/v2\/pages\/12454\/revisions\/12461"}],"wp:attachment":[{"href":"https:\/\/www.institutocefer.com\/ca\/wp-json\/wp\/v2\/media?parent=12454"}],"curies":[{"name":"wp","href":"https:\/\/api.w.org\/{rel}","templated":true}]}}