{"id":10253,"date":"2022-07-25T17:34:26","date_gmt":"2022-07-25T16:34:26","guid":{"rendered":"https:\/\/www.institutocefer.com\/politica-de-privadesa-i-avis-legal\/"},"modified":"2023-04-26T07:25:19","modified_gmt":"2023-04-26T06:25:19","slug":"politica-de-privadesa-i-avis-legal","status":"publish","type":"page","link":"https:\/\/www.institutocefer.com\/ca\/politica-de-privadesa-i-avis-legal\/","title":{"rendered":"Pol\u00edtica de privadesa i Av\u00eds Legal"},"content":{"rendered":"\t\t<div data-elementor-type=\"wp-page\" data-elementor-id=\"10253\" class=\"elementor elementor-10253 elementor-5649\" data-elementor-post-type=\"page\">\n\t\t\t\t\t\t\t\t\t<section class=\"elementor-section elementor-top-section elementor-element elementor-element-e531e2e elementor-section-boxed elementor-section-height-default elementor-section-height-default\" data-id=\"e531e2e\" data-element_type=\"section\">\n\t\t\t\t\t\t<div class=\"elementor-container elementor-column-gap-default\">\n\t\t\t\t\t<div class=\"elementor-column elementor-col-100 elementor-top-column elementor-element elementor-element-0118c6d\" data-id=\"0118c6d\" data-element_type=\"column\">\n\t\t\t<div class=\"elementor-widget-wrap elementor-element-populated\">\n\t\t\t\t\t\t\t\t<div class=\"elementor-element elementor-element-7e7a247 elementor-widget elementor-widget-theme-post-title elementor-page-title elementor-widget-heading\" data-id=\"7e7a247\" data-element_type=\"widget\" data-widget_type=\"theme-post-title.default\">\n\t\t\t\t<div class=\"elementor-widget-container\">\n\t\t\t<style>\/*! elementor - v3.14.0 - 26-06-2023 *\/\n.elementor-heading-title{padding:0;margin:0;line-height:1}.elementor-widget-heading .elementor-heading-title[class*=elementor-size-]>a{color:inherit;font-size:inherit;line-height:inherit}.elementor-widget-heading .elementor-heading-title.elementor-size-small{font-size:15px}.elementor-widget-heading .elementor-heading-title.elementor-size-medium{font-size:19px}.elementor-widget-heading .elementor-heading-title.elementor-size-large{font-size:29px}.elementor-widget-heading .elementor-heading-title.elementor-size-xl{font-size:39px}.elementor-widget-heading .elementor-heading-title.elementor-size-xxl{font-size:59px}<\/style><h1 class=\"elementor-heading-title elementor-size-default\">Pol\u00edtica de privadesa i Av\u00eds Legal<\/h1>\t\t<\/div>\n\t\t\t\t<\/div>\n\t\t\t\t<div class=\"elementor-element elementor-element-052d187 elementor-widget elementor-widget-text-editor\" data-id=\"052d187\" data-element_type=\"widget\" data-widget_type=\"text-editor.default\">\n\t\t\t\t<div class=\"elementor-widget-container\">\n\t\t\t<style>\/*! elementor - v3.14.0 - 26-06-2023 *\/\n.elementor-widget-text-editor.elementor-drop-cap-view-stacked .elementor-drop-cap{background-color:#69727d;color:#fff}.elementor-widget-text-editor.elementor-drop-cap-view-framed .elementor-drop-cap{color:#69727d;border:3px solid;background-color:transparent}.elementor-widget-text-editor:not(.elementor-drop-cap-view-default) .elementor-drop-cap{margin-top:8px}.elementor-widget-text-editor:not(.elementor-drop-cap-view-default) .elementor-drop-cap-letter{width:1em;height:1em}.elementor-widget-text-editor .elementor-drop-cap{float:left;text-align:center;line-height:1;font-size:50px}.elementor-widget-text-editor .elementor-drop-cap-letter{display:inline-block}<\/style>\t\t\t\t<h3>I. POL\u00cdTICA DE PRIVACITAT<\/h3>\n<p>En compliment del REGLAMENT (UE) 2016\/679 DEL PARLAMENT EUROPEU I DEL CONSELL de 27 d&#8217;abril de 2016, relatiu a la protecci\u00f3 de les persones f\u00edsiques pel que fa al tractament de dades personals ia la lliure circulaci\u00f3 d&#8217;aquestes dades, i de la Llei Org\u00e0nica 3\/2018, de 5 de desembre, de Protecci\u00f3 de Dades Personals i garantia dels drets digitals, se us informa que les dades personals proporcionades per vost\u00e8 a trav\u00e9s del lloc web www.institutocefer.com (d&#8217;ara endavant el lloc web ), seran tractats en els seg\u00fcents termes:<\/p>\n<p><strong>Responsable del tractament<\/strong><br \/>\nLes dades personals demanades a trav\u00e9s d&#8217;aquest lloc web seran tractades per INSTITUT DE REPRODUCCI\u00d3 CEFER, SL, amb domicili per a l&#8217;exercici de drets a GRAN VIA CORTS CATALANES, 416 &#8211; 08015 BARCELONA (Barcelona). E-mail: info@institutocefer.com<\/p>\n<p><strong>Finalitats del tractament<\/strong><\/p>\n<ul>\n<li>Informar-vos sobre els nostres productes i serveis, quan aix\u00ed ho sol\u00b7licite a trav\u00e9s dels formularis del lloc web o per correu electr\u00f2nic.<br \/>\nDonar contestaci\u00f3 i gestionar les seves consultes, comentaris i suggeriments, si escau.<\/li>\n<li>Enviar-li un pressupost per al tractament m\u00e9s adequat per a vost\u00e8, en base a les respostes informades al q\u00fcestionari de pre-diagn\u00f2stic en l\u00ednia.<\/li>\n<li>Gestionar la seva participaci\u00f3 en presents i futurs processos de selecci\u00f3, quan ens faci arribar les dades (incl\u00f2s el seu curr\u00edculum) amb aquesta finalitat.<\/li>\n<\/ul>\n<p><strong>Legitimaci\u00f3<\/strong><\/p>\n<p><u>Consentiment.<\/u> Les dades personals obtingudes a trav\u00e9s dels formularis del lloc web seran tractades \u00fanicament segons el consentiment atorgat per l&#8217;interessat, a trav\u00e9s de l&#8217;acceptaci\u00f3 de la casella disposada amb aquesta finalitat. Aquest consentiment es pot retirar en qualsevol moment.<br \/>\n<u>Aplicaci\u00f3 de mesures precontractuals.<\/u> Les dades personals tractades amb la finalitat de confeccionar un pressupost seran tractades sobre la base de l&#8217;aplicaci\u00f3 de mesures precontractuals a petici\u00f3 de l&#8217;interessat.<\/p>\n<p><strong>Destinataris<\/strong><br \/>\nLes dades personals obtingudes a trav\u00e9s del lloc web no seran comunicades a tercers, excepte obligaci\u00f3 legal.<\/p>\n<p><strong>Conservaci\u00f3<\/strong><br \/>\nLes dades personals facilitades per l&#8217;usuari per rebre comunicacions comercials, seran conservades mentre l&#8217;interessat no sol\u00b7licite la supressi\u00f3 o retiri el consentiment.<\/p>\n<p>Quan l&#8217;usuari envi\u00ef les vostres dades personals per participar en processos de selecci\u00f3 del RESPONSABLE, les dades seran tractades per participar en aquests processos de selecci\u00f3, i si no fos seleccionat, es conservaran les seves dades personals durant un per\u00edode de dos anys per tal de poder comptar amb la participaci\u00f3 en futurs processos.<\/p>\n<p>Quan l&#8217;usuari envi\u00ef les vostres dades per contactar amb el RESPONSABLE, realitzar consultes o suggeriments, les dades es conservaran mentre sigui necessari per a tal fi i puguin derivar-se responsabilitats del tractament.<br \/>\nLes dades personals facilitades per a la confecci\u00f3 d&#8217;un pressupost personalitzat seran conservades \u00fanicament mentre siguin necess\u00e0ries per assolir aquesta finalitat i posteriorment seran eliminades.<\/p>\n<p>Dades de tr\u00e0nsit, estad\u00edstiques i visites web: les dades seran conservades durant el termini de tres anys.<\/p>\n<p><strong>Drets<\/strong><br \/>\nPodeu exercir els vostres drets d&#8217;acc\u00e9s, rectificaci\u00f3, supressi\u00f3 i portabilitat de les vostres dades, de limitaci\u00f3 i oposici\u00f3 al vostre tractament, mitjan\u00e7ant escrit acompanyat de document oficial que us identifiqui dirigit a INSTITUT DE REPRODUCCI\u00d3 CEFER, SL GRAN VIA CORTS CATALANES, 416 &#8211; 08015 BARCELONA (Barcelona). E-mail: info@institutocefer.com. En cas de disconformitat amb el tractament, tamb\u00e9 teniu dret a presentar una reclamaci\u00f3 davant l&#8217;Ag\u00e8ncia Espanyola de Protecci\u00f3 de Dades (www.aepd.es).<\/p>\n<p><strong>Pol\u00edtica de protecci\u00f3 de menors<\/strong><br \/>\nQui facilita les dades a trav\u00e9s dels formularis d&#8217;aquesta web i n&#8217;accepta el tractament declara formalment ser major de 14 anys.<br \/>\nQueda prohibit l&#8217;acc\u00e9s i l&#8217;\u00fas del portal als menors de 14 anys .<br \/>\nEl RESPONSABLE recorda a les persones grans que tinguin a c\u00e0rrec seu menors, que ser\u00e0 de la seva exclusiva responsabilitat si algun menor incorpora les seves dades per sol\u00b7licitar algun producte. Tamb\u00e9 els informa que hi ha programes inform\u00e0tics per acotar la navegaci\u00f3 mitjan\u00e7ant el filtre o bloqueig a determinats continguts.<\/p>\n<p><strong>Tractament derivat de l\u00fas de les xarxes socials<\/strong><br \/>\nEn seguir el nostre perfil a les xarxes socials consent expressament el tractament de les seves dades personals conforme a la pol\u00edtica de privadesa de la corresponent xarxa social. Igualment, consenteix expressament l&#8217;acc\u00e9s del RESPONSABLE al tractament de les seves dades contingudes al seu perfil i que les not\u00edcies publicades sobre qualsevol producte del RESPONSABLE apareguin al seu mur. La seva petici\u00f3 per connectar implica necess\u00e0riament el seu consentiment per als tractaments assenyalats, i aquesta \u00e9s la base legal del tractament. Les dades es conservaran mentre l&#8217;interessat no sol\u00b7liciti la seva oposici\u00f3 o retiri el seu consentiment, i podr\u00e0 retirar-lo en qualsevol moment.<br \/>\nEls comentaris i continguts publicats a les xarxes socials es convertiran en informaci\u00f3 p\u00fablica, per la qual cosa els usuaris hauran de tenir especial cautela quan decideixin compartir la seva informaci\u00f3 personal. El RESPONSABLE no es fa responsable de la informaci\u00f3 que els usuaris incorporin a la p\u00e0gina. No obstant aix\u00f2, les persones les dades personals de les quals es trobin publicades o estiguin incloses en comentaris, podran sol\u00b7licitar al RESPONSABLE la cancel\u00b7laci\u00f3 dels mateixos .<\/p>\n<h3>II. AV\u00cdS LEGAL<\/h3>\n<p><strong>Identificaci\u00f3<\/strong><br \/>\nEn compliment amb el deure informaci\u00f3 recollit a l&#8217;article 10 de la Llei 34\/2002, d&#8217;11 de juliol, de Serveis de la Societat de la Informaci\u00f3 i del Comer\u00e7 Electr\u00f2nic, INSTITUT DE REPRODUCCI\u00d3 CEFER, SL (CEFER), us informa que els dades aqu\u00ed consignades corresponen a lentitat titular del lloc web www.institutocefer.com.<br \/>\n<strong>Denominaci\u00f3:<\/strong> INSTITUT DE REPRODUCCI\u00d3 CEFER, SL<br \/>\n<strong>Domicili:<\/strong> GRAN VIA CORTS CATALANS, 416 &#8211; 08015 BARCELONA<br \/>\n<strong>Tel\u00e8fon:<\/strong> 93 254 60 70<br \/>\n<strong>Email:<\/strong> info@institutocefer.com<br \/>\nCIF: B60508918<br \/>\n<strong>Inscripci\u00f3 registral:<\/strong> Registre Mercantil de Barcelona Tom 26785, Foli 214, Full B-108303<\/p>\n<p><strong>Propietat intel\u00b7lectual i industrial<\/strong><br \/>\nTots els drets de propietat industrial i intel\u00b7lectual de la totalitat d&#8217;elements continguts en aquest lloc web, incloses les marques comercials, formats, dissenys gr\u00e0fics, textos, imatges i documents, pertanyen a CEFER i estan protegits per les lleis espanyoles i internacionals sobre propietat Intel\u00b7lectual i Industrial. Queda expressament prohibida la reproducci\u00f3 total o parcial d&#8217;aquest lloc web i de qualsevol dels continguts sense el perm\u00eds expr\u00e9s i per escrit de CEFER.<br \/>\nL&#8217;acc\u00e9s al lloc web no implica cap tipus de ren\u00fancia, transmissi\u00f3, llic\u00e8ncia o cessi\u00f3 dels drets esmentats per part de CEFER, llevat que s&#8217;estableixi expressament el contrari.<\/p>\n<p><strong>Condicions d&#8217;\u00fas<\/strong><br \/>\nL&#8217;acc\u00e9s a aquest lloc web implica l&#8217;acceptaci\u00f3 d&#8217;aquestes condicions d&#8217;\u00fas sense reserves que regulen l&#8217;acc\u00e9s i la utilitzaci\u00f3 per tal de posar a disposici\u00f3 dels usuaris informaci\u00f3 sobre els nostres productes.<\/p>\n<p>Es prohibeix expressament la utilitzaci\u00f3 dels continguts d&#8217;aquest lloc web per utilitzar-los amb fins comercials o per distribuir-los, transformar-los o comunicar-los.<br \/>\nCEFER no respondr\u00e0 de cap conseq\u00fc\u00e8ncia, dany o perjudici que poguessin derivar-se d&#8217;aquesta utilitzaci\u00f3 o \u00fas de la informaci\u00f3.<br \/>\nTant l&#8217;acc\u00e9s a aquest web com l&#8217;\u00fas que es pugui fer de la informaci\u00f3 que cont\u00e9 \u00e9s de l&#8217;exclusiva responsabilitat de qui el realitza.<br \/>\nL&#8217;usuari s&#8217;obliga a no utilitzar la informaci\u00f3 que es publica en aquesta Web amb fins o efectes il\u00b7l\u00edcits o lesius, a no fer malb\u00e9 o inutilitzar la informaci\u00f3 ia no realitzar qualsevol altra acci\u00f3 que puguin ser contr\u00e0ria al contingut d&#8217;aquest Av\u00eds Legal.<br \/>\nCEFER no pot assegurar la inexist\u00e8ncia d&#8217;interrupcions o errors en l&#8217;acc\u00e9s a aquest lloc web, encara que posar\u00e0 els seus esfor\u00e7os m\u00e9s grans per evitar-los.<\/p>\n<p><strong>Enlla\u00e7os a altres webs<\/strong><br \/>\nEls enlla\u00e7os (links) que podeu trobar en aquesta Web s\u00f3n un servei als usuaris. Aquestes p\u00e0gines no s\u00f3n operades ni controlades per CEFER, per aix\u00f2 no es fa responsable dels continguts d&#8217;aquests llocs web ni estan cobertes pel present Av\u00eds Legal. Si accediu a aquestes p\u00e0gines web haureu de tenir en compte que les seves pol\u00edtiques de privadesa poden ser diferents de la nostra.<\/p>\n<p><strong>Legislaci\u00f3 aplicable i compet\u00e8ncia jurisdiccional<\/strong><br \/>\nAquest Av\u00eds Legal es regeix per la normativa espanyola vigent que li \u00e9s aplicable.<br \/>\nPer a la resoluci\u00f3 de les controv\u00e8rsies que es puguin derivar com a conseq\u00fc\u00e8ncia del que disposen aquestes disposicions i sobre la seva interpretaci\u00f3, aplicaci\u00f3 i compliment, les parts se sotmeten al fur corresponent al domicili de l&#8217;usuari.<\/p>\n\t\t\t\t\t\t<\/div>\n\t\t\t\t<\/div>\n\t\t\t\t\t<\/div>\n\t\t<\/div>\n\t\t\t\t\t\t\t<\/div>\n\t\t<\/section>\n\t\t\t\t<section class=\"elementor-section elementor-top-section elementor-element elementor-element-5bc6a195 elementor-section-boxed elementor-section-height-default elementor-section-height-default\" data-id=\"5bc6a195\" data-element_type=\"section\">\n\t\t\t\t\t\t<div class=\"elementor-container elementor-column-gap-no\">\n\t\t\t\t\t<div class=\"elementor-column elementor-col-100 elementor-top-column elementor-element elementor-element-1d21ec3c\" data-id=\"1d21ec3c\" data-element_type=\"column\" data-settings=\"{&quot;background_background&quot;:&quot;classic&quot;}\">\n\t\t\t<div class=\"elementor-widget-wrap elementor-element-populated\">\n\t\t\t\t\t\t\t\t<section class=\"elementor-section elementor-inner-section elementor-element elementor-element-7c12562d elementor-section-boxed elementor-section-height-default elementor-section-height-default\" data-id=\"7c12562d\" data-element_type=\"section\">\n\t\t\t\t\t\t<div class=\"elementor-container elementor-column-gap-default\">\n\t\t\t\t\t<div class=\"elementor-column elementor-col-100 elementor-inner-column elementor-element elementor-element-606ff3f5\" data-id=\"606ff3f5\" data-element_type=\"column\" data-settings=\"{&quot;background_background&quot;:&quot;classic&quot;}\">\n\t\t\t<div class=\"elementor-widget-wrap elementor-element-populated\">\n\t\t\t\t\t\t\t\t<div class=\"elementor-element elementor-element-6769d8d elementor-widget elementor-widget-heading\" data-id=\"6769d8d\" data-element_type=\"widget\" data-widget_type=\"heading.default\">\n\t\t\t\t<div class=\"elementor-widget-container\">\n\t\t\t<span class=\"elementor-heading-title elementor-size-default\">Reproducci\u00f3 assistida<\/span>\t\t<\/div>\n\t\t\t\t<\/div>\n\t\t\t\t<div class=\"elementor-element elementor-element-4e7ee9e9 elementor-widget__width-initial elementor-widget elementor-widget-heading\" data-id=\"4e7ee9e9\" data-element_type=\"widget\" data-widget_type=\"heading.default\">\n\t\t\t\t<div class=\"elementor-widget-container\">\n\t\t\t<h4 class=\"elementor-heading-title elementor-size-default\">El teu <strong>Pre-diagn\u00f2stic i pressupost<\/strong> en l\u00ednia gratu\u00eft en 2 minuts<\/h4>\t\t<\/div>\n\t\t\t\t<\/div>\n\t\t\t\t<div class=\"elementor-element elementor-element-481d1d00 elementor-align-right elementor-absolute elementor-widget__width-initial elementor-widget elementor-widget-button\" data-id=\"481d1d00\" data-element_type=\"widget\" data-settings=\"{&quot;_position&quot;:&quot;absolute&quot;}\" data-widget_type=\"button.default\">\n\t\t\t\t<div class=\"elementor-widget-container\">\n\t\t\t\t\t<div class=\"elementor-button-wrapper\">\n\t\t\t<a class=\"elementor-button elementor-button-link elementor-size-sm\" href=\"https:\/\/www.institutocefer.com\/it\/pre-diagnostico\/\">\n\t\t\t\t\t\t<span class=\"elementor-button-content-wrapper\">\n\t\t\t\t\t\t<span class=\"elementor-button-text\">Pre-diagn\u00f2stic online<\/span>\n\t\t<\/span>\n\t\t\t\t\t<\/a>\n\t\t<\/div>\n\t\t\t\t<\/div>\n\t\t\t\t<\/div>\n\t\t\t\t\t<\/div>\n\t\t<\/div>\n\t\t\t\t\t\t\t<\/div>\n\t\t<\/section>\n\t\t\t\t\t<\/div>\n\t\t<\/div>\n\t\t\t\t\t\t\t<\/div>\n\t\t<\/section>\n\t\t\t\t\t\t\t<\/div>\n\t\t","protected":false},"excerpt":{"rendered":"<p>I. POL\u00cdTICA DE PRIVACITAT En compliment del REGLAMENT (UE) 2016\/679 DEL PARLAMENT EUROPEU I DEL CONSELL de 27 d&#8217;abril de 2016, relatiu a la protecci\u00f3 de les persones f\u00edsiques pel que fa al tractament de dades personals ia la lliure circulaci\u00f3 d&#8217;aquestes dades, i de la Llei Org\u00e0nica 3\/2018, de 5 de desembre, de Protecci\u00f3 [&hellip;]<\/p>\n","protected":false},"author":1,"featured_media":0,"parent":0,"menu_order":0,"comment_status":"closed","ping_status":"closed","template":"","meta":{"content-type":"","inline_featured_image":false},"yoast_head":"<!-- This site is optimized with the Yoast SEO plugin v20.11 - https:\/\/yoast.com\/wordpress\/plugins\/seo\/ -->\n<title>Pol\u00edtica de privadesa i Av\u00eds Legal - Centro de reproducci\u00f3n asistida - Instituto CEFER<\/title>\n<meta name=\"robots\" content=\"index, follow, max-snippet:-1, max-image-preview:large, max-video-preview:-1\" \/>\n<link rel=\"canonical\" href=\"https:\/\/www.institutocefer.com\/ca\/politica-de-privadesa-i-avis-legal\/\" \/>\n<meta property=\"og:locale\" content=\"ca_ES\" \/>\n<meta property=\"og:type\" content=\"article\" \/>\n<meta property=\"og:title\" content=\"Pol\u00edtica de privadesa i Av\u00eds Legal - Centro de reproducci\u00f3n asistida - Instituto CEFER\" \/>\n<meta property=\"og:description\" content=\"I. POL\u00cdTICA DE PRIVACITAT En compliment del REGLAMENT (UE) 2016\/679 DEL PARLAMENT EUROPEU I DEL CONSELL de 27 d&#8217;abril de 2016, relatiu a la protecci\u00f3 de les persones f\u00edsiques pel que fa al tractament de dades personals ia la lliure circulaci\u00f3 d&#8217;aquestes dades, i de la Llei Org\u00e0nica 3\/2018, de 5 de desembre, de Protecci\u00f3 [&hellip;]\" \/>\n<meta property=\"og:url\" content=\"https:\/\/www.institutocefer.com\/ca\/politica-de-privadesa-i-avis-legal\/\" \/>\n<meta property=\"og:site_name\" content=\"Instituto Reproducci\u00f3n Cefer\" \/>\n<meta property=\"article:publisher\" content=\"https:\/\/www.facebook.com\/institutocefer\/\" \/>\n<meta property=\"article:modified_time\" content=\"2023-04-26T06:25:19+00:00\" \/>\n<meta name=\"twitter:card\" content=\"summary_large_image\" \/>\n<meta name=\"twitter:site\" content=\"@institutocefer\" \/>\n<meta name=\"twitter:label1\" content=\"Temps estimat de lectura\" \/>\n\t<meta name=\"twitter:data1\" content=\"7 minuts\" \/>\n<script type=\"application\/ld+json\" class=\"yoast-schema-graph\">{\"@context\":\"https:\/\/schema.org\",\"@graph\":[{\"@type\":[\"WebPage\",\"MedicalWebPage\"],\"@id\":\"https:\/\/www.institutocefer.com\/ca\/politica-de-privadesa-i-avis-legal\/\",\"url\":\"https:\/\/www.institutocefer.com\/ca\/politica-de-privadesa-i-avis-legal\/\",\"name\":\"Pol\u00edtica de privadesa i Av\u00eds Legal - Centro de reproducci\u00f3n asistida - Instituto CEFER\",\"isPartOf\":{\"@id\":\"https:\/\/www.institutocefer.com\/ca\/#website\"},\"datePublished\":\"2022-07-25T16:34:26+00:00\",\"dateModified\":\"2023-04-26T06:25:19+00:00\",\"breadcrumb\":{\"@id\":\"https:\/\/www.institutocefer.com\/ca\/politica-de-privadesa-i-avis-legal\/#breadcrumb\"},\"inLanguage\":\"ca\",\"potentialAction\":[{\"@type\":\"ReadAction\",\"target\":[\"https:\/\/www.institutocefer.com\/ca\/politica-de-privadesa-i-avis-legal\/\"]}]},{\"@type\":\"BreadcrumbList\",\"@id\":\"https:\/\/www.institutocefer.com\/ca\/politica-de-privadesa-i-avis-legal\/#breadcrumb\",\"itemListElement\":[{\"@type\":\"ListItem\",\"position\":1,\"name\":\"Home\",\"item\":\"https:\/\/www.institutocefer.com\/ca\/\"},{\"@type\":\"ListItem\",\"position\":2,\"name\":\"Pol\u00edtica de privadesa i Av\u00eds Legal\"}]},{\"@type\":\"WebSite\",\"@id\":\"https:\/\/www.institutocefer.com\/ca\/#website\",\"url\":\"https:\/\/www.institutocefer.com\/ca\/\",\"name\":\"Instituto Reproducci\u00f3n Cefer\",\"description\":\"M\u00e1s de 40 a\u00f1os de innovaci\u00f3n reproductiva\",\"publisher\":{\"@id\":\"https:\/\/www.institutocefer.com\/ca\/#organization\"},\"potentialAction\":[{\"@type\":\"SearchAction\",\"target\":{\"@type\":\"EntryPoint\",\"urlTemplate\":\"https:\/\/www.institutocefer.com\/ca\/?s={search_term_string}\"},\"query-input\":\"required name=search_term_string\"}],\"inLanguage\":\"ca\"},{\"@type\":\"Organization\",\"@id\":\"https:\/\/www.institutocefer.com\/ca\/#organization\",\"name\":\"Instituto Reproducci\u00f3n Cefer\",\"url\":\"https:\/\/www.institutocefer.com\/ca\/\",\"logo\":{\"@type\":\"ImageObject\",\"inLanguage\":\"ca\",\"@id\":\"https:\/\/www.institutocefer.com\/ca\/#\/schema\/logo\/image\/\",\"url\":\"https:\/\/www.institutocefer.com\/wp-content\/uploads\/2022\/05\/logo_CEFER.png\",\"contentUrl\":\"https:\/\/www.institutocefer.com\/wp-content\/uploads\/2022\/05\/logo_CEFER.png\",\"width\":207,\"height\":243,\"caption\":\"Instituto Reproducci\u00f3n Cefer\"},\"image\":{\"@id\":\"https:\/\/www.institutocefer.com\/ca\/#\/schema\/logo\/image\/\"},\"sameAs\":[\"https:\/\/www.facebook.com\/institutocefer\/\",\"https:\/\/twitter.com\/institutocefer\"]}]}<\/script>\n<!-- \/ Yoast SEO plugin. -->","yoast_head_json":{"title":"Pol\u00edtica de privadesa i Av\u00eds Legal - Centro de reproducci\u00f3n asistida - Instituto CEFER","robots":{"index":"index","follow":"follow","max-snippet":"max-snippet:-1","max-image-preview":"max-image-preview:large","max-video-preview":"max-video-preview:-1"},"canonical":"https:\/\/www.institutocefer.com\/ca\/politica-de-privadesa-i-avis-legal\/","og_locale":"ca_ES","og_type":"article","og_title":"Pol\u00edtica de privadesa i Av\u00eds Legal - Centro de reproducci\u00f3n asistida - Instituto CEFER","og_description":"I. POL\u00cdTICA DE PRIVACITAT En compliment del REGLAMENT (UE) 2016\/679 DEL PARLAMENT EUROPEU I DEL CONSELL de 27 d&#8217;abril de 2016, relatiu a la protecci\u00f3 de les persones f\u00edsiques pel que fa al tractament de dades personals ia la lliure circulaci\u00f3 d&#8217;aquestes dades, i de la Llei Org\u00e0nica 3\/2018, de 5 de desembre, de Protecci\u00f3 [&hellip;]","og_url":"https:\/\/www.institutocefer.com\/ca\/politica-de-privadesa-i-avis-legal\/","og_site_name":"Instituto Reproducci\u00f3n Cefer","article_publisher":"https:\/\/www.facebook.com\/institutocefer\/","article_modified_time":"2023-04-26T06:25:19+00:00","twitter_card":"summary_large_image","twitter_site":"@institutocefer","twitter_misc":{"Temps estimat de lectura":"7 minuts"},"schema":{"@context":"https:\/\/schema.org","@graph":[{"@type":["WebPage","MedicalWebPage"],"@id":"https:\/\/www.institutocefer.com\/ca\/politica-de-privadesa-i-avis-legal\/","url":"https:\/\/www.institutocefer.com\/ca\/politica-de-privadesa-i-avis-legal\/","name":"Pol\u00edtica de privadesa i Av\u00eds Legal - Centro de reproducci\u00f3n asistida - Instituto CEFER","isPartOf":{"@id":"https:\/\/www.institutocefer.com\/ca\/#website"},"datePublished":"2022-07-25T16:34:26+00:00","dateModified":"2023-04-26T06:25:19+00:00","breadcrumb":{"@id":"https:\/\/www.institutocefer.com\/ca\/politica-de-privadesa-i-avis-legal\/#breadcrumb"},"inLanguage":"ca","potentialAction":[{"@type":"ReadAction","target":["https:\/\/www.institutocefer.com\/ca\/politica-de-privadesa-i-avis-legal\/"]}]},{"@type":"BreadcrumbList","@id":"https:\/\/www.institutocefer.com\/ca\/politica-de-privadesa-i-avis-legal\/#breadcrumb","itemListElement":[{"@type":"ListItem","position":1,"name":"Home","item":"https:\/\/www.institutocefer.com\/ca\/"},{"@type":"ListItem","position":2,"name":"Pol\u00edtica de privadesa i Av\u00eds Legal"}]},{"@type":"WebSite","@id":"https:\/\/www.institutocefer.com\/ca\/#website","url":"https:\/\/www.institutocefer.com\/ca\/","name":"Instituto Reproducci\u00f3n Cefer","description":"M\u00e1s de 40 a\u00f1os de innovaci\u00f3n reproductiva","publisher":{"@id":"https:\/\/www.institutocefer.com\/ca\/#organization"},"potentialAction":[{"@type":"SearchAction","target":{"@type":"EntryPoint","urlTemplate":"https:\/\/www.institutocefer.com\/ca\/?s={search_term_string}"},"query-input":"required name=search_term_string"}],"inLanguage":"ca"},{"@type":"Organization","@id":"https:\/\/www.institutocefer.com\/ca\/#organization","name":"Instituto Reproducci\u00f3n Cefer","url":"https:\/\/www.institutocefer.com\/ca\/","logo":{"@type":"ImageObject","inLanguage":"ca","@id":"https:\/\/www.institutocefer.com\/ca\/#\/schema\/logo\/image\/","url":"https:\/\/www.institutocefer.com\/wp-content\/uploads\/2022\/05\/logo_CEFER.png","contentUrl":"https:\/\/www.institutocefer.com\/wp-content\/uploads\/2022\/05\/logo_CEFER.png","width":207,"height":243,"caption":"Instituto Reproducci\u00f3n Cefer"},"image":{"@id":"https:\/\/www.institutocefer.com\/ca\/#\/schema\/logo\/image\/"},"sameAs":["https:\/\/www.facebook.com\/institutocefer\/","https:\/\/twitter.com\/institutocefer"]}]}},"_links":{"self":[{"href":"https:\/\/www.institutocefer.com\/ca\/wp-json\/wp\/v2\/pages\/10253"}],"collection":[{"href":"https:\/\/www.institutocefer.com\/ca\/wp-json\/wp\/v2\/pages"}],"about":[{"href":"https:\/\/www.institutocefer.com\/ca\/wp-json\/wp\/v2\/types\/page"}],"author":[{"embeddable":true,"href":"https:\/\/www.institutocefer.com\/ca\/wp-json\/wp\/v2\/users\/1"}],"replies":[{"embeddable":true,"href":"https:\/\/www.institutocefer.com\/ca\/wp-json\/wp\/v2\/comments?post=10253"}],"version-history":[{"count":1,"href":"https:\/\/www.institutocefer.com\/ca\/wp-json\/wp\/v2\/pages\/10253\/revisions"}],"predecessor-version":[{"id":10254,"href":"https:\/\/www.institutocefer.com\/ca\/wp-json\/wp\/v2\/pages\/10253\/revisions\/10254"}],"wp:attachment":[{"href":"https:\/\/www.institutocefer.com\/ca\/wp-json\/wp\/v2\/media?parent=10253"}],"curies":[{"name":"wp","href":"https:\/\/api.w.org\/{rel}","templated":true}]}}